{"id":8797,"date":"2020-02-21T13:01:11","date_gmt":"2020-02-21T13:01:11","guid":{"rendered":"https:\/\/www.raceroom.com\/?page_id=8797"},"modified":"2020-03-11T17:59:39","modified_gmt":"2020-03-11T17:59:39","slug":"tuning-world-bodensee-esports-arena-2020","status":"publish","type":"page","link":"https:\/\/www.raceroom.com\/en\/tuning-world-bodensee-esports-arena-2020\/","title":{"rendered":"Tuning World Bodensee Esports Arena 2020"},"content":{"rendered":"<div class=\"wpb-content-wrapper\"><p>[vc_row][vc_column][vc_column_text]<\/p>\n<h2><span style=\"color: #ff0000;\">Tuning World Bodensee cancelled!<\/span><\/h2>\n<h3><span style=\"color: #ff0000;\">Unfortunately, the Tuning World Bodensee has been cancelled, due to the Corona virus.<\/span><br \/>\n<span style=\"color: #ff0000;\">Therefore, our Esports Event also cannot take place there.<\/span><br \/>\n<span style=\"color: #ff0000;\">We are very sorry for this, since we were looking forward to a great event, but unfortunately it is out of our control.<\/span><\/h3>\n<div class=\"text_exposed_show\">\n<h3><span style=\"color: #ff0000;\">&#8211; The German RaceRoom Championship will continue as planned. All online races and streams will continue. The final races will be held online on 1. May. The prize money will be paid out. The two onsite-qualifiers in the RaceRoom Caf\u00e9s at B\u00f6blingen and N\u00fcrburgring will also continue. Each caf\u00e9 will host their own final (information on the dates will be announced by the locations), and pay out 50% of the caf\u00e9 prize money.<\/span><br \/>\n<span style=\"color: #ff0000;\">&#8211; The ADAC GT Masters Esports Championship will continue as planned. More detailed information about the schedule will follow in due time.<\/span><br \/>\n<span style=\"color: #ff0000;\">&#8211; The Endurance Team Challenge (4h race) is cancelled. We will try our best to host another 4h race in the future.<\/span><\/h3>\n<\/div>\n<p>[\/vc_column_text][vc_single_image image=&#8221;8812&#8243; img_size=&#8221;full&#8221;][\/vc_column][\/vc_row][vc_row][vc_column][vc_video link=&#8221;https:\/\/youtu.be\/5ofPwmUoOVI&#8221;][\/vc_column][\/vc_row][vc_row][vc_column][vc_column_text]<\/p>\n<h2>The location &#8211; A paradise for car enthusiasts<\/h2>\n<p>[\/vc_column_text][vc_column_text]The Tuning World Bodensee is one of the biggest exhibitions for car enthusiasts in Germany. You will experience 3 days of action in the south of Germany, right near the Alps and the border to Austria and Switzerland. <strong>Over 1000 cars are on display<\/strong>, from dynamic high performance sportscars to the most extremely modified, tuned vehicles. In addition, there will be <strong>several shows<\/strong>, for example drift shows. From what we heard, there will also be quite some beautiful girls &#8211; either way:\u00a0<strong>Over 100.000 visitors each year <\/strong>can&#8217;t be wrong.<\/p>\n<p>&nbsp;<\/p>\n<p>Make sure to check out the <a href=\"http:\/\/www.tuningworldbodensee.de\">Tuning World Bodensee Website<\/a> to find out more![\/vc_column_text][vc_single_image image=&#8221;8146&#8243; img_size=&#8221;full&#8221;][\/vc_column][\/vc_row][vc_row][vc_column][vc_column_text]<\/p>\n<h2>Championships and Format &#8211; Four in one!<\/h2>\n<p>[\/vc_column_text][vc_column_text]What if there is not just one event, or two, but <strong>four events in one<\/strong>? Read up on some of the stuff that is coming up at the Tuning World Bodensee this year, and how you can get there.<\/p>\n<p>&nbsp;<\/p>\n<p><strong>Secure your place on the stage before the event already!<\/strong><\/p>\n<ul>\n<li>You can qualify online, or in the <a href=\"https:\/\/www.raceroom.com\/de\/racerooms\/\">RaceRoom Caf\u00e9s<\/a>, for a place on the grid! Start your RaceRoom and get ready!<\/li>\n<\/ul>\n<p>&nbsp;<\/p>\n<p><strong>A race for everyone<\/strong><\/p>\n<ul>\n<li>There are plenty of opportunities to secure your place in the final. Our German Championship will feature races for drivers with A, B, C and D leaderboard rank, while in the team race, there will be a Trophy for semi-pro and amateur teams. And competing with your teammates on a big stage, sitting right next to your competitors, is certainly a feeling you do not want to miss!<\/li>\n<\/ul>\n<p>&nbsp;<\/p>\n<p><strong>Become the star of the show&#8230; or simply enjoy watching it!<\/strong><\/p>\n<ul>\n<li>We will put together a big stage once again in the Esports Arena, directly at the Tuning World Bodensee. There will be live commentary, a live stream and a spectator area with a big screen at the event!<\/li>\n<\/ul>\n<p>&nbsp;<\/p>\n<p><strong>Experience high end simulators<\/strong><\/p>\n<ul>\n<li>There will be a simulator park, with high end TrackTime simulators with Ascher steering wheels, where you can try it out and drive for fun &#8211; free of charge!<\/li>\n<\/ul>\n<p>[\/vc_column_text][vc_single_image image=&#8221;8144&#8243; img_size=&#8221;full&#8221;][vc_column_text]Take a look at what is planned:[\/vc_column_text][\/vc_column][\/vc_row][vc_row][vc_column width=&#8221;1\/4&#8243;][vc_single_image image=&#8221;8804&#8243; img_size=&#8221;full&#8221;][vc_column_text]<strong>RaceRoom Tuning Club Challenge &#8211; Thursday 30. April<\/strong><\/p>\n<p>Tuning Clubs throughout Germany and Europe have made the Tuning World Bodensee what it is today, with their enthusiasm and passion for cars! But are the tuners fast in the simulator? Which club has the best RaceRoom drivers?<\/p>\n<p>A team race on Hockenheim, exclusive for Tuning Club members, will answer this question. Certainly a race to watch &#8211; the atmosphere and enthusiasm on the grandstands was a highlight last year![\/vc_column_text][\/vc_column][vc_column width=&#8221;1\/4&#8243;][vc_single_image image=&#8221;8802&#8243; img_size=&#8221;full&#8221;][vc_column_text]<strong>Deutsche RaceRoom Meisterschaft &#8211; Friday 1st May<\/strong><\/p>\n<p>A championship only for RaceRoom drivers from Germany, and a brand new format that allows drivers from every skill level to compete in a high-class tournament.<\/p>\n<p>Drivers with A, B, C and D license will participate in the final, each in their own class and each with a different car. In addition, you can qualify in the RaceRoom Caf\u00e9s in <a href=\"https:\/\/www.raceroom.com\/de\/?post_type=dhsv_eracing&#038;p=8567\">B\u00f6blingen (Region Stuttgart)<\/a> and <a href=\"https:\/\/www.raceroom.com\/de\/racerooms\/raceroom-cafe\/\">N\u00fcrburgring<\/a> for another race in the final.<\/p>\n<p>A total prizepool of 5000 \u20ac and several thousand vRP are on offer, split over all divisions!<\/p>\n<p>&nbsp;<\/p>\n<p><strong><a href=\"http:\/\/game.raceroom.com\/championships\/46\">Join the competition now!<\/a><\/strong><\/p>\n<p>Info on the Caf\u00e9 qualifiers follow on March 5th.[\/vc_column_text][\/vc_column][vc_column width=&#8221;1\/4&#8243;][vc_single_image image=&#8221;8800&#8243; img_size=&#8221;full&#8221;][vc_column_text]<strong>Endurance Team Challenge &#8211; Saturday 2nd May<\/strong><\/p>\n<p>Like in the past year, we will host a team endurance event, with the focus on teamplay, driver swaps and strategy. 24 teams will compete on the legendary virtual Nordschleife!<\/p>\n<p>Do you want to join? You can register your team here &#8211; it&#8217;s free! If we have more than 24 team entries, the combined leaderboard times of all 3 drivers are the deciding factor. So if you want to have a safe place in the final, get your laptimes in as soon as possible! We also have a special Trophy for amateur and semi-pro teams this year! 5000 \u20ac prize money are on offer for the overall classification, while Trophy teams can compete for their own custom livery in RaceRoom and thousands of vRP!<\/p>\n<p>&nbsp;<\/p>\n<p><strong><a href=\"http:\/\/game.raceroom.com\/championships\/45\">Join the competition now!<\/a><\/strong><\/p>\n<p><a href=\"https:\/\/www.raceroom.com\/en\/endurance-team-challenge-2020\/\"><strong>Register your team!<\/strong><\/a>[\/vc_column_text][\/vc_column][vc_column width=&#8221;1\/4&#8243;][vc_single_image image=&#8221;8806&#8243; img_size=&#8221;full&#8221;][vc_column_text]<strong>ADAC GT Masters Esports Championship &#8211; Sunday 3rd May<\/strong><\/p>\n<p>The ADAC GT Masters Esports Championship has its biggest season yet, with prizes worth 80,000 \u20ac, 5 LAN events and battles of the best simracers on the planet.<\/p>\n<p>The second race of the season will take place at the Tuning World Bodensee, and the drivers will race at Autodrom Most!<\/p>\n<p>Currently the qualification for the main season is in progress, where you can get one of 20 full-season entries! In addition, 4 extra spots for guest drivers will be up for grabs, in a competition starting shortly before the event!<\/p>\n<p>&nbsp;<\/p>\n<p><strong><a href=\"http:\/\/game.raceroom.com\/championships\/44\">Join the competition now!<br \/>\n<\/a><\/strong>[\/vc_column_text][\/vc_column][\/vc_row][vc_row][vc_column][vc_single_image image=&#8221;8152&#8243; img_size=&#8221;full&#8221;][vc_column_text]<\/p>\n<h2>Travelling and accomodation<\/h2>\n<p>[\/vc_column_text][vc_column_text]<strong>Where is it?<\/strong><\/p>\n<p>The Tuning World Bodensee is located in Friedrichshafen, in the south of Germany, right at the border of Austria and Switzerland. With this central location, it&#8217;s good to reach from plenty other European countries (Italy, France, Slovenia) and you can also perfectly combine it with a trip to the Alps.<\/p>\n<p>&nbsp;<\/p>\n<p><strong>What does it cost?<\/strong><\/p>\n<ul>\n<li><strong>Travel costs have to be paid by the participant.<\/strong><\/li>\n<li>The <strong>entrance to the Tuning World Bodensee is free for all qualified drivers.\u00a0<\/strong>Visitors, fans and friends of the drivers have to get their tickets &#8211; make sure to get them on the <a href=\"http:\/\/www.tuningworldbodensee.de\/twb-de\/besucher\/oeffnungszeiten-preise.php\">Website of the Tuning World Bodensee!<\/a><\/li>\n<\/ul>\n<p>&nbsp;<\/p>\n<p><strong>Looking for a hotel or more information?<\/strong><\/p>\n<p>The <a href=\"http:\/\/www.tuningworldbodensee.de\/twb-de\/anreise-unterkunft\/index.php\">website of the Tuning World Bodensee<\/a> contains all information about the location, parking, different ways of travelling to the location as well as information about camping during the weekend of the event. Thousands of car enthusiasts are celebrating, why are you not joining them?[\/vc_column_text][\/vc_column][\/vc_row][vc_row][vc_column][vc_single_image image=&#8221;8125&#8243; img_size=&#8221;full&#8221;][vc_column_text]<\/p>\n<h2>Schedule<\/h2>\n<p>[\/vc_column_text][vc_column_text]<strong>Thursday, 30.4.<\/strong><\/p>\n<p>10:30 &#8211; 18:00 TrackTime \/ Ascher Simulator park open for public<\/p>\n<p>16:30 &#8211; 17:30 RaceRoom Tuning Club Challenge Final<\/p>\n<p>&nbsp;<\/p>\n<p><strong>Friday, 1.5.<\/strong><\/p>\n<p>10:30 &#8211; 18:00 TrackTime \/ Ascher Simulator park open for public<\/p>\n<p>10:30 &#8211; 18:00 All 5 final races of the Deutsche RaceRoom Meisterschaft (exact schedule tba)<\/p>\n<p>&nbsp;<\/p>\n<p><strong>Saturday, 2.5.<\/strong><\/p>\n<p>10:30 &#8211; 18:00 TrackTime \/ Ascher Simulator park open for public<\/p>\n<p>13:00 &#8211; 17:30 Endurance Team Challenge 4h Race<\/p>\n<p>&nbsp;<\/p>\n<p><strong>Sunday, 3.5<\/strong><\/p>\n<p>10:30 &#8211; 18:00 TrackTime \/ Ascher Simulator park open for public<\/p>\n<p>tba &#8211; ADAC GT Masters Esports Championship R2 Autodrom Most[\/vc_column_text][\/vc_column][\/vc_row][vc_row][vc_column][vc_column_text]<\/p>\n<h2>FAQ<\/h2>\n<p>[\/vc_column_text][vc_accordion][vc_accordion_tab title=&#8221;What are the sporting rules and regulations?&#8221;][vc_column_text]<a href=\"https:\/\/www.raceroom.com\/wp-content\/uploads\/2020\/02\/Rulebook-ADAC-GT-Masters-Shootout-2020-1.02.pdf\">ADAC GT Masters Esports Rulebook<\/a><\/p>\n<p><a href=\"https:\/\/www.raceroom.com\/wp-content\/uploads\/2020\/02\/Deutsche-RaceRoom-Meisterschaft-Fr\u00fchjahr-2020-Regelwerk-1.0.pdf\">Deutsche RaceRoom Meisterschaft Rulebook<\/a><\/p>\n<p><a href=\"https:\/\/www.raceroom.com\/wp-content\/uploads\/2020\/02\/Endurance-Team-Challenge-2020-Rulebook-1.0.pdf\">Endurance Team Challenge Rulebook<\/a><\/p>\n<p><a href=\"https:\/\/www.raceroom.com\/wp-content\/uploads\/2020\/01\/RaceRoom-General-Competition-Rules-1.0-1.pdf\">General RaceRoom Competition Rulebook<\/a>[\/vc_column_text][\/vc_accordion_tab][vc_accordion_tab title=&#8221;Which equipment and settings will be used?&#8221;][vc_column_text]<u>Contestants will race on:<\/u><\/p>\n<p>&#8211; RaceRoom GameSeats (not Motion)<\/p>\n<p>&#8211; SimuCUBE with Martin Ascher Steering Wheel<\/p>\n<p>&#8211; Heusinkveld Sim Pedals Sprint (Min Force 5kg, Full braking force 50kg)<\/p>\n<p>&#8211; Lenovo Think Monitor Widescreen<\/p>\n<p>&#8211; Lenovo Computers that are good enough to run high graphics settings[\/vc_column_text][\/vc_accordion_tab][vc_accordion_tab title=&#8221;How much does it cost to participate in the event?&#8221;][vc_column_text]Nothing :)[\/vc_column_text][\/vc_accordion_tab][vc_accordion_tab title=&#8221;Where can I watch the races?&#8221;][vc_column_text]All races will be streamed live on the <a href=\"https:\/\/www.youtube.com\/RaceRoomRacing\">YouTube<\/a> and <a href=\"https:\/\/www.twitch.tv\/raceroomracingexperience\">Twitch<\/a> channel of RaceRoom.[\/vc_column_text][\/vc_accordion_tab][vc_accordion_tab title=&#8221;I am from the press and I want to cover this event. What can I do?&#8221;][vc_column_text]All information and pictures are free to use. We are happy if you report about our events and activities!<\/p>\n<p>For further info, please contact us at <a href=\"mailto:competition@raceroom.com\">competition@raceroom.com<\/a>[\/vc_column_text][\/vc_accordion_tab][vc_accordion_tab title=&#8221;I am interested in sponsoring this event. How can I make it happen?&#8221;][vc_column_text]Sponsors are always welcome, and we can make sure to generate a huge amount of exposure for your brand! Get in touch with us\u00a0at\u00a0<a href=\"mailto:competition@raceroom.com\">competition@raceroom.com<\/a>[\/vc_column_text][\/vc_accordion_tab][vc_accordion_tab title=&#8221;I want to find other drivers or fans for travelling, or teaming up&#8221;][vc_column_text]You can find other drivers in our <a href=\"https:\/\/forum.sector3studios.com\/index.php?forums\/tuning-world-bodensee-2019.122\/\">discussion forum<\/a>, or you can send a mail to <a href=\"mailto:competition@raceroom.com\">competition@raceroom.com<\/a>, so that we put you in touch.[\/vc_column_text][\/vc_accordion_tab][vc_accordion_tab title=&#8221;My question has not been answered. What now?&#8221;][vc_column_text]Contact us via mail to <a href=\"mailto:competition@raceroom.com\">competition@raceroom.com<\/a>[\/vc_column_text][\/vc_accordion_tab][\/vc_accordion][\/vc_column][\/vc_row]<\/p>\n<\/div>","protected":false},"excerpt":{"rendered":"<p>[vc_row][vc_column][vc_column_text] Tuning World Bodensee cancelled! Unfortunately, the Tuning World Bodensee has been cancelled, due to the Corona virus. Therefore, our [&hellip;]<\/p>\n","protected":false},"author":3,"featured_media":8808,"parent":0,"menu_order":0,"comment_status":"closed","ping_status":"closed","template":"","meta":{"footnotes":""},"class_list":["post-8797","page","type-page","status-publish","has-post-thumbnail","hentry"],"yoast_head":"<!-- This site is optimized with the Yoast SEO plugin v25.2 - https:\/\/yoast.com\/wordpress\/plugins\/seo\/ -->\n<title>Tuning World Bodensee Esports Arena 2020 - RaceRoom.com<\/title>\n<meta name=\"description\" content=\"Come to the next RaceRoom Esports Event - this time at the Tuning World Bodensee (April 30th to May 3rd). Try out high-end simulators and watch the finals!\" \/>\n<meta name=\"robots\" content=\"index, follow, max-snippet:-1, max-image-preview:large, max-video-preview:-1\" \/>\n<link rel=\"canonical\" href=\"https:\/\/www.raceroom.com\/en\/tuning-world-bodensee-esports-arena-2020\/\" \/>\n<meta property=\"og:locale\" content=\"en_US\" \/>\n<meta property=\"og:type\" content=\"article\" \/>\n<meta property=\"og:title\" content=\"Tuning World Bodensee Esports Arena 2020 - RaceRoom.com\" \/>\n<meta property=\"og:description\" content=\"Come to the next RaceRoom Esports Event - this time at the Tuning World Bodensee (April 30th to May 3rd). Try out high-end simulators and watch the finals!\" \/>\n<meta property=\"og:url\" content=\"https:\/\/www.raceroom.com\/en\/tuning-world-bodensee-esports-arena-2020\/\" \/>\n<meta property=\"og:site_name\" content=\"RaceRoom.com\" \/>\n<meta property=\"article:modified_time\" content=\"2020-03-11T17:59:39+00:00\" \/>\n<meta property=\"og:image\" content=\"https:\/\/www.raceroom.com\/wp-content\/uploads\/2020\/02\/TWB-key-visual-1920x1080-1.jpg\" \/>\n\t<meta property=\"og:image:width\" content=\"1920\" \/>\n\t<meta property=\"og:image:height\" content=\"1080\" \/>\n\t<meta property=\"og:image:type\" content=\"image\/jpeg\" \/>\n<meta name=\"twitter:label1\" content=\"Est. reading time\" \/>\n\t<meta name=\"twitter:data1\" content=\"9 minutes\" \/>\n<script type=\"application\/ld+json\" class=\"yoast-schema-graph\">{\"@context\":\"https:\/\/schema.org\",\"@graph\":[{\"@type\":\"WebPage\",\"@id\":\"https:\/\/www.raceroom.com\/en\/tuning-world-bodensee-esports-arena-2020\/\",\"url\":\"https:\/\/www.raceroom.com\/en\/tuning-world-bodensee-esports-arena-2020\/\",\"name\":\"Tuning World Bodensee Esports Arena 2020 - RaceRoom.com\",\"isPartOf\":{\"@id\":\"https:\/\/www.raceroom.com\/en\/#website\"},\"primaryImageOfPage\":{\"@id\":\"https:\/\/www.raceroom.com\/en\/tuning-world-bodensee-esports-arena-2020\/#primaryimage\"},\"image\":{\"@id\":\"https:\/\/www.raceroom.com\/en\/tuning-world-bodensee-esports-arena-2020\/#primaryimage\"},\"thumbnailUrl\":\"https:\/\/www.raceroom.com\/wp-content\/uploads\/2020\/02\/TWB-key-visual-1920x1080-1.jpg\",\"datePublished\":\"2020-02-21T13:01:11+00:00\",\"dateModified\":\"2020-03-11T17:59:39+00:00\",\"description\":\"Come to the next RaceRoom Esports Event - this time at the Tuning World Bodensee (April 30th to May 3rd). Try out high-end simulators and watch the finals!\",\"breadcrumb\":{\"@id\":\"https:\/\/www.raceroom.com\/en\/tuning-world-bodensee-esports-arena-2020\/#breadcrumb\"},\"inLanguage\":\"en-US\",\"potentialAction\":[{\"@type\":\"ReadAction\",\"target\":[\"https:\/\/www.raceroom.com\/en\/tuning-world-bodensee-esports-arena-2020\/\"]}]},{\"@type\":\"ImageObject\",\"inLanguage\":\"en-US\",\"@id\":\"https:\/\/www.raceroom.com\/en\/tuning-world-bodensee-esports-arena-2020\/#primaryimage\",\"url\":\"https:\/\/www.raceroom.com\/wp-content\/uploads\/2020\/02\/TWB-key-visual-1920x1080-1.jpg\",\"contentUrl\":\"https:\/\/www.raceroom.com\/wp-content\/uploads\/2020\/02\/TWB-key-visual-1920x1080-1.jpg\",\"width\":1920,\"height\":1080},{\"@type\":\"BreadcrumbList\",\"@id\":\"https:\/\/www.raceroom.com\/en\/tuning-world-bodensee-esports-arena-2020\/#breadcrumb\",\"itemListElement\":[{\"@type\":\"ListItem\",\"position\":1,\"name\":\"Startseite\",\"item\":\"https:\/\/www.raceroom.com\/en\/\"},{\"@type\":\"ListItem\",\"position\":2,\"name\":\"Tuning World Bodensee Esports Arena 2020\"}]},{\"@type\":\"WebSite\",\"@id\":\"https:\/\/www.raceroom.com\/en\/#website\",\"url\":\"https:\/\/www.raceroom.com\/en\/\",\"name\":\"RaceRoom.com\",\"description\":\"RaceRoom Racing Experience\",\"potentialAction\":[{\"@type\":\"SearchAction\",\"target\":{\"@type\":\"EntryPoint\",\"urlTemplate\":\"https:\/\/www.raceroom.com\/en\/?s={search_term_string}\"},\"query-input\":{\"@type\":\"PropertyValueSpecification\",\"valueRequired\":true,\"valueName\":\"search_term_string\"}}],\"inLanguage\":\"en-US\"}]}<\/script>\n<!-- \/ Yoast SEO plugin. -->","yoast_head_json":{"title":"Tuning World Bodensee Esports Arena 2020 - RaceRoom.com","description":"Come to the next RaceRoom Esports Event - this time at the Tuning World Bodensee (April 30th to May 3rd). Try out high-end simulators and watch the finals!","robots":{"index":"index","follow":"follow","max-snippet":"max-snippet:-1","max-image-preview":"max-image-preview:large","max-video-preview":"max-video-preview:-1"},"canonical":"https:\/\/www.raceroom.com\/en\/tuning-world-bodensee-esports-arena-2020\/","og_locale":"en_US","og_type":"article","og_title":"Tuning World Bodensee Esports Arena 2020 - RaceRoom.com","og_description":"Come to the next RaceRoom Esports Event - this time at the Tuning World Bodensee (April 30th to May 3rd). Try out high-end simulators and watch the finals!","og_url":"https:\/\/www.raceroom.com\/en\/tuning-world-bodensee-esports-arena-2020\/","og_site_name":"RaceRoom.com","article_modified_time":"2020-03-11T17:59:39+00:00","og_image":[{"width":1920,"height":1080,"url":"https:\/\/www.raceroom.com\/wp-content\/uploads\/2020\/02\/TWB-key-visual-1920x1080-1.jpg","type":"image\/jpeg"}],"twitter_misc":{"Est. reading time":"9 minutes"},"schema":{"@context":"https:\/\/schema.org","@graph":[{"@type":"WebPage","@id":"https:\/\/www.raceroom.com\/en\/tuning-world-bodensee-esports-arena-2020\/","url":"https:\/\/www.raceroom.com\/en\/tuning-world-bodensee-esports-arena-2020\/","name":"Tuning World Bodensee Esports Arena 2020 - RaceRoom.com","isPartOf":{"@id":"https:\/\/www.raceroom.com\/en\/#website"},"primaryImageOfPage":{"@id":"https:\/\/www.raceroom.com\/en\/tuning-world-bodensee-esports-arena-2020\/#primaryimage"},"image":{"@id":"https:\/\/www.raceroom.com\/en\/tuning-world-bodensee-esports-arena-2020\/#primaryimage"},"thumbnailUrl":"https:\/\/www.raceroom.com\/wp-content\/uploads\/2020\/02\/TWB-key-visual-1920x1080-1.jpg","datePublished":"2020-02-21T13:01:11+00:00","dateModified":"2020-03-11T17:59:39+00:00","description":"Come to the next RaceRoom Esports Event - this time at the Tuning World Bodensee (April 30th to May 3rd). Try out high-end simulators and watch the finals!","breadcrumb":{"@id":"https:\/\/www.raceroom.com\/en\/tuning-world-bodensee-esports-arena-2020\/#breadcrumb"},"inLanguage":"en-US","potentialAction":[{"@type":"ReadAction","target":["https:\/\/www.raceroom.com\/en\/tuning-world-bodensee-esports-arena-2020\/"]}]},{"@type":"ImageObject","inLanguage":"en-US","@id":"https:\/\/www.raceroom.com\/en\/tuning-world-bodensee-esports-arena-2020\/#primaryimage","url":"https:\/\/www.raceroom.com\/wp-content\/uploads\/2020\/02\/TWB-key-visual-1920x1080-1.jpg","contentUrl":"https:\/\/www.raceroom.com\/wp-content\/uploads\/2020\/02\/TWB-key-visual-1920x1080-1.jpg","width":1920,"height":1080},{"@type":"BreadcrumbList","@id":"https:\/\/www.raceroom.com\/en\/tuning-world-bodensee-esports-arena-2020\/#breadcrumb","itemListElement":[{"@type":"ListItem","position":1,"name":"Startseite","item":"https:\/\/www.raceroom.com\/en\/"},{"@type":"ListItem","position":2,"name":"Tuning World Bodensee Esports Arena 2020"}]},{"@type":"WebSite","@id":"https:\/\/www.raceroom.com\/en\/#website","url":"https:\/\/www.raceroom.com\/en\/","name":"RaceRoom.com","description":"RaceRoom Racing Experience","potentialAction":[{"@type":"SearchAction","target":{"@type":"EntryPoint","urlTemplate":"https:\/\/www.raceroom.com\/en\/?s={search_term_string}"},"query-input":{"@type":"PropertyValueSpecification","valueRequired":true,"valueName":"search_term_string"}}],"inLanguage":"en-US"}]}},"_links":{"self":[{"href":"https:\/\/www.raceroom.com\/en\/wp-json\/wp\/v2\/pages\/8797","targetHints":{"allow":["GET"]}}],"collection":[{"href":"https:\/\/www.raceroom.com\/en\/wp-json\/wp\/v2\/pages"}],"about":[{"href":"https:\/\/www.raceroom.com\/en\/wp-json\/wp\/v2\/types\/page"}],"author":[{"embeddable":true,"href":"https:\/\/www.raceroom.com\/en\/wp-json\/wp\/v2\/users\/3"}],"replies":[{"embeddable":true,"href":"https:\/\/www.raceroom.com\/en\/wp-json\/wp\/v2\/comments?post=8797"}],"version-history":[{"count":0,"href":"https:\/\/www.raceroom.com\/en\/wp-json\/wp\/v2\/pages\/8797\/revisions"}],"wp:featuredmedia":[{"embeddable":true,"href":"https:\/\/www.raceroom.com\/en\/wp-json\/wp\/v2\/media\/8808"}],"wp:attachment":[{"href":"https:\/\/www.raceroom.com\/en\/wp-json\/wp\/v2\/media?parent=8797"}],"curies":[{"name":"wp","href":"https:\/\/api.w.org\/{rel}","templated":true}]}}