{"id":8834,"date":"2020-03-11T10:14:32","date_gmt":"2020-03-11T10:14:32","guid":{"rendered":"https:\/\/www.raceroom.com\/?page_id=8834"},"modified":"2020-03-11T17:58:36","modified_gmt":"2020-03-11T17:58:36","slug":"tuning-world-bodensee-esports-arena-2020","status":"publish","type":"page","link":"https:\/\/www.raceroom.com\/de\/tuning-world-bodensee-esports-arena-2020\/","title":{"rendered":"Tuning World Bodensee Esports Arena 2020"},"content":{"rendered":"<div class=\"wpb-content-wrapper\"><p>[vc_row][vc_column][vc_column_text]<\/p>\n<h2><span style=\"color: #ff0000;\"><strong>Tuning World Bodensee abgesagt!<\/strong><\/span><\/h2>\n<h3><span style=\"color: #ff0000;\">Leider wurde die Tuning World Bodensee aufgrund des Corona-Virus abgesagt. Damit kann leider auch nicht unser Esports-Event stattfinden.<\/span><\/h3>\n<h3><span style=\"color: #ff0000;\">Das tut uns sehr leid, da wir uns bereits sehr auf das Event gefreut haben, aber leider ist diese Entscheidung au\u00dferhalb unserer Kontrolle.<\/span><\/h3>\n<div class=\"text_exposed_show\">\n<h3><span style=\"color: #ff0000;\">&#8211; Die Deutsche RaceRoom Meisterschaft wird wie geplant fortgesetzt. Alle Onlinerennen und Streams finden statt. Das Finale wird online am 1. Mai ausgetragen. Das Preisgeld wird wie geplant ausgezahlt. Die 2 Caf\u00e9 Qualifier in B\u00f6blingen und am N\u00fcrburgring laufen ebenfalls weiter. Beide Caf\u00e9s richten ihr eigenes Finale aus (Informationen folgen in den Caf\u00e9s zeitnah) und zahlen jeweils 50% des Preisgeldes aus.<\/span><br \/>\n<span style=\"color: #ff0000;\">&#8211; Die ADAC GT Masters Esports Championship l\u00e4uft wie geplant weiter. Weitere Informationen gibt es zeitnah.<\/span><br \/>\n<span style=\"color: #ff0000;\">&#8211; Die Endurance Team Challenge (4 Stunden Rennen) ist abgesagt. Wir versuchen, sobald wie m\u00f6glich erneut ein 4 Stunden Rennen zu organisieren.<\/span><\/h3>\n<\/div>\n<p>[\/vc_column_text][vc_single_image image=&#8220;8812&#8243; img_size=&#8220;full&#8220;][\/vc_column][\/vc_row][vc_row][vc_column][vc_video link=&#8220;https:\/\/youtu.be\/5ofPwmUoOVI&#8220;][\/vc_column][\/vc_row][vc_row][vc_column][vc_column_text]<\/p>\n<h2>Die Location &#8211; Ein Paradies f\u00fcr Autoliebhaber<\/h2>\n<p>[\/vc_column_text][vc_column_text]<\/p>\n<div class=\"tlid-input input\">\n<div class=\"source-wrap\">\n<div class=\"input-full-height-wrapper tlid-input-full-height-wrapper\">\n<div class=\"source-input\">\n<div class=\"source-footer-wrap source-or-target-footer\">\n<div class=\"character-count tlid-character-count\"><\/div>\n<\/div>\n<\/div>\n<\/div>\n<\/div>\n<\/div>\n<div class=\"tlid-results-container results-container\">\n<div class=\"tlid-result result-dict-wrapper\">\n<div class=\"result tlid-copy-target\">\n<div class=\"result-header\">\n<div class=\"starbutton jfk-button-flat jfk-button unstarred\" tabindex=\"0\" role=\"button\" aria-label=\"\u00dcbersetzung markieren\" data-tooltip=\"\u00dcbersetzung markieren\" data-tooltip-align=\"t,c\">\n<div class=\"jfk-button-img\"><span title=\"\">Die Tuning World Bodensee ist eine der gr\u00f6\u00dften Ausstellungen f\u00fcr Autoenthusiasten in Deutschland.<\/span> <span title=\"\">Sie erleben 4 Eventtage in S\u00fcddeutschland, direkt an den Alpen und an der Grenze zu \u00d6sterreich und der Schweiz.<\/span> <span class=\"\" title=\"\">\u00dcber 1000 Autos werden ausgestellt, von dynamischen Hochleistungssportwagen bis zu den extrem modifizierten, getunten Fahrzeugen.<\/span> <span class=\"\" title=\"\">Dar\u00fcber hinaus wird es mehrere Shows geben, zum Beispiel Drift-Shows.<\/span> <span class=\"\" title=\"\">Nach dem, was wir geh\u00f6rt haben, wird es auch einige sch\u00f6ne M\u00e4dchen geben &#8211; so oder so: \u00dcber 100.000 Besucher pro Jahr k\u00f6nnen sich nicht irren.<\/span><\/div>\n<div><\/div>\n<div><\/div>\n<\/div>\n<\/div>\n<\/div>\n<\/div>\n<\/div>\n<p>Schauen Sie auf die <a href=\"http:\/\/www.tuningworldbodensee.de\">Tuning World Bodensee Website<\/a>, um mehr herauszufinden![\/vc_column_text][vc_single_image image=&#8220;8146&#8243; img_size=&#8220;full&#8220;][\/vc_column][\/vc_row][vc_row][vc_column][vc_column_text]<\/p>\n<h2>Meisterschaften und Format &#8211; Vier in Einem!<\/h2>\n<p>[\/vc_column_text][vc_column_text]Wie w\u00e4re es, wenn es nicht nur ein oder zwei Events gibt, sondern vier Events in einem? Informieren Sie sich \u00fcber das, was dieses Jahr auf der Tuning World Bodensee passieren wird, und wie Sie dorthin kommen k\u00f6nnen.<\/p>\n<p>&nbsp;<\/p>\n<p><strong>Sichern Sie sich bereits vor der Veranstaltung Ihren Platz im Rennen!<\/strong><\/p>\n<ul>\n<li>Sie k\u00f6nnen sich online oder in den <a href=\"https:\/\/www.raceroom.com\/de\/racerooms\/\">RaceRoom Caf\u00e9s<\/a> f\u00fcr einen Platz in der Startaufstellung qualifizieren! Starten Sie RaceRoom und machen Sie sich bereit!<\/li>\n<\/ul>\n<p>&nbsp;<\/p>\n<p><strong>F\u00fcr jeden das richtige Rennen<\/strong><\/p>\n<ul>\n<li>Es gibt viele M\u00f6glichkeiten, sich Ihren Platz im Finale zu sichern. Unsere deutsche Meisterschaft wird Rennen f\u00fcr Fahrer mit A-, B-, C- und D-Rank beinhalten, w\u00e4hrend es im Teamrennen eine Troph\u00e4e f\u00fcr Semi-Pro und Amateur-Teams gibt. Und mit Ihren Teamkollegen auf einer gro\u00dfen B\u00fchne direkt neben Ihren Konkurrenten zu konkurrieren, ist sicherlich ein Gef\u00fchl, das Sie nicht missen m\u00f6chten!<\/li>\n<\/ul>\n<p>&nbsp;<\/p>\n<p><strong>Werden Sie zum Star der Show &#8230; oder genie\u00dfen Sie es einfach, zuzuschauen!<\/strong><\/p>\n<ul>\n<li>Wir werden wieder eine gro\u00dfe B\u00fchne in der Esports Arena direkt auf der Tuning World Bodensee zusammenstellen. Es wird Live-Kommentar, einen Live-Stream und einen Zuschauerbereich mit einer gro\u00dfen Leinwand geben!<\/li>\n<\/ul>\n<p>&nbsp;<\/p>\n<p><strong>Erleben sie High-End Simulatoren<\/strong><\/p>\n<ul>\n<li>Es wird einen Simulatorpark mit High-End-TrackTime-Simulatoren mit Ascher-Lenkr\u00e4dern geben, in dem Sie es ausprobieren und zum Spa\u00df fahren k\u00f6nnen &#8211; kostenlos!<\/li>\n<\/ul>\n<p>[\/vc_column_text][vc_single_image image=&#8220;8144&#8243; img_size=&#8220;full&#8220;][vc_column_text]Schauen Sie sich an, was geplant ist:[\/vc_column_text][\/vc_column][\/vc_row][vc_row][vc_column width=&#8220;1\/4&#8243;][vc_single_image image=&#8220;8804&#8243; img_size=&#8220;full&#8220;][vc_column_text]<strong>RaceRoom Tuning Club Challenge &#8211; Donnerstag, 30. April<\/strong><\/p>\n<p>Tuning Clubs in ganz Deutschland und Europa haben die Tuning World Bodensee mit ihrer Begeisterung und Leidenschaft f\u00fcr Autos zu dem gemacht, was sie heute ist! Aber sind die Tuner im Simulator schnell? Welcher Club hat die besten RaceRoom-Fahrer?<\/p>\n<p>Ein Teamrennen auf Hockenheim, exklusiv f\u00fcr Tuning Club-Mitglieder, wird diese Frage beantworten. Auf jeden Fall ein Rennen, welches sich anzuschauen lohnt &#8211; die Atmosph\u00e4re und die Begeisterung auf den Trib\u00fcnen waren letztes Jahr ein Highlight![\/vc_column_text][\/vc_column][vc_column width=&#8220;1\/4&#8243;][vc_single_image image=&#8220;8802&#8243; img_size=&#8220;full&#8220;][vc_column_text]<strong>Deutsche RaceRoom Meisterschaft &#8211; Freitag, 1. Mai<\/strong><\/p>\n<p>Eine Meisterschaft nur f\u00fcr RaceRoom-Fahrer aus Deutschland und ein brandneues Format, mit dem Fahrer aller Leistungsklassen an einem hochklassigen Turnier teilnehmen k\u00f6nnen.<\/p>\n<p>Fahrer mit A-, B-, C- und D-Rank nehmen am Finale teil, jeder in seiner eigenen Klasse und jeder mit einem anderen Auto. Dar\u00fcber hinaus k\u00f6nnen Sie sich in den RaceRoom Caf\u00e9s in <a href=\"https:\/\/www.raceroom.com\/de\/?post_type=dhsv_eracing&#038;p=8567\">B\u00f6blingen (Region Stuttgart)<\/a> und am <a href=\"https:\/\/www.raceroom.com\/de\/racerooms\/raceroom-cafe\/\">N\u00fcrburgring<\/a> f\u00fcr ein weiteres Rennen im Finale qualifizieren.<\/p>\n<p>Insgesamt werden ein Preispool von 5000 \u20ac und mehrere tausend vRP angeboten, aufgeteilt auf alle Klassen!<\/p>\n<p>&nbsp;<\/p>\n<p><strong><a href=\"http:\/\/game.raceroom.com\/championships\/46\">Hier k\u00f6nnen Sie teilnehmen!<\/a><\/strong><\/p>\n<p>Informationen zu den Caf\u00e9-Qualifikationen folgen am 5. M\u00e4rz.[\/vc_column_text][\/vc_column][vc_column width=&#8220;1\/4&#8243;][vc_single_image image=&#8220;8800&#8243; img_size=&#8220;full&#8220;][vc_column_text]<strong>Endurance Team Challenge &#8211; Samstag, 2. Mai<\/strong><\/p>\n<p>Wie im vergangenen Jahr werden wir ein Langstreckenrennen veranstalten, dessen Schwerpunkt auf Teamplay, Fahrertausch und Strategie liegt. 24 Teams treten auf der legend\u00e4ren virtuellen Nordschleife an!<\/p>\n<p>M\u00f6chten Sie dabei sein? Man kann kostenlos ein Team registrieren! Wenn wir mehr als 24 Teameintr\u00e4ge haben, sind die kombinierten Bestenlistenzeiten aller 3 Fahrer der entscheidende Faktor. Wenn Sie also einen sicheren Platz im Finale haben m\u00f6chten, sollten Sie so schnell wie m\u00f6glich fahren! Wir haben dieses Jahr auch eine spezielle Troph\u00e4e f\u00fcr Amateur- und Semi-Pro-Teams! F\u00fcr die Gesamtwertung werden 5000 \u20ac Preisgeld angeboten, w\u00e4hrend Trophy-Teams um Tausende von vRP und um ihre eigene Lackierung in RaceRoom k\u00e4mpfen k\u00f6nnen!<\/p>\n<p>&nbsp;<\/p>\n<p><strong><a href=\"http:\/\/game.raceroom.com\/championships\/45\">Nehmen Sie jetzt teil!<\/a><\/strong>[\/vc_column_text][\/vc_column][vc_column width=&#8220;1\/4&#8243;][vc_single_image image=&#8220;8806&#8243; img_size=&#8220;full&#8220;][vc_column_text]<strong>ADAC GT Masters Esports Championship &#8211; Sonntag, 3. Mai<\/strong><\/p>\n<p>Die ADAC GT Masters Esports Championship hat ihre bisher gr\u00f6\u00dfte Saison mit Preisen im Wert von 80.000 \u20ac, 5 LAN-Events und Duelle der besten Simracer der Welt.<\/p>\n<p>Das zweite Rennen der Saison findet am Tuning World Bodensee statt, auf Autodrom Most!<\/p>\n<p>Derzeit l\u00e4uft die Qualifikation f\u00fcr die Hauptsaison, in der Sie einen von 20 Startpl\u00e4tzen f\u00fcr die gesamte Saison erhalten k\u00f6nnen! Zus\u00e4tzlich werden 4 zus\u00e4tzliche Pl\u00e4tze f\u00fcr Gastfahrer vergeben, in einem Wettbewerb, der kurz vor dem Event beginnt!<\/p>\n<p><strong><a href=\"http:\/\/game.raceroom.com\/championships\/44\">Nehmen Sie jetzt teil!<br \/>\n<\/a><\/strong>[\/vc_column_text][\/vc_column][\/vc_row][vc_row][vc_column][vc_single_image image=&#8220;8152&#8243; img_size=&#8220;full&#8220;][vc_column_text]<\/p>\n<h2>Reisen und Unterkunft<\/h2>\n<p>[\/vc_column_text][vc_column_text]<strong>Wo ist das?<\/strong><\/p>\n<p>Die Tuning World Bodensee befindet sich im s\u00fcddeutschen Friedrichshafen, direkt an der Grenze zwischen \u00d6sterreich und der Schweiz. Mit dieser zentralen Lage ist es gut von vielen anderen europ\u00e4ischen L\u00e4ndern (Italien, Frankreich, Slowenien) aus zu erreichen, und Sie k\u00f6nnen es auch perfekt mit einem Ausflug in die Alpen kombinieren.<\/p>\n<p>&nbsp;<\/p>\n<p><strong>Was kostet das?<\/strong><\/p>\n<ul>\n<li><strong>Die Reisekosten sind vom Teilnehmer zu tragen.<\/strong><\/li>\n<li><strong>Der Eintritt zur Tuning World Bodensee ist f\u00fcr alle qualifizierten Fahrer frei. <\/strong>Besucher, Fans und Freunde der Fahrer m\u00fcssen ihre Tickets kaufen &#8211; stellen Sie sicher, dass Sie sie auf der\u00a0<a href=\"http:\/\/www.tuningworldbodensee.de\/twb-de\/besucher\/oeffnungszeiten-preise.php\">Website der Tuning World Bodensee bekommen!<\/a><\/li>\n<\/ul>\n<p>&nbsp;<\/p>\n<p><strong>Suchen Sie ein Hotel oder weitere Informationen?<\/strong><\/p>\n<p>Die <a href=\"http:\/\/www.tuningworldbodensee.de\/twb-de\/anreise-unterkunft\/index.php\">Website der Tuning World Bodensee<\/a> enth\u00e4lt alle Informationen zum Standort, zum Parken, zu verschiedenen Reisem\u00f6glichkeiten sowie zum Camping am Wochenende der Veranstaltung. Tausende Autoenthusiasten feiern, warum schlie\u00dfen Sie sich ihnen nicht an?[\/vc_column_text][\/vc_column][\/vc_row][vc_row][vc_column][vc_single_image image=&#8220;8125&#8243; img_size=&#8220;full&#8220;][vc_column_text]<\/p>\n<h2>Zeitplan<\/h2>\n<p>[\/vc_column_text][vc_column_text]<strong>Donnerstag, 30.4.<\/strong><\/p>\n<p>10:30 &#8211; 18:00 TrackTime \/ Ascher Simulator Park f\u00fcr die \u00d6ffentlichkeit zug\u00e4nglich<\/p>\n<p>16:30 &#8211; 17:30 RaceRoom Tuning Club Challenge Finale<\/p>\n<p>&nbsp;<\/p>\n<p><strong>Freitag, 1.5.<\/strong><\/p>\n<p>10:30 &#8211; 18:00 TrackTime \/ Ascher Simulator Park f\u00fcr die \u00d6ffentlichkeit zug\u00e4nglich<\/p>\n<p>10:30 &#8211; 18:00 Alle 5 Finalrennen der Deutschen RaceRoom Meisterschaft (genauer Zeitplan tba)<\/p>\n<p>&nbsp;<\/p>\n<p><strong>Samstag, 2.5.<\/strong><\/p>\n<p>10:30 &#8211; 18:00 TrackTime \/ Ascher Simulator Park f\u00fcr die \u00d6ffentlichkeit zug\u00e4nglich<\/p>\n<p>13:00 &#8211; 17:30 Endurance Team Challenge 4h Rennen<\/p>\n<p>&nbsp;<\/p>\n<p><strong>Sonntag, 3.5<\/strong><\/p>\n<p>10:30 &#8211; 18:00 TrackTime \/ Ascher Simulator Park f\u00fcr die \u00d6ffentlichkeit zug\u00e4nglich<\/p>\n<p>tba &#8211; ADAC GT Masters Esport Meisterschaft R2 Autodrom Most[\/vc_column_text][\/vc_column][\/vc_row][vc_row][vc_column][vc_column_text]<\/p>\n<h2>FAQ<\/h2>\n<p>[\/vc_column_text][vc_accordion][vc_accordion_tab title=&#8220;Was sind die sportlichen Regeln und Teilnahmebedingungen?&#8220;][vc_column_text]<a href=\"https:\/\/www.raceroom.com\/wp-content\/uploads\/2020\/02\/Rulebook-ADAC-GT-Masters-Shootout-2020-1.02.pdf\">ADAC GT Masters Esports Regelwerk<\/a><\/p>\n<p><a href=\"https:\/\/www.raceroom.com\/wp-content\/uploads\/2020\/02\/Deutsche-RaceRoom-Meisterschaft-Fr\u00fchjahr-2020-Regelwerk-1.0.pdf\">Deutsche RaceRoom Meisterschaft Regelwerk<\/a><\/p>\n<p><a href=\"https:\/\/www.raceroom.com\/wp-content\/uploads\/2020\/02\/Endurance-Team-Challenge-2020-Rulebook-1.0.pdf\">Endurance Team Challenge Regelwerk<\/a><\/p>\n<p><a href=\"https:\/\/www.raceroom.com\/wp-content\/uploads\/2020\/01\/RaceRoom-General-Competition-Rules-1.0-1.pdf\">Generelles RaceRoom Competition Regelwerk<\/a>[\/vc_column_text][\/vc_accordion_tab][vc_accordion_tab title=&#8220;Welche Simulatoren und Einstellungen werden verwendet?&#8220;][vc_column_text]Die Teilnehmer fahren mit:<\/p>\n<p>&#8211; RaceRoom GameSeats (nicht Motion)<\/p>\n<p>&#8211; SimuCUBE mit Martin Ascher Lenkrad<\/p>\n<p>&#8211; Heusinkveld Sim Pedals Sprint (Mindestkraft 5 kg, volle Bremskraft 50 kg)<\/p>\n<p>&#8211; Lenovo Think Monitor Widescreen<\/p>\n<p>&#8211; Lenovo Computer, die gut genug sind, um hohe Grafikeinstellungen auszuf\u00fchren[\/vc_column_text][\/vc_accordion_tab][vc_accordion_tab title=&#8220;Wie viel kostet die Teilnahme an der Veranstaltung?&#8220;][vc_column_text]Nichts :)[\/vc_column_text][\/vc_accordion_tab][vc_accordion_tab title=&#8220;Wo kann ich die Rennen sehen?&#8220;][vc_column_text]Alle Rennen sind live auf dem <a href=\"https:\/\/www.youtube.com\/RaceRoomRacing\">YouTube<\/a> und <a href=\"https:\/\/www.twitch.tv\/raceroomracingexperience\">Twitch<\/a> Kanal von RaceRoom.[\/vc_column_text][\/vc_accordion_tab][vc_accordion_tab title=&#8220;Ich komme von der Presse und m\u00f6chte \u00fcber diese Veranstaltung berichten. Was kann ich tun?&#8220;][vc_column_text]Alle Informationen und Bilder sind kostenlos zu verwenden. Wir freuen uns, wenn Sie \u00fcber unsere Veranstaltungen und Aktivit\u00e4ten berichten!<\/p>\n<p>F\u00fcr weitere Informationen kontaktieren Sie uns bitte unter <a href=\"mailto:competition@raceroom.com\">competition@raceroom.com<\/a>[\/vc_column_text][\/vc_accordion_tab][vc_accordion_tab title=&#8220;Ich bin daran interessiert, als Sponsor aufzutreten. Wie kann ich das erreichen?&#8220;][vc_column_text]Sponsoren sind immer willkommen, und wir k\u00f6nnen sicherstellen, dass Ihre Marke eine enorme Bekanntheit erzielt! Kontaktieren Sie uns unter <a href=\"mailto:competition@raceroom.com\">competition@raceroom.com<\/a>[\/vc_column_text][\/vc_accordion_tab][vc_accordion_tab title=&#8220;Ich m\u00f6chte andere Fahrer oder Fans f\u00fcr mein Team oder f\u00fcr die Anreise finden&#8220;][vc_column_text]Sie finden andere Fahrer in unserem <a href=\"https:\/\/forum.sector3studios.com\/index.php?forums\/tuning-world-bodensee-2019.122\/\">Forum<\/a>, oder Sie k\u00f6nnen eine Mail an <a href=\"mailto:competition@raceroom.com\">competition@raceroom.com<\/a> schicken.[\/vc_column_text][\/vc_accordion_tab][vc_accordion_tab title=&#8220;Meine Frage wurde nicht beantwortet. Was jetzt?&#8220;][vc_column_text]Kontaktieren Sie uns unter <a href=\"mailto:competition@raceroom.com\">competition@raceroom.com<\/a>[\/vc_column_text][\/vc_accordion_tab][\/vc_accordion][\/vc_column][\/vc_row]<\/p>\n<\/div>","protected":false},"excerpt":{"rendered":"<p>[vc_row][vc_column][vc_column_text] Tuning World Bodensee abgesagt! Leider wurde die Tuning World Bodensee aufgrund des Corona-Virus abgesagt. Damit kann leider auch nicht [&hellip;]<\/p>\n","protected":false},"author":1,"featured_media":8809,"parent":0,"menu_order":0,"comment_status":"closed","ping_status":"closed","template":"","meta":{"footnotes":""},"class_list":["post-8834","page","type-page","status-publish","has-post-thumbnail","hentry"],"yoast_head":"<!-- This site is optimized with the Yoast SEO plugin v25.2 - https:\/\/yoast.com\/wordpress\/plugins\/seo\/ -->\n<title>Tuning World Bodensee Esports Arena 2020 - Raceroom.com<\/title>\n<meta name=\"description\" content=\"RaceRoom ist erneut auf der Tuning World Bodensee vertreten, mit spannenden Rennen und hochwertigen Simulatoren! Ein Simracing-Erlebnis der Extraklasse.\" \/>\n<meta name=\"robots\" content=\"index, follow, max-snippet:-1, max-image-preview:large, max-video-preview:-1\" \/>\n<link rel=\"canonical\" href=\"https:\/\/www.raceroom.com\/de\/tuning-world-bodensee-esports-arena-2020\/\" \/>\n<meta property=\"og:locale\" content=\"de_DE\" \/>\n<meta property=\"og:type\" content=\"article\" \/>\n<meta property=\"og:title\" content=\"Tuning World Bodensee Esports Arena 2020 - Raceroom.com\" \/>\n<meta property=\"og:description\" content=\"RaceRoom ist erneut auf der Tuning World Bodensee vertreten, mit spannenden Rennen und hochwertigen Simulatoren! Ein Simracing-Erlebnis der Extraklasse.\" \/>\n<meta property=\"og:url\" content=\"https:\/\/www.raceroom.com\/de\/tuning-world-bodensee-esports-arena-2020\/\" \/>\n<meta property=\"og:site_name\" content=\"Raceroom.com\" \/>\n<meta property=\"article:modified_time\" content=\"2020-03-11T17:58:36+00:00\" \/>\n<meta property=\"og:image\" content=\"https:\/\/www.raceroom.com\/wp-content\/uploads\/2020\/02\/TWB-key-visual-1920x1080-1.jpg\" \/>\n\t<meta property=\"og:image:width\" content=\"1920\" \/>\n\t<meta property=\"og:image:height\" content=\"1080\" \/>\n\t<meta property=\"og:image:type\" content=\"image\/jpeg\" \/>\n<meta name=\"twitter:label1\" content=\"Gesch\u00e4tzte Lesezeit\" \/>\n\t<meta name=\"twitter:data1\" content=\"9\u00a0Minuten\" \/>\n<script type=\"application\/ld+json\" class=\"yoast-schema-graph\">{\"@context\":\"https:\/\/schema.org\",\"@graph\":[{\"@type\":\"WebPage\",\"@id\":\"https:\/\/www.raceroom.com\/de\/tuning-world-bodensee-esports-arena-2020\/\",\"url\":\"https:\/\/www.raceroom.com\/de\/tuning-world-bodensee-esports-arena-2020\/\",\"name\":\"Tuning World Bodensee Esports Arena 2020 - Raceroom.com\",\"isPartOf\":{\"@id\":\"https:\/\/www.raceroom.com\/de\/#website\"},\"primaryImageOfPage\":{\"@id\":\"https:\/\/www.raceroom.com\/de\/tuning-world-bodensee-esports-arena-2020\/#primaryimage\"},\"image\":{\"@id\":\"https:\/\/www.raceroom.com\/de\/tuning-world-bodensee-esports-arena-2020\/#primaryimage\"},\"thumbnailUrl\":\"https:\/\/www.raceroom.com\/wp-content\/uploads\/2020\/02\/TWB-key-visual-1920x1080-1.jpg\",\"datePublished\":\"2020-03-11T10:14:32+00:00\",\"dateModified\":\"2020-03-11T17:58:36+00:00\",\"description\":\"RaceRoom ist erneut auf der Tuning World Bodensee vertreten, mit spannenden Rennen und hochwertigen Simulatoren! Ein Simracing-Erlebnis der Extraklasse.\",\"breadcrumb\":{\"@id\":\"https:\/\/www.raceroom.com\/de\/tuning-world-bodensee-esports-arena-2020\/#breadcrumb\"},\"inLanguage\":\"de\",\"potentialAction\":[{\"@type\":\"ReadAction\",\"target\":[\"https:\/\/www.raceroom.com\/de\/tuning-world-bodensee-esports-arena-2020\/\"]}]},{\"@type\":\"ImageObject\",\"inLanguage\":\"de\",\"@id\":\"https:\/\/www.raceroom.com\/de\/tuning-world-bodensee-esports-arena-2020\/#primaryimage\",\"url\":\"https:\/\/www.raceroom.com\/wp-content\/uploads\/2020\/02\/TWB-key-visual-1920x1080-1.jpg\",\"contentUrl\":\"https:\/\/www.raceroom.com\/wp-content\/uploads\/2020\/02\/TWB-key-visual-1920x1080-1.jpg\",\"width\":1920,\"height\":1080},{\"@type\":\"BreadcrumbList\",\"@id\":\"https:\/\/www.raceroom.com\/de\/tuning-world-bodensee-esports-arena-2020\/#breadcrumb\",\"itemListElement\":[{\"@type\":\"ListItem\",\"position\":1,\"name\":\"Startseite\",\"item\":\"https:\/\/www.raceroom.com\/de\/\"},{\"@type\":\"ListItem\",\"position\":2,\"name\":\"Tuning World Bodensee Esports Arena 2020\"}]},{\"@type\":\"WebSite\",\"@id\":\"https:\/\/www.raceroom.com\/de\/#website\",\"url\":\"https:\/\/www.raceroom.com\/de\/\",\"name\":\"Raceroom.com\",\"description\":\"RaceRoom Racing Experience\",\"potentialAction\":[{\"@type\":\"SearchAction\",\"target\":{\"@type\":\"EntryPoint\",\"urlTemplate\":\"https:\/\/www.raceroom.com\/de\/?s={search_term_string}\"},\"query-input\":{\"@type\":\"PropertyValueSpecification\",\"valueRequired\":true,\"valueName\":\"search_term_string\"}}],\"inLanguage\":\"de\"}]}<\/script>\n<!-- \/ Yoast SEO plugin. -->","yoast_head_json":{"title":"Tuning World Bodensee Esports Arena 2020 - Raceroom.com","description":"RaceRoom ist erneut auf der Tuning World Bodensee vertreten, mit spannenden Rennen und hochwertigen Simulatoren! Ein Simracing-Erlebnis der Extraklasse.","robots":{"index":"index","follow":"follow","max-snippet":"max-snippet:-1","max-image-preview":"max-image-preview:large","max-video-preview":"max-video-preview:-1"},"canonical":"https:\/\/www.raceroom.com\/de\/tuning-world-bodensee-esports-arena-2020\/","og_locale":"de_DE","og_type":"article","og_title":"Tuning World Bodensee Esports Arena 2020 - Raceroom.com","og_description":"RaceRoom ist erneut auf der Tuning World Bodensee vertreten, mit spannenden Rennen und hochwertigen Simulatoren! Ein Simracing-Erlebnis der Extraklasse.","og_url":"https:\/\/www.raceroom.com\/de\/tuning-world-bodensee-esports-arena-2020\/","og_site_name":"Raceroom.com","article_modified_time":"2020-03-11T17:58:36+00:00","og_image":[{"width":1920,"height":1080,"url":"https:\/\/www.raceroom.com\/wp-content\/uploads\/2020\/02\/TWB-key-visual-1920x1080-1.jpg","type":"image\/jpeg"}],"twitter_misc":{"Gesch\u00e4tzte Lesezeit":"9\u00a0Minuten"},"schema":{"@context":"https:\/\/schema.org","@graph":[{"@type":"WebPage","@id":"https:\/\/www.raceroom.com\/de\/tuning-world-bodensee-esports-arena-2020\/","url":"https:\/\/www.raceroom.com\/de\/tuning-world-bodensee-esports-arena-2020\/","name":"Tuning World Bodensee Esports Arena 2020 - Raceroom.com","isPartOf":{"@id":"https:\/\/www.raceroom.com\/de\/#website"},"primaryImageOfPage":{"@id":"https:\/\/www.raceroom.com\/de\/tuning-world-bodensee-esports-arena-2020\/#primaryimage"},"image":{"@id":"https:\/\/www.raceroom.com\/de\/tuning-world-bodensee-esports-arena-2020\/#primaryimage"},"thumbnailUrl":"https:\/\/www.raceroom.com\/wp-content\/uploads\/2020\/02\/TWB-key-visual-1920x1080-1.jpg","datePublished":"2020-03-11T10:14:32+00:00","dateModified":"2020-03-11T17:58:36+00:00","description":"RaceRoom ist erneut auf der Tuning World Bodensee vertreten, mit spannenden Rennen und hochwertigen Simulatoren! Ein Simracing-Erlebnis der Extraklasse.","breadcrumb":{"@id":"https:\/\/www.raceroom.com\/de\/tuning-world-bodensee-esports-arena-2020\/#breadcrumb"},"inLanguage":"de","potentialAction":[{"@type":"ReadAction","target":["https:\/\/www.raceroom.com\/de\/tuning-world-bodensee-esports-arena-2020\/"]}]},{"@type":"ImageObject","inLanguage":"de","@id":"https:\/\/www.raceroom.com\/de\/tuning-world-bodensee-esports-arena-2020\/#primaryimage","url":"https:\/\/www.raceroom.com\/wp-content\/uploads\/2020\/02\/TWB-key-visual-1920x1080-1.jpg","contentUrl":"https:\/\/www.raceroom.com\/wp-content\/uploads\/2020\/02\/TWB-key-visual-1920x1080-1.jpg","width":1920,"height":1080},{"@type":"BreadcrumbList","@id":"https:\/\/www.raceroom.com\/de\/tuning-world-bodensee-esports-arena-2020\/#breadcrumb","itemListElement":[{"@type":"ListItem","position":1,"name":"Startseite","item":"https:\/\/www.raceroom.com\/de\/"},{"@type":"ListItem","position":2,"name":"Tuning World Bodensee Esports Arena 2020"}]},{"@type":"WebSite","@id":"https:\/\/www.raceroom.com\/de\/#website","url":"https:\/\/www.raceroom.com\/de\/","name":"Raceroom.com","description":"RaceRoom Racing Experience","potentialAction":[{"@type":"SearchAction","target":{"@type":"EntryPoint","urlTemplate":"https:\/\/www.raceroom.com\/de\/?s={search_term_string}"},"query-input":{"@type":"PropertyValueSpecification","valueRequired":true,"valueName":"search_term_string"}}],"inLanguage":"de"}]}},"_links":{"self":[{"href":"https:\/\/www.raceroom.com\/de\/wp-json\/wp\/v2\/pages\/8834","targetHints":{"allow":["GET"]}}],"collection":[{"href":"https:\/\/www.raceroom.com\/de\/wp-json\/wp\/v2\/pages"}],"about":[{"href":"https:\/\/www.raceroom.com\/de\/wp-json\/wp\/v2\/types\/page"}],"author":[{"embeddable":true,"href":"https:\/\/www.raceroom.com\/de\/wp-json\/wp\/v2\/users\/1"}],"replies":[{"embeddable":true,"href":"https:\/\/www.raceroom.com\/de\/wp-json\/wp\/v2\/comments?post=8834"}],"version-history":[{"count":0,"href":"https:\/\/www.raceroom.com\/de\/wp-json\/wp\/v2\/pages\/8834\/revisions"}],"wp:featuredmedia":[{"embeddable":true,"href":"https:\/\/www.raceroom.com\/de\/wp-json\/wp\/v2\/media\/8809"}],"wp:attachment":[{"href":"https:\/\/www.raceroom.com\/de\/wp-json\/wp\/v2\/media?parent=8834"}],"curies":[{"name":"wp","href":"https:\/\/api.w.org\/{rel}","templated":true}]}}