{"id":5861,"date":"2018-04-13T09:54:04","date_gmt":"2018-04-13T09:54:04","guid":{"rendered":"http:\/\/www.raceroom.com\/?page_id=5861"},"modified":"2018-05-02T07:48:58","modified_gmt":"2018-05-02T07:48:58","slug":"nuerburgring-event","status":"publish","type":"page","link":"https:\/\/www.raceroom.com\/de\/events\/nuerburgring-event\/","title":{"rendered":"N\u00fcrburgring eSports &#8211; Team Endurance Championship"},"content":{"rendered":"<div class=\"wpb-content-wrapper\"><p>[vc_row][vc_column][vc_empty_space][vc_column_text]<\/p>\n<h2>Der N\u00fcrburgring &#8211; ein Ort, an dem Legenden geboren werden. Erobere die Gr\u00fcne H\u00f6lle und sichere deinem Team die N\u00fcrburgring eSports-Troph\u00e4e<\/h2>\n<p>&nbsp;<\/p>\n<h3>11. Mai\u00a0 &#8211; ring\u00b0arena N\u00fcrburgring &#8211; 24 Teams &#8211; 72 Fahrer<\/h3>\n<p>[\/vc_column_text][vc_empty_space][vc_single_image image=&#8220;5864&#8243; img_size=&#8220;full&#8220;][vc_column_text]<\/p>\n<h2>Werde Teil eines unvergesslichen Events<\/h2>\n<p>[\/vc_column_text][\/vc_column][\/vc_row][vc_row][vc_column width=&#8220;1\/4&#8243;][vc_single_image image=&#8220;5873&#8243; img_size=&#8220;full&#8220; onclick=&#8220;link_image&#8220;][\/vc_column][vc_column width=&#8220;3\/4&#8243;][vc_column_text]Die <strong>N\u00fcrburgring eSports &#8211; Team Endurance Championship<\/strong> besteht aus einem <strong>Online-Leaderboard<\/strong> und einem <strong>Live-Event<\/strong>, welches am Freitag, 11. Mai, in der ring\u00b0arena am N\u00fcrburgring stattfindet.<\/p>\n<p><strong>24 Teams<\/strong> werden antreten, <strong>mit jeweils 3 Fahrern<\/strong>, und sie werden die Chance bekommen, ihr Team und ihr Land auf einer gro\u00dfen B\u00fchne zu repr\u00e4sentieren, vor Zuschauern und auf einem Live Stream. Werde selbst zu Star beim ersten N\u00fcrburgring eSports Event, fahre ein unvergessliches Langstreckenrennen mit <strong>Fahrerwechseln<\/strong>, direkt am N\u00fcrburgring, und sichere deinem Team die N\u00fcrburgring eSports-Troph\u00e4e.[\/vc_column_text][\/vc_column][\/vc_row][vc_row][vc_column width=&#8220;2\/3&#8243;][vc_empty_space][vc_column_text]<\/p>\n<h2>Die Location &#8211; Denke in gro\u00dfen Dimensionen!<\/h2>\n<p>[\/vc_column_text][vc_column_text]Dies ist kein Online-Rennen! Die <strong>ring\u00b0arena am N\u00fcrburgring <\/strong>ist der Veranstaltungsort f\u00fcr das erste Esports WTCR-Event. Und wir machen keine Faxen. <strong>Eine gro\u00dfe B\u00fchne<\/strong> steht bereit und wartet auf Dich. Du kannst dich mit deinem Team qualifizieren und selbst zum Star der Show werden<\/p>\n<p>&nbsp;<\/p>\n<p>Du willst nur zuschauen? Auch kein Problem, denn der Eintritt ist frei f\u00fcr Zuschauer. Nimm Platz und genie\u00dfe Esports auf h\u00f6chstem Niveau mit Kommentatoren und einem professionellen \u00dcbertragungsteam. Au\u00dferdem werden die Rennen live online gestreamt![\/vc_column_text][\/vc_column][vc_column width=&#8220;1\/3&#8243;][vc_empty_space][vc_single_image image=&#8220;5838&#8243; img_size=&#8220;full&#8220; onclick=&#8220;link_image&#8220;][\/vc_column][\/vc_row][vc_row][vc_column][vc_empty_space][vc_column_text]<\/p>\n<h2>Der Qualifier &#8211; #roadtogreenhell<\/h2>\n<p>[\/vc_column_text][\/vc_column][\/vc_row][vc_row][vc_column width=&#8220;1\/4&#8243;][vc_single_image image=&#8220;5874&#8243; img_size=&#8220;full&#8220; onclick=&#8220;link_image&#8220;][\/vc_column][vc_column width=&#8220;3\/4&#8243;][vc_column_text]<\/p>\n<div class=\"container\">\n<div class=\"row\">\n<div id=\"\" class=\"no_parallax in_container \">\n<div class=\"background_image_bg\">\n<div class=\"vc_row wpb_row row\">\n<div class=\"vc_col-sm-9 col-xs-12 col-sm-9 wpb_column vc_column_container \">\n<div class=\"wpb_text_column wpb_content_element \">\n<div class=\"wpb_wrapper\">\n<p>Das Online Leaderboard ist der erste Schritt des Qualifikationsprozesses. Deine Aufgabe ist es, die schnellste Rundenzeit zu setzen, die Du fahren kannst, direkt online mit einem von 4 deutschen GT3-Fahrzeugen. Je schneller Deine Rundenzeit ist, desto mehr Punkte erzielst Du. Um teilzunehmen, musst du lediglich die Strecke und ein Fahrzeug besitzen.\u00a0<a href=\"http:\/\/game.raceroom.com\/championships\/16\">Nimm hier am Online Leaderboard teil!<\/a><\/p>\n<p>&nbsp;<\/p>\n<p>Der zweite Schritt ist, dass du zwei Teamkollegen finden musst, mit denen du am Event teilnimmst. Du kannst Teamkollegen <a href=\"https:\/\/forum.sector3studios.com\/index.php?forums\/Nuerburgring_Esports\/\">in unserem Forum<\/a> finden. Au\u00dferdem unterst\u00fctzt Dich das RaceRoom Team dabei, Fahrer aus deinem Land zu finden. Schreibe uns einfach eine Mail an\u00a0<a href=\"mailto:competition@raceroom.com\">competition@raceroom.com<\/a>.<\/p>\n<\/div>\n<\/div>\n<\/div>\n<\/div>\n<\/div>\n<\/div>\n<\/div>\n<\/div>\n<p>[\/vc_column_text][\/vc_column][\/vc_row][vc_row][vc_column][vc_column_text]Sobald du zwei Teamkollegen gefunden hast, kannst du dein Team registrieren.\u00a0<a href=\"http:\/\/www.raceroom.com\/en\/nuerburgring-team\/\">Du kannst unsere Registrierungsform hier nutzen!<\/a>\u00a0<strong>Es gibt keine Kosten f\u00fcr die Anmeldung eines Teams, oder die Teilnahme am Event.<\/strong><\/p>\n<p>Von allen Teams, die sich registrieren, werden die 24 Teams mit den h\u00f6chsten durchschnittlichen Leaderboard-Punkten der 3 Fahrer zugelassen. Die Registrierung schlie\u00dft am 22. April um Mitternacht. Die Starterliste wird dann am folgenden Tag hier ver\u00f6ffentlicht.[\/vc_column_text][vc_empty_space][vc_column_text]<\/p>\n<h2>Format und Zeitplan<\/h2>\n<p>[\/vc_column_text][\/vc_column][\/vc_row][vc_row][vc_column][vc_column_text]Du kannst Dir sicher sein, dass ein unvergessliches Event auf Dich wartet, da auf der echten Nordschleife das 24-Stunden-Rennen stattfindet. Tausende Fans und hunderte spektakul\u00e4re Rennwagen sind unterwegs und schaffen eine besondere Atmosph\u00e4re. Der Zugang zum ring\u00b0boulevard und zur ring\u00b0arena ist kostenlos, aber wir k\u00f6nnen nur empfehlen, dass Du dir auch ein Ticket f\u00fcr das 24h-Rennen holst.<\/p>\n<p>Falls Du nicht genug von RaceRoom bekommen kannst, dann nimm auch am\u00a0<a href=\"https:\/\/www.raceroom.com\/de\/events\/esports-wtcr-launch-event-nuerburgring-2\/\">Esports WTCR Launch Event<\/a>\u00a0teil, welches von Donnerstag bis Samstag ebenfalls in der ring\u00b0arena stattfindet. Bei diesem Event kannst Du dir deinen Anteil am Preisgeld von 25.000 \u20ac sichern.<\/p>\n<p>&nbsp;<\/p>\n<p>Das N\u00fcrburgring eSports Event findet am Freitagabend statt. Die Show beginnt um 18:00, aber als Fahrer sollte man f\u00fcr den ganzen Freitag anreisen, um Akkreditierung zu erhalten und an der Trainingssitzung teilzunehmen.<\/p>\n<p>Der provisorische Zeitplan findet sich hier:<\/p>\n<p>&nbsp;<\/p>\n<p>Freitag, 11. Mai<\/p>\n<p>13:00 bis 15:00 \u2013 Freies Training<br \/>\n16:30 \u2013 Briefing<br \/>\n18:30 bis 23:00 &#8211; Qualifying und Rennen[\/vc_column_text][\/vc_column][\/vc_row][vc_row][vc_column][vc_empty_space][vc_column_text]<\/p>\n<h2>Anreise und Unterkunft<\/h2>\n<p>&nbsp;<\/p>\n<p>F\u00fcr qualifizierte Teilnehmer haben wir einen besonderen Bonus! <strong>Park- und Campingtickets<\/strong> k\u00f6nnen f\u00fcr den Zeitraum vom Donnerstag, 10.5 bis Sonntag, 13.5, <strong>kostenlos<\/strong> gestellt werden. Daf\u00fcr ist eine separate Registrierung per E-Mail notwendig, die im Zeitraum zwischen dem 22. und 26. April durchgef\u00fchrt werden kann. Die <a href=\"http:\/\/www.nuerburgring.de\/en\/home.html\">Website des N\u00fcrburgrings<\/a> beinhaltet bereits jetzt schon viele Informationen \u00fcber den Veranstaltungsort, Parken, Anreisem\u00f6glichkeiten.<\/p>\n<p>&nbsp;<\/p>\n<p>Bevorzugst Du ein Hotel? Ein Hotel in der N\u00e4he zu finden, kann schwierig sein. Jedoch bietet RaceRoom ein <strong>kostenloses Busshuttle von Bonn zum N\u00fcrburgring <\/strong>um die Anreise zu vereinfachen.[\/vc_column_text][vc_accordion active_tab=&#8220;false&#8220; collapsible=&#8220;yes&#8220;][vc_accordion_tab title=&#8220;Bus Shuttle Informationen&#8220;][vc_column_text]Nach unserer Information haben folgende Hotels noch Kapazit\u00e4ten:<\/p>\n<p><strong>InterCityHotel Bonn<\/strong><\/p>\n<p><strong>Centro Hotel Residence Bonn<\/strong><\/p>\n<p><strong>B&amp;B Hotel Bonn<\/strong><\/p>\n<p><strong>Europa Hotel<\/strong><\/p>\n<p>Alle Buchungen, Reservierungen und Zahlungen m\u00fcssen von den Fahrern get\u00e4tigt werden. Die Informationen, die hier geliefert werden, sind rein informativ.<\/p>\n<p>&nbsp;<\/p>\n<p>Der Bus wird jeden Morgen von Bonn an den N\u00fcrburgring fahren, und abends sicher wieder zur\u00fcck. Und er ist tats\u00e4chlich kostenlos.<\/p>\n<p>Hier gibt es die provisorischen Abfahrtsorte und Zeiten:<\/p>\n<p><a href=\"http:\/\/www.raceroom.com\/wp-content\/uploads\/2018\/04\/Bus-Shuttle-Info-1.0.pdf\">Bus Shuttle Information &#8211; Version 1.0<\/a><\/p>\n<p>&nbsp;<\/p>\n<p>&nbsp;<\/p>\n<p>Um f\u00fcr einen Platz zugelassen zu sein, muss man als Fahrer in einem Team registriert sein. Jeder Fahrer kann maximal 2 Busshuttletickets reservieren und somit eine Person mitnehmen. Au\u00dferdem musst Du eine Best\u00e4tigung liefern, dass du tats\u00e4chlich zum Event kommen m\u00f6chtest. Dies kann ein Scan von Hoteltickets in Bonn oder Umgebung sein, Campingtickets am N\u00fcrburgring oder Eintrittstickets f\u00fcr das 24h-Rennen.<\/p>\n<p>&nbsp;<\/p>\n<p><strong>Die Reservierungen sind ge\u00f6ffnet. Bitte schreibe eine Mail an\u00a0<a href=\"mailto:competition@raceroom.com\">competition@raceroom.com<\/a>\u00a0mit folgenden Informationen:<\/strong><\/p>\n<ul>\n<li>Dein Name<\/li>\n<li>Link zum RaceRoom Profil<\/li>\n<li>Deine Telefonnummer<\/li>\n<li>An welchen Tagen du das Busshuttle in Anspruch nimmst<\/li>\n<li>Scan eines Dokuments, welches best\u00e4tigt, dass du tats\u00e4chlich da bist.<\/li>\n<\/ul>\n<p>Falls du jemanden mitnimmst, brauchen wir:<\/p>\n<ul>\n<li>Den Namen der zweiten Person<\/li>\n<li>Telefonnummer<\/li>\n<li>E-Mail Adresse<\/li>\n<\/ul>\n<p>[\/vc_column_text][\/vc_accordion_tab][\/vc_accordion][\/vc_column][\/vc_row][vc_row][vc_column][vc_empty_space][vc_column_text]<\/p>\n<h2>H\u00e4ufig gestellte Fragen<\/h2>\n<p>[\/vc_column_text][vc_accordion active_tab=&#8220;1&#8243; collapsible=&#8220;yes&#8220;][vc_accordion_tab title=&#8220;Was sind die sportlichen Regeln f\u00fcr das Event?&#8220;][vc_column_text]Das Regelwerk findet sich hier:<\/p>\n<p><a href=\"http:\/\/www.raceroom.com\/wp-content\/uploads\/2018\/05\/Rulebook-N\u00fcrburgring-eSports-1.1.pdf\">N\u00fcrburgring eSports &#8211; Rulebook Version 1.1<\/a>[\/vc_column_text][\/vc_accordion_tab][vc_accordion_tab title=&#8220;Welches Equipment wird verwendet?&#8220;][vc_column_text]Beim Event wird Hardware von Fanatec verwendet:\u00a0CSL pedals, V 2.5 wheelbase, CSL P1 wheel<\/p>\n<p>Fahrer k\u00f6nnen eigene Headsets mitbringen, aber wir stellen auch Headsets bereit. Ansonsten darf das Equipment oder das Setup nicht ver\u00e4ndert werden. Wir verwenden Standardsetup, nur die Bremsbalance kann eingestellt werden.[\/vc_column_text][\/vc_accordion_tab][vc_accordion_tab title=&#8220;Was muss ich mitbringen, um teilnehmen zu k\u00f6nnen?&#8220;][vc_column_text]Du musst mitbringen:<\/p>\n<ol>\n<li>Ein legales Dokument mit Foto, wie ein Pass, Personalausweis oder F\u00fchrerschein<\/li>\n<li>Eine funktionierende E-Mail-Adresse<\/li>\n<li>Einen Ausdruck von der Best\u00e4tigung, dass Du mit deinem Team qualifiziert bist.<\/li>\n<\/ol>\n<p>[\/vc_column_text][\/vc_accordion_tab][vc_accordion_tab title=&#8220;Wie viel kostet es, am Event teilzunehmen?&#8220;][vc_column_text]Die Teilnahme am Event ist kostenlos.[\/vc_column_text][\/vc_accordion_tab][vc_accordion_tab title=&#8220;Was ist mit den echten Autorennen am gleichen Wochenende? Brauche ich daf\u00fcr ein Ticket?&#8220;][vc_column_text]Um den N\u00fcrburgring Boulevard und die ring\u00b0arena zu betreten, und um somit auch am Launch Event teilzunehmen, brauchst Du kein Ticket.<\/p>\n<p>Wenn du allerdings auch die echten Autorennen sehen m\u00f6chtest, gibt es Tickets <a href=\"http:\/\/www.nuerburgring.de\/en\/events-tickets\/automobile\/adac-zurich-24-hour-race.html\"><strong>hier.<\/strong><\/a> Tickets sind nicht inklusive.[\/vc_column_text][\/vc_accordion_tab][vc_accordion_tab title=&#8220;Wo kann ich die Broadcasts sehen?&#8220;][vc_column_text]Die Rennen werden auf der <a href=\"https:\/\/www.facebook.com\/nuerburgring\/\">Facebookseite<\/a>\u00a0und dem <a href=\"https:\/\/www.youtube.com\/user\/DerNuerburgring\">YouTube Kanal<\/a> der FIA WTCR sowie auf dem <a href=\"https:\/\/www.twitch.tv\/raceroomracingexperience\">Twitch-Kanal<\/a> von RaceRoom gestreamt.[\/vc_column_text][\/vc_accordion_tab][vc_accordion_tab title=&#8220;Ich bin Pressevertreter und w\u00fcrde gern \u00fcber das Event berichten. Wo kann ich mehr erfahren?&#8220;][vc_column_text]<\/p>\n<p>Alle Informationen und Bilder auf dieser Seite k\u00f6nnen frei weiterverwendet werden! Wir freuen uns \u00fcber Berichte!<\/p>\n<p>F\u00fcr weitere Infos, melden Sie sich bitte per E-Mail an <a href=\"mailto:competition@raceroom.com\">competition@raceroom.com<\/a><\/p>\n<p>[\/vc_column_text][\/vc_accordion_tab][vc_accordion_tab title=&#8220;Ich habe Interesse, bei diesem Event als Sponsor aufzutreten. Wie kann ich in Verbindung treten?&#8220;][vc_column_text]<\/p>\n<p>Sponsoren sind immer willkommen, und wir k\u00f6nnen eine gro\u00dfe Reichweite f\u00fcr Ihre Marke sicherstellen. Kontaktieren sie uns unter <a href=\"mailto:competition@raceroom.com\">competition@raceroom.com<\/a><\/p>\n<p>[\/vc_column_text][\/vc_accordion_tab][vc_accordion_tab title=&#8220;Meine Frage wurde noch nicht beantwortet. Was nun?&#8220;][vc_column_text]<\/p>\n<p>Stelle uns die Frage per Mail an <a href=\"mailto:competition@raceroom.com\">competition@raceroom.com<\/a><\/p>\n<p>[\/vc_column_text][\/vc_accordion_tab][\/vc_accordion][\/vc_column][\/vc_row]<\/p>\n<\/div>","protected":false},"excerpt":{"rendered":"<p>[vc_row][vc_column][vc_empty_space][vc_column_text] Der N\u00fcrburgring &#8211; ein Ort, an dem Legenden geboren werden. Erobere die Gr\u00fcne H\u00f6lle und sichere deinem Team die [&hellip;]<\/p>\n","protected":false},"author":3,"featured_media":0,"parent":186,"menu_order":0,"comment_status":"closed","ping_status":"closed","template":"","meta":{"footnotes":""},"class_list":["post-5861","page","type-page","status-publish","hentry"],"yoast_head":"<!-- This site is optimized with the Yoast SEO plugin v25.2 - https:\/\/yoast.com\/wordpress\/plugins\/seo\/ -->\n<title>N\u00fcrburgring eSports - Team Endurance Championship - Raceroom.com<\/title>\n<meta name=\"description\" content=\"RaceRoom, Eurosport Events, der N\u00fcrburgring und KW Suspensions sind stolz, ein Highlight f\u00fcr alle Gamer, Simracer und Tourenwagenfans ank\u00fcndigen zu k\u00f6nnen!\" \/>\n<meta name=\"robots\" content=\"index, follow, max-snippet:-1, max-image-preview:large, max-video-preview:-1\" \/>\n<link rel=\"canonical\" href=\"https:\/\/www.raceroom.com\/de\/events\/nuerburgring-event\/\" \/>\n<meta property=\"og:locale\" content=\"de_DE\" \/>\n<meta property=\"og:type\" content=\"article\" \/>\n<meta property=\"og:title\" content=\"N\u00fcrburgring eSports - Team Endurance Championship - Raceroom.com\" \/>\n<meta property=\"og:description\" content=\"RaceRoom, Eurosport Events, der N\u00fcrburgring und KW Suspensions sind stolz, ein Highlight f\u00fcr alle Gamer, Simracer und Tourenwagenfans ank\u00fcndigen zu k\u00f6nnen!\" \/>\n<meta property=\"og:url\" content=\"https:\/\/www.raceroom.com\/de\/events\/nuerburgring-event\/\" \/>\n<meta property=\"og:site_name\" content=\"Raceroom.com\" \/>\n<meta property=\"article:modified_time\" content=\"2018-05-02T07:48:58+00:00\" \/>\n<meta name=\"twitter:label1\" content=\"Gesch\u00e4tzte Lesezeit\" \/>\n\t<meta name=\"twitter:data1\" content=\"8\u00a0Minuten\" \/>\n<script type=\"application\/ld+json\" class=\"yoast-schema-graph\">{\"@context\":\"https:\/\/schema.org\",\"@graph\":[{\"@type\":\"WebPage\",\"@id\":\"https:\/\/www.raceroom.com\/de\/events\/nuerburgring-event\/\",\"url\":\"https:\/\/www.raceroom.com\/de\/events\/nuerburgring-event\/\",\"name\":\"N\u00fcrburgring eSports - Team Endurance Championship - Raceroom.com\",\"isPartOf\":{\"@id\":\"https:\/\/www.raceroom.com\/de\/#website\"},\"datePublished\":\"2018-04-13T09:54:04+00:00\",\"dateModified\":\"2018-05-02T07:48:58+00:00\",\"description\":\"RaceRoom, Eurosport Events, der N\u00fcrburgring und KW Suspensions sind stolz, ein Highlight f\u00fcr alle Gamer, Simracer und Tourenwagenfans ank\u00fcndigen zu k\u00f6nnen!\",\"breadcrumb\":{\"@id\":\"https:\/\/www.raceroom.com\/de\/events\/nuerburgring-event\/#breadcrumb\"},\"inLanguage\":\"de\",\"potentialAction\":[{\"@type\":\"ReadAction\",\"target\":[\"https:\/\/www.raceroom.com\/de\/events\/nuerburgring-event\/\"]}]},{\"@type\":\"BreadcrumbList\",\"@id\":\"https:\/\/www.raceroom.com\/de\/events\/nuerburgring-event\/#breadcrumb\",\"itemListElement\":[{\"@type\":\"ListItem\",\"position\":1,\"name\":\"Startseite\",\"item\":\"https:\/\/www.raceroom.com\/de\/\"},{\"@type\":\"ListItem\",\"position\":2,\"name\":\"Events\",\"item\":\"https:\/\/www.raceroom.com\/de\/events\/\"},{\"@type\":\"ListItem\",\"position\":3,\"name\":\"N\u00fcrburgring eSports &#8211; Team Endurance Championship\"}]},{\"@type\":\"WebSite\",\"@id\":\"https:\/\/www.raceroom.com\/de\/#website\",\"url\":\"https:\/\/www.raceroom.com\/de\/\",\"name\":\"Raceroom.com\",\"description\":\"RaceRoom Racing Experience\",\"potentialAction\":[{\"@type\":\"SearchAction\",\"target\":{\"@type\":\"EntryPoint\",\"urlTemplate\":\"https:\/\/www.raceroom.com\/de\/?s={search_term_string}\"},\"query-input\":{\"@type\":\"PropertyValueSpecification\",\"valueRequired\":true,\"valueName\":\"search_term_string\"}}],\"inLanguage\":\"de\"}]}<\/script>\n<!-- \/ Yoast SEO plugin. -->","yoast_head_json":{"title":"N\u00fcrburgring eSports - Team Endurance Championship - Raceroom.com","description":"RaceRoom, Eurosport Events, der N\u00fcrburgring und KW Suspensions sind stolz, ein Highlight f\u00fcr alle Gamer, Simracer und Tourenwagenfans ank\u00fcndigen zu k\u00f6nnen!","robots":{"index":"index","follow":"follow","max-snippet":"max-snippet:-1","max-image-preview":"max-image-preview:large","max-video-preview":"max-video-preview:-1"},"canonical":"https:\/\/www.raceroom.com\/de\/events\/nuerburgring-event\/","og_locale":"de_DE","og_type":"article","og_title":"N\u00fcrburgring eSports - Team Endurance Championship - Raceroom.com","og_description":"RaceRoom, Eurosport Events, der N\u00fcrburgring und KW Suspensions sind stolz, ein Highlight f\u00fcr alle Gamer, Simracer und Tourenwagenfans ank\u00fcndigen zu k\u00f6nnen!","og_url":"https:\/\/www.raceroom.com\/de\/events\/nuerburgring-event\/","og_site_name":"Raceroom.com","article_modified_time":"2018-05-02T07:48:58+00:00","twitter_misc":{"Gesch\u00e4tzte Lesezeit":"8\u00a0Minuten"},"schema":{"@context":"https:\/\/schema.org","@graph":[{"@type":"WebPage","@id":"https:\/\/www.raceroom.com\/de\/events\/nuerburgring-event\/","url":"https:\/\/www.raceroom.com\/de\/events\/nuerburgring-event\/","name":"N\u00fcrburgring eSports - Team Endurance Championship - Raceroom.com","isPartOf":{"@id":"https:\/\/www.raceroom.com\/de\/#website"},"datePublished":"2018-04-13T09:54:04+00:00","dateModified":"2018-05-02T07:48:58+00:00","description":"RaceRoom, Eurosport Events, der N\u00fcrburgring und KW Suspensions sind stolz, ein Highlight f\u00fcr alle Gamer, Simracer und Tourenwagenfans ank\u00fcndigen zu k\u00f6nnen!","breadcrumb":{"@id":"https:\/\/www.raceroom.com\/de\/events\/nuerburgring-event\/#breadcrumb"},"inLanguage":"de","potentialAction":[{"@type":"ReadAction","target":["https:\/\/www.raceroom.com\/de\/events\/nuerburgring-event\/"]}]},{"@type":"BreadcrumbList","@id":"https:\/\/www.raceroom.com\/de\/events\/nuerburgring-event\/#breadcrumb","itemListElement":[{"@type":"ListItem","position":1,"name":"Startseite","item":"https:\/\/www.raceroom.com\/de\/"},{"@type":"ListItem","position":2,"name":"Events","item":"https:\/\/www.raceroom.com\/de\/events\/"},{"@type":"ListItem","position":3,"name":"N\u00fcrburgring eSports &#8211; Team Endurance Championship"}]},{"@type":"WebSite","@id":"https:\/\/www.raceroom.com\/de\/#website","url":"https:\/\/www.raceroom.com\/de\/","name":"Raceroom.com","description":"RaceRoom Racing Experience","potentialAction":[{"@type":"SearchAction","target":{"@type":"EntryPoint","urlTemplate":"https:\/\/www.raceroom.com\/de\/?s={search_term_string}"},"query-input":{"@type":"PropertyValueSpecification","valueRequired":true,"valueName":"search_term_string"}}],"inLanguage":"de"}]}},"_links":{"self":[{"href":"https:\/\/www.raceroom.com\/de\/wp-json\/wp\/v2\/pages\/5861","targetHints":{"allow":["GET"]}}],"collection":[{"href":"https:\/\/www.raceroom.com\/de\/wp-json\/wp\/v2\/pages"}],"about":[{"href":"https:\/\/www.raceroom.com\/de\/wp-json\/wp\/v2\/types\/page"}],"author":[{"embeddable":true,"href":"https:\/\/www.raceroom.com\/de\/wp-json\/wp\/v2\/users\/3"}],"replies":[{"embeddable":true,"href":"https:\/\/www.raceroom.com\/de\/wp-json\/wp\/v2\/comments?post=5861"}],"version-history":[{"count":0,"href":"https:\/\/www.raceroom.com\/de\/wp-json\/wp\/v2\/pages\/5861\/revisions"}],"up":[{"embeddable":true,"href":"https:\/\/www.raceroom.com\/de\/wp-json\/wp\/v2\/pages\/186"}],"wp:attachment":[{"href":"https:\/\/www.raceroom.com\/de\/wp-json\/wp\/v2\/media?parent=5861"}],"curies":[{"name":"wp","href":"https:\/\/api.w.org\/{rel}","templated":true}]}}