{"id":5854,"date":"2018-04-03T14:08:55","date_gmt":"2018-04-03T14:08:55","guid":{"rendered":"http:\/\/www.raceroom.com\/?page_id=5854"},"modified":"2018-05-02T12:22:02","modified_gmt":"2018-05-02T12:22:02","slug":"esports-wtcr-launch-event-nuerburgring-2","status":"publish","type":"page","link":"https:\/\/www.raceroom.com\/de\/events\/esports-wtcr-launch-event-nuerburgring-2\/","title":{"rendered":"Esports WTCR Launch Event N\u00fcrburgring"},"content":{"rendered":"<div class=\"wpb-content-wrapper\"><p>[vc_row][vc_column][vc_empty_space][vc_column_text]<\/p>\n<h2>RaceRoom, Eurosport Events, der N\u00fcrburgring und KW Suspensions sind stolz, ein Highlight f\u00fcr alle Gamer, Simracer und Tourenwagenfans ank\u00fcndigen zu k\u00f6nnen:<\/h2>\n<p>&nbsp;<\/p>\n<h3>10. bis 12. Mai\u00a0 &#8211; ring\u00b0arena N\u00fcrburgring &#8211; 48 Simulatoren &#8211; 25.000 \u20ac Cash Preispool<\/h3>\n<p>[\/vc_column_text][vc_empty_space][vc_single_image image=&#8220;5883&#8243; img_size=&#8220;full&#8220;][vc_column_text]<\/p>\n<h2>Werde Teil eines unvergesslichen Events<\/h2>\n<p>[\/vc_column_text][\/vc_column][\/vc_row][vc_row][vc_column width=&#8220;1\/4&#8243;][vc_single_image image=&#8220;5837&#8243; img_size=&#8220;full&#8220; onclick=&#8220;link_image&#8220;][\/vc_column][vc_column width=&#8220;3\/4&#8243;][vc_column_text]Ein Preispool in einer Gesamth\u00f6he von <strong>25.000 \u20ac<\/strong> wird an die bestplatzierten Fahrer ausgeteilt, sowohl auf dem Leaderboard als auch in Multiplayer-Rennen. 88 Fahrer werden sich in vier Divisionen f\u00fcr die Rennen qualifizieren, und es werden auch mindestens 80 Fahrer einen Teil des Preisgeldes gewinnen. Und der beste Teil: <strong>Die Qualifikation ist vor Ort am N\u00fcrburgring.<\/strong> Keine vorausgew\u00e4hlte Elite-Gruppe &#8211; jeder kann teilnehmen!<\/p>\n<p>&nbsp;<\/p>\n<p>Am selben Wochenende f\u00e4hrt die echte FIA WTCR &#8211; Oscaro am N\u00fcrburgring, und die echten WTCR-Fahrer werden ebenfalls am Wettbewerb teilnehmen. Au\u00dferdem findet auch noch das 24-Stunden-Rennen am gleichen Wochenende statt, zu dem im letzten Jahr \u00fcber 200.000 Zuschauer kamen. Es ist also sicher mit einer besonderen Atmosph\u00e4re und vielen Zuschauern zu rechnen. <strong>Zeige der Welt, was Simracing bedeutet! Trete gegen andere Fahrer an auf deinem Skill-Level! Und sichere Dir das Preisgeld!<\/strong>[\/vc_column_text][\/vc_column][\/vc_row][vc_row][vc_column width=&#8220;2\/3&#8243;][vc_empty_space][vc_column_text]<\/p>\n<h2>Die Location &#8211; Denke in gro\u00dfen Dimensionen!<\/h2>\n<p>[\/vc_column_text][vc_column_text]<\/p>\n<p>Dies ist kein Online-Rennen! Die <strong>ring\u00b0arena am N\u00fcrburgring <\/strong>ist der Veranstaltungsort f\u00fcr das erste Esports WTCR-Event. Und wir machen keine Faxen. <strong>48 Simulatoren<\/strong> stehen bereit und warten auf Dich. Du kannst einfach in die Arena kommen und selbst zum Star der Show werden, wenn du gegen die echten WTCR-Fahrer und andere Simracer antrittst.<\/p>\n<p>&nbsp;<\/p>\n<p>Du willst nur zuschauen? Auch kein Problem, denn der Eintritt ist frei f\u00fcr Zuschauer. Nimm Platz und genie\u00dfe Esports auf h\u00f6chstem Niveau mit Kommentatoren und einem professionellen \u00dcbertragungsteam. Au\u00dferdem werden die Rennen live online gestreamt!<\/p>\n<p>&nbsp;<\/p>\n<p>[\/vc_column_text][\/vc_column][vc_column width=&#8220;1\/3&#8243;][vc_empty_space][vc_single_image image=&#8220;5838&#8243; img_size=&#8220;full&#8220; onclick=&#8220;link_image&#8220;][\/vc_column][\/vc_row][vc_row][vc_column][vc_empty_space][vc_column_text]<\/p>\n<h2>Die Autos &#8211; Wir pr\u00e4sentieren: WTCR<\/h2>\n<p>[\/vc_column_text][\/vc_column][\/vc_row][vc_row][vc_column width=&#8220;1\/4&#8243;][vc_single_image image=&#8220;5886&#8243; img_size=&#8220;full&#8220; onclick=&#8220;link_image&#8220;][\/vc_column][vc_column width=&#8220;3\/4&#8243;][vc_column_text]Das Launch Event ist der Startpunkt f\u00fcr eine gro\u00dfartige Zusammenarbeit der FIA WTCR &#8211; Oscaro und RaceRoom. Als erstes Fahrzeug ist der <strong>Audi RS 3 LMS\u00a0<\/strong>f\u00fcr alle interessierten Fahrer verf\u00fcgbar.<\/p>\n<p>&nbsp;<\/p>\n<p>Willst Du trainieren f\u00fcr das Event? Los geht&#8217;s &#8211; genau jetzt! Die erste Online-Competition ist bereits offen. Es ist nicht zwingend erforderlich, erst online zu fahren, um am Event teilzunehmen, aber wir empfehlen es, um nicht von der Konkurrenz abgeh\u00e4ngt zu werden! <a href=\"http:\/\/game.raceroom.com\/championships\/15\"><strong>Hier geht es zum Wettbewerb!<\/strong><\/a><\/p>\n<p>Dies ist die einzige M\u00f6glichkeit, die WTCR-Autos vorab zu fahren, und das f\u00fcr 199 vRP pro Strecke. Im Finale wird dann das Standardsetup gefahren. M\u00f6glicherweise sind dann bereits mehr Modelle verf\u00fcgbar, aber aus Gr\u00fcnden der Fairness werden alle Fahrzeuge auf der Physik-Basis des Audi ausr\u00fccken.[\/vc_column_text][\/vc_column][\/vc_row][vc_row][vc_column][vc_column_text]Vielleicht hast Du ja schon an der eSports WTCC Saison 2017 teilgenommen und fragst dich, was eigentlich aus dem Finale geworden ist. Das Finale wird ersetzt vom Launch Event! Das bedeutet ebenfalls, dass <strong>alle Leaderboard-Tickets, die die Fahrer bei der eSports WTCC gewonnen haben, bei diesem Event g\u00fcltig sind.<\/strong> Die Fahrer wurden hierzu schon benachrichtigt. Falls du auf Nummer Sicher gehen willst: Eine \u00dcbersicht findet man <a href=\"http:\/\/www.raceroom.com\/wp-content\/uploads\/2018\/03\/Tickets.png\"><strong>hier.<\/strong><\/a><\/p>\n<p>Die Tickets k\u00f6nnen beim Event abgeholt werden. Es ist nicht zul\u00e4ssig, sie zu teilen oder mehr als ein Ticket auf einmal einzul\u00f6sen.[\/vc_column_text][vc_empty_space][vc_column_text]<\/p>\n<h2>Format und Zeitplan<\/h2>\n<p>[\/vc_column_text][\/vc_column][\/vc_row][vc_row][vc_column][vc_column_text]Das Event beginnt mit einem <strong>Leaderboard-Qualifier<\/strong>, der \u00fcber 2 Tage andauert und bei der jeder Fahrer Rundenzeiten setzen kann. Die Strecke f\u00fcr dieses Leaderboard wird erst beim Event bekanntgegeben, damit niemand einen Vorteil hat. F\u00fcr jede Sitzung wird ein Startgeld von 10\u20ac f\u00e4llig, au\u00dfer wenn man ein Ticket einsetzt. <strong>Die besten 88 Fahrer auf dem Leaderboard qualifizieren sich f\u00fcr die Rennen. Sie werden in 4 Divisonen mit jeweils 22 Fahrern aufgeteilt.<\/strong><\/p>\n<p>Die Fahrer werden in Divisionen unterteilt, basierend auf ihrer Leaderboard-Zeit. Im Gegensatz zur letzten Online-Saison werden die Divisionen linear aufgeteilt, so dass kein Fahrer zwischen die Divisionen fallen kann. Am Sonntag wird jede Division 3 Rennen fahren und in jeder Division wird ein separater Meister gekr\u00f6nt. Das bedeutet, dass man das komplette Event gegen Fahrer aus der gleichen Skill-Gruppe f\u00e4hrt.<\/p>\n<p>&nbsp;<\/p>\n<p>Der provisorische Zeitplan findet sich hier:<\/p>\n<p><a href=\"http:\/\/www.raceroom.com\/wp-content\/uploads\/2018\/04\/Timetable-1.1.pdf\">Provisorischer Zeitplan Version 1.1<\/a><\/p>\n<p>&nbsp;<\/p>\n<p>Das Regelwerk findet sich hier:<\/p>\n<p><a href=\"http:\/\/www.raceroom.com\/wp-content\/uploads\/2018\/05\/Rulebook-WTCR-Launch-Event.pdf\">Official Rulebook 1.0<\/a>[\/vc_column_text][\/vc_column][\/vc_row][vc_row][vc_column][vc_empty_space][vc_column_text]<\/p>\n<h2>Anreise und Unterkunft<\/h2>\n<p>&nbsp;<\/p>\n<p>Ein Lageplan des N\u00fcrburgrings findet sich <a href=\"http:\/\/www.nuerburgring.de\/fileadmin\/Streckenskizzen\/2016\/Grundplan_NA1_4rburgring_Legende.pdf\">hier.<\/a> Die ring\u00b0arena ist mit der Nummer 05 vermerkt.<\/p>\n<p>&nbsp;<\/p>\n<p>Die <a href=\"http:\/\/www.nuerburgring.de\/en\/home.html\">Website des N\u00fcrburgrings<\/a> beinhaltet alle Informationen \u00fcber den Veranstaltungsort, Parken, Anreisem\u00f6glichkeiten sowie Informationen zum Thema Camping w\u00e4hrend des Rennens. Tausende Motorsportfans campen und feiern an der Rennstrecke, und Du kannst dabei sein.<\/p>\n<p>&nbsp;<\/p>\n<p>Bevorzugst Du ein Hotel? Ein Hotel in der N\u00e4he zu finden, kann schwierig sein. Jedoch bietet RaceRoom ein <strong>kostenloses Busshuttle von Bonn zum N\u00fcrburgring <\/strong>um die Anreise zu vereinfachen.[\/vc_column_text][vc_accordion active_tab=&#8220;false&#8220; collapsible=&#8220;yes&#8220;][vc_accordion_tab title=&#8220;Bus Shuttle Informationen&#8220;][vc_column_text]Nach unserer Information haben folgende Hotels noch Kapazit\u00e4ten:<\/p>\n<p><strong>InterCityHotel Bonn<\/strong><\/p>\n<p><strong>Centro Hotel Residence Bonn<\/strong><\/p>\n<p><strong>B&amp;B Hotel Bonn<\/strong><\/p>\n<p><strong>Europa Hotel<\/strong><\/p>\n<p>Alle Buchungen, Reservierungen und Zahlungen m\u00fcssen von den Fahrern get\u00e4tigt werden. Die Informationen, die hier geliefert werden, sind rein informativ.<\/p>\n<p>&nbsp;<\/p>\n<p>Der Bus wird jeden Morgen von Bonn an den N\u00fcrburgring fahren, und abends sicher wieder zur\u00fcck. Und er ist tats\u00e4chlich kostenlos.<\/p>\n<p>Hier gibt es die provisorischen Abfahrtsorte und Zeiten:<\/p>\n<p><a href=\"http:\/\/www.raceroom.com\/wp-content\/uploads\/2018\/04\/Bus-Shuttle-Info-1.0.pdf\">Bus Shuttle Information &#8211; Version 1.0<\/a><\/p>\n<p>&nbsp;<\/p>\n<p>Um f\u00fcr einen Platz zugelassen zu sein, muss man entweder an der vorherigen eSports WTCC-Saison teilgenommen haben und ein Ticket gewonnen haben, oder auf dem Online Leaderboard der Esports WTCR vertreten sein. Jeder Fahrer kann maximal 2 Busshuttletickets reservieren und somit eine Person mitnehmen. Au\u00dferdem musst Du eine Best\u00e4tigung liefern, dass du tats\u00e4chlich zum Event kommen m\u00f6chtest. Dies kann ein Scan von Hoteltickets in Bonn oder Umgebung sein, Campingtickets am N\u00fcrburgring oder Eintrittstickets f\u00fcr das 24h-Rennen.<\/p>\n<p>&nbsp;<\/p>\n<p><strong>Die Reservierungen sind ge\u00f6ffnet. Bitte schreibe eine Mail an\u00a0<a href=\"mailto:competition@raceroom.com\">competition@raceroom.com<\/a>\u00a0mit folgenden Informationen:<\/strong><\/p>\n<ul>\n<li>Dein Name<\/li>\n<li>Link zum RaceRoom Profil<\/li>\n<li>Deine Telefonnummer<\/li>\n<li>An welchen Tagen du das Busshuttle in Anspruch nimmst<\/li>\n<li>Scan eines Dokuments, welches best\u00e4tigt, dass du tats\u00e4chlich da bist.<\/li>\n<\/ul>\n<p>Falls du jemanden mitnimmst, brauchen wir:<\/p>\n<ul>\n<li>Den Namen der zweiten Person<\/li>\n<li>Telefonnummer<\/li>\n<li>E-Mail Adresse<\/li>\n<\/ul>\n<p>[\/vc_column_text][\/vc_accordion_tab][\/vc_accordion][\/vc_column][\/vc_row][vc_row][vc_column][vc_empty_space][vc_column_text]<\/p>\n<h2>H\u00e4ufig gestellte Fragen<\/h2>\n<p>[\/vc_column_text][vc_accordion active_tab=&#8220;1&#8243; collapsible=&#8220;yes&#8220;][vc_accordion_tab title=&#8220;Was sind die sportlichen Regeln f\u00fcr das Event?&#8220;][vc_column_text]Das Regelwerk findet sich hier:<\/p>\n<p><a href=\"http:\/\/www.raceroom.com\/wp-content\/uploads\/2018\/05\/Rulebook-WTCR-Launch-Event.pdf\">Official rulebook 1.0<\/a>[\/vc_column_text][\/vc_accordion_tab][vc_accordion_tab title=&#8220;Welches Equipment wird verwendet?&#8220;][vc_column_text]F\u00fcr die Time Attack und die Rennen der Division 3 und 4 verwenden wir Logitech G27 Equipment.<\/p>\n<p>F\u00fcr die Rennen der Division 1 und 2 verwenden wir Fanatec Equipment (CSL pedals, V 2.5 wheelbase, CSL P1 wheel).<\/p>\n<p>Fahrer k\u00f6nnen eigene Headsets mitbringen, aber wir stellen auch Headsets bereit. Ansonsten darf das Equipment oder das Setup nicht ver\u00e4ndert werden. Wir verwenden Standardsetup mit Lenkeinstellungen 540\/20.[\/vc_column_text][\/vc_accordion_tab][vc_accordion_tab title=&#8220;Was muss ich mitbringen, um teilnehmen zu k\u00f6nnen?&#8220;][vc_column_text]<\/p>\n<p>Du musst mitbringen:<\/p>\n<ol>\n<li>Ein legales Dokument mit Foto, wie ein Pass, Personalausweis oder F\u00fchrerschein<\/li>\n<li>Eine funktionierende E-Mail-Adresse<\/li>\n<li>Einen Ausdruck von der Best\u00e4tigung, dass Du in der 2017 eSports WTCC Saison Tickets gewonnen hast<\/li>\n<\/ol>\n<p>[\/vc_column_text][\/vc_accordion_tab][vc_accordion_tab title=&#8220;Wie viel kostet es, am Leaderboard teilzunehmen?&#8220;][vc_column_text]<\/p>\n<p>Die Teilnahme f\u00fcr einen Fahrer kostet 10\u20ac f\u00fcr eine 10-min\u00fctige Session. Du kannst eine unbegrenzte Anzahl an Tickets kaufen. Es ist Deine eigene Verantwortung, dass Du die Tickets einl\u00f6st, w\u00e4hrend die Simulatoren ge\u00f6ffnet sind.<\/p>\n<p>Sobald du f\u00fcr die Rennen qualifiziert bist, entstehen keine weiteren Kosten.<\/p>\n<p>[\/vc_column_text][\/vc_accordion_tab][vc_accordion_tab title=&#8220;Wie ist der Preispool verteilt?&#8220;][vc_column_text]<\/p>\n<p>Die genaue Preisverteilung wird noch bekanntgegeben. Es ist allerdings sicher,<br \/>\ndass mindestens 80 Fahrer Preisgeld gewinnen werden.<\/p>\n<p>[\/vc_column_text][\/vc_accordion_tab][vc_accordion_tab title=&#8220;Muss ich f\u00fcr alle drei Tage vor Ort sein?&#8220;][vc_column_text]Nein. Wenn Du am Event teilnehmen m\u00f6chtest, dann ist es ausreichend, an einem der beiden Qualifier-Tagen sowie am Renntag vor Ort zu sein.[\/vc_column_text][\/vc_accordion_tab][vc_accordion_tab title=&#8220;Was ist mit den echten Autorennen am gleichen Wochenende? Brauche ich daf\u00fcr ein Ticket?&#8220;][vc_column_text]<\/p>\n<p>Um den N\u00fcrburgring Boulevard und die ring\u00b0arena zu betreten, und um somit auch am Launch Event teilzunehmen, brauchst Du kein Ticket.<\/p>\n<p>Wenn du allerdings auch die echten Autorennen sehen m\u00f6chtest, gibt es Tickets <a href=\"http:\/\/www.nuerburgring.de\/en\/events-tickets\/automobile\/adac-zurich-24-hour-race.html\"><strong>hier.<\/strong><\/a> Tickets sind nicht inklusive f\u00fcr Teilnehmer des Launch Events.<\/p>\n<p>[\/vc_column_text][\/vc_accordion_tab][vc_accordion_tab title=&#8220;Wo kann ich die Broadcasts sehen?&#8220;][vc_column_text]Die Rennen werden auf der <a href=\"https:\/\/www.facebook.com\/WorldTouringCarCup\/\">Facebookseite<\/a>\u00a0und dem <a href=\"https:\/\/www.youtube.com\/user\/TheFIAWTCC\">YouTube Kanal<\/a> der FIA WTCR sowie auf dem <a href=\"https:\/\/www.twitch.tv\/raceroomracingexperience\">Twitch-Kanal<\/a> von RaceRoom gestreamt.[\/vc_column_text][\/vc_accordion_tab][vc_accordion_tab title=&#8220;Ich bin Pressevertreter und w\u00fcrde gern \u00fcber das Event berichten. Wo kann ich mehr erfahren?&#8220;][vc_column_text]<\/p>\n<p>Alle Informationen und Bilder auf dieser Seite k\u00f6nnen frei weiterverwendet werden! Wir freuen uns \u00fcber Berichte!<\/p>\n<p>F\u00fcr weitere Infos, melden Sie sich bitte per E-Mail an <a href=\"mailto:competition@raceroom.com\">competition@raceroom.com<\/a><\/p>\n<p>[\/vc_column_text][\/vc_accordion_tab][vc_accordion_tab title=&#8220;Ich habe Interesse, bei diesem Event als Sponsor aufzutreten. Wie kann ich in Verbindung treten?&#8220;][vc_column_text]<\/p>\n<p>Sponsoren sind immer willkommen, und wir k\u00f6nnen eine gro\u00dfe Reichweite f\u00fcr Ihre Marke sicherstellen. Kontaktieren sie uns unter <a href=\"mailto:competition@raceroom.com\">competition@raceroom.com<\/a><\/p>\n<p>[\/vc_column_text][\/vc_accordion_tab][vc_accordion_tab title=&#8220;Meine Frage wurde noch nicht beantwortet. Was nun?&#8220;][vc_column_text]<\/p>\n<p>Stelle uns die Frage per Mail an <a href=\"mailto:competition@raceroom.com\">competition@raceroom.com<\/a><\/p>\n<p>[\/vc_column_text][\/vc_accordion_tab][\/vc_accordion][\/vc_column][\/vc_row]<\/p>\n<\/div>","protected":false},"excerpt":{"rendered":"<p>[vc_row][vc_column][vc_empty_space][vc_column_text] RaceRoom, Eurosport Events, der N\u00fcrburgring und KW Suspensions sind stolz, ein Highlight f\u00fcr alle Gamer, Simracer und Tourenwagenfans ank\u00fcndigen [&hellip;]<\/p>\n","protected":false},"author":3,"featured_media":0,"parent":186,"menu_order":0,"comment_status":"closed","ping_status":"closed","template":"","meta":{"footnotes":""},"class_list":["post-5854","page","type-page","status-publish","hentry"],"yoast_head":"<!-- This site is optimized with the Yoast SEO plugin v25.2 - https:\/\/yoast.com\/wordpress\/plugins\/seo\/ -->\n<title>Esports WTCR Launch Event N\u00fcrburgring - Raceroom.com<\/title>\n<meta name=\"description\" content=\"RaceRoom, Eurosport Events, der N\u00fcrburgring und KW Suspensions sind stolz, ein Highlight f\u00fcr alle Gamer, Simracer und Tourenwagenfans ank\u00fcndigen zu k\u00f6nnen!\" \/>\n<meta name=\"robots\" content=\"index, follow, max-snippet:-1, max-image-preview:large, max-video-preview:-1\" \/>\n<link rel=\"canonical\" href=\"https:\/\/www.raceroom.com\/de\/events\/esports-wtcr-launch-event-nuerburgring-2\/\" \/>\n<meta property=\"og:locale\" content=\"de_DE\" \/>\n<meta property=\"og:type\" content=\"article\" \/>\n<meta property=\"og:title\" content=\"Esports WTCR Launch Event N\u00fcrburgring - Raceroom.com\" \/>\n<meta property=\"og:description\" content=\"RaceRoom, Eurosport Events, der N\u00fcrburgring und KW Suspensions sind stolz, ein Highlight f\u00fcr alle Gamer, Simracer und Tourenwagenfans ank\u00fcndigen zu k\u00f6nnen!\" \/>\n<meta property=\"og:url\" content=\"https:\/\/www.raceroom.com\/de\/events\/esports-wtcr-launch-event-nuerburgring-2\/\" \/>\n<meta property=\"og:site_name\" content=\"Raceroom.com\" \/>\n<meta property=\"article:modified_time\" content=\"2018-05-02T12:22:02+00:00\" \/>\n<meta name=\"twitter:label1\" content=\"Gesch\u00e4tzte Lesezeit\" \/>\n\t<meta name=\"twitter:data1\" content=\"9\u00a0Minuten\" \/>\n<script type=\"application\/ld+json\" class=\"yoast-schema-graph\">{\"@context\":\"https:\/\/schema.org\",\"@graph\":[{\"@type\":\"WebPage\",\"@id\":\"https:\/\/www.raceroom.com\/de\/events\/esports-wtcr-launch-event-nuerburgring-2\/\",\"url\":\"https:\/\/www.raceroom.com\/de\/events\/esports-wtcr-launch-event-nuerburgring-2\/\",\"name\":\"Esports WTCR Launch Event N\u00fcrburgring - Raceroom.com\",\"isPartOf\":{\"@id\":\"https:\/\/www.raceroom.com\/de\/#website\"},\"datePublished\":\"2018-04-03T14:08:55+00:00\",\"dateModified\":\"2018-05-02T12:22:02+00:00\",\"description\":\"RaceRoom, Eurosport Events, der N\u00fcrburgring und KW Suspensions sind stolz, ein Highlight f\u00fcr alle Gamer, Simracer und Tourenwagenfans ank\u00fcndigen zu k\u00f6nnen!\",\"breadcrumb\":{\"@id\":\"https:\/\/www.raceroom.com\/de\/events\/esports-wtcr-launch-event-nuerburgring-2\/#breadcrumb\"},\"inLanguage\":\"de\",\"potentialAction\":[{\"@type\":\"ReadAction\",\"target\":[\"https:\/\/www.raceroom.com\/de\/events\/esports-wtcr-launch-event-nuerburgring-2\/\"]}]},{\"@type\":\"BreadcrumbList\",\"@id\":\"https:\/\/www.raceroom.com\/de\/events\/esports-wtcr-launch-event-nuerburgring-2\/#breadcrumb\",\"itemListElement\":[{\"@type\":\"ListItem\",\"position\":1,\"name\":\"Startseite\",\"item\":\"https:\/\/www.raceroom.com\/de\/\"},{\"@type\":\"ListItem\",\"position\":2,\"name\":\"Events\",\"item\":\"https:\/\/www.raceroom.com\/de\/events\/\"},{\"@type\":\"ListItem\",\"position\":3,\"name\":\"Esports WTCR Launch Event N\u00fcrburgring\"}]},{\"@type\":\"WebSite\",\"@id\":\"https:\/\/www.raceroom.com\/de\/#website\",\"url\":\"https:\/\/www.raceroom.com\/de\/\",\"name\":\"Raceroom.com\",\"description\":\"RaceRoom Racing Experience\",\"potentialAction\":[{\"@type\":\"SearchAction\",\"target\":{\"@type\":\"EntryPoint\",\"urlTemplate\":\"https:\/\/www.raceroom.com\/de\/?s={search_term_string}\"},\"query-input\":{\"@type\":\"PropertyValueSpecification\",\"valueRequired\":true,\"valueName\":\"search_term_string\"}}],\"inLanguage\":\"de\"}]}<\/script>\n<!-- \/ Yoast SEO plugin. -->","yoast_head_json":{"title":"Esports WTCR Launch Event N\u00fcrburgring - Raceroom.com","description":"RaceRoom, Eurosport Events, der N\u00fcrburgring und KW Suspensions sind stolz, ein Highlight f\u00fcr alle Gamer, Simracer und Tourenwagenfans ank\u00fcndigen zu k\u00f6nnen!","robots":{"index":"index","follow":"follow","max-snippet":"max-snippet:-1","max-image-preview":"max-image-preview:large","max-video-preview":"max-video-preview:-1"},"canonical":"https:\/\/www.raceroom.com\/de\/events\/esports-wtcr-launch-event-nuerburgring-2\/","og_locale":"de_DE","og_type":"article","og_title":"Esports WTCR Launch Event N\u00fcrburgring - Raceroom.com","og_description":"RaceRoom, Eurosport Events, der N\u00fcrburgring und KW Suspensions sind stolz, ein Highlight f\u00fcr alle Gamer, Simracer und Tourenwagenfans ank\u00fcndigen zu k\u00f6nnen!","og_url":"https:\/\/www.raceroom.com\/de\/events\/esports-wtcr-launch-event-nuerburgring-2\/","og_site_name":"Raceroom.com","article_modified_time":"2018-05-02T12:22:02+00:00","twitter_misc":{"Gesch\u00e4tzte Lesezeit":"9\u00a0Minuten"},"schema":{"@context":"https:\/\/schema.org","@graph":[{"@type":"WebPage","@id":"https:\/\/www.raceroom.com\/de\/events\/esports-wtcr-launch-event-nuerburgring-2\/","url":"https:\/\/www.raceroom.com\/de\/events\/esports-wtcr-launch-event-nuerburgring-2\/","name":"Esports WTCR Launch Event N\u00fcrburgring - Raceroom.com","isPartOf":{"@id":"https:\/\/www.raceroom.com\/de\/#website"},"datePublished":"2018-04-03T14:08:55+00:00","dateModified":"2018-05-02T12:22:02+00:00","description":"RaceRoom, Eurosport Events, der N\u00fcrburgring und KW Suspensions sind stolz, ein Highlight f\u00fcr alle Gamer, Simracer und Tourenwagenfans ank\u00fcndigen zu k\u00f6nnen!","breadcrumb":{"@id":"https:\/\/www.raceroom.com\/de\/events\/esports-wtcr-launch-event-nuerburgring-2\/#breadcrumb"},"inLanguage":"de","potentialAction":[{"@type":"ReadAction","target":["https:\/\/www.raceroom.com\/de\/events\/esports-wtcr-launch-event-nuerburgring-2\/"]}]},{"@type":"BreadcrumbList","@id":"https:\/\/www.raceroom.com\/de\/events\/esports-wtcr-launch-event-nuerburgring-2\/#breadcrumb","itemListElement":[{"@type":"ListItem","position":1,"name":"Startseite","item":"https:\/\/www.raceroom.com\/de\/"},{"@type":"ListItem","position":2,"name":"Events","item":"https:\/\/www.raceroom.com\/de\/events\/"},{"@type":"ListItem","position":3,"name":"Esports WTCR Launch Event N\u00fcrburgring"}]},{"@type":"WebSite","@id":"https:\/\/www.raceroom.com\/de\/#website","url":"https:\/\/www.raceroom.com\/de\/","name":"Raceroom.com","description":"RaceRoom Racing Experience","potentialAction":[{"@type":"SearchAction","target":{"@type":"EntryPoint","urlTemplate":"https:\/\/www.raceroom.com\/de\/?s={search_term_string}"},"query-input":{"@type":"PropertyValueSpecification","valueRequired":true,"valueName":"search_term_string"}}],"inLanguage":"de"}]}},"_links":{"self":[{"href":"https:\/\/www.raceroom.com\/de\/wp-json\/wp\/v2\/pages\/5854","targetHints":{"allow":["GET"]}}],"collection":[{"href":"https:\/\/www.raceroom.com\/de\/wp-json\/wp\/v2\/pages"}],"about":[{"href":"https:\/\/www.raceroom.com\/de\/wp-json\/wp\/v2\/types\/page"}],"author":[{"embeddable":true,"href":"https:\/\/www.raceroom.com\/de\/wp-json\/wp\/v2\/users\/3"}],"replies":[{"embeddable":true,"href":"https:\/\/www.raceroom.com\/de\/wp-json\/wp\/v2\/comments?post=5854"}],"version-history":[{"count":0,"href":"https:\/\/www.raceroom.com\/de\/wp-json\/wp\/v2\/pages\/5854\/revisions"}],"up":[{"embeddable":true,"href":"https:\/\/www.raceroom.com\/de\/wp-json\/wp\/v2\/pages\/186"}],"wp:attachment":[{"href":"https:\/\/www.raceroom.com\/de\/wp-json\/wp\/v2\/media?parent=5854"}],"curies":[{"name":"wp","href":"https:\/\/api.w.org\/{rel}","templated":true}]}}