{"id":4311,"date":"2015-12-11T12:59:37","date_gmt":"2015-12-11T12:59:37","guid":{"rendered":"http:\/\/portal.raceroom.com\/?page_id=4311"},"modified":"2019-01-07T16:05:20","modified_gmt":"2019-01-07T16:05:20","slug":"dtm-experience","status":"publish","type":"page","link":"https:\/\/www.raceroom.com\/de\/dtm-experience\/","title":{"rendered":"DTM Experience"},"content":{"rendered":"<div class=\"wpb-content-wrapper\"><p>[vc_row type=&#8220;in_container_full_width_background&#8220; imageheight=&#8220;1&#8243; custom_bg=&#8220;4955&#8243;][vc_column width=&#8220;1\/3&#8243;][vc_empty_space][vc_empty_space][vc_single_image image=&#8220;4958&#8243; img_size=&#8220;large&#8220; onclick=&#8220;custom_link&#8220; link=&#8220;http:\/\/game.raceroom.com\/store\/pack\/dtm-experience&#8220;][\/vc_column][vc_column width=&#8220;2\/3&#8243;][\/vc_column][\/vc_row][vc_row][vc_column][vc_empty_space][vc_empty_space][vc_column_text]<\/p>\n<h2 style=\"text-align: left;\">Betritt die Welt eines DTM-Rennfahrers<\/h2>\n<p>[\/vc_column_text][vc_row_inner][vc_column_inner width=&#8220;1\/2&#8243;][vc_video link=&#8220;https:\/\/www.youtube.com\/watch?v=VapFnbQKqNE&#8220;][\/vc_column_inner][vc_column_inner width=&#8220;1\/2&#8243;][vc_empty_space][vc_column_text]<\/p>\n<p style=\"text-align: justify;\">Die magischen Buchstaben \u201eDTM\u201c standen einst f\u00fcr \u201eDeutsche Tourenwagen Meisterschaft\u201c. Heute bilden sie das Markenzeichen der popul\u00e4rsten Tourenwagenserie.\u00a0Mit DTM Experience hast du die M\u00f6glichkeit die DTM als hochkar\u00e4tige Simulation auf deinem PC zu erleben.<\/p>\n<p>&nbsp;<\/p>\n<p style=\"text-align: justify;\"><em>Verantwortlich f\u00fcr die Entwicklung von DTM Experience im Auftrag der DTM sind die Sector 3 Studios AB und die RaceRoom Entertainment AG. \u201eDTM\u201c ist eine Bild-Wortmarke lizenziert durch ITR e.V.<\/em><\/p>\n<p>[\/vc_column_text][\/vc_column_inner][\/vc_row_inner][vc_empty_space][\/vc_column][\/vc_row][vc_row][vc_column][vc_empty_space][\/vc_column][\/vc_row][vc_row][vc_column][vc_accordion active_tab=&#8220;False&#8220; collapsible=&#8220;yes&#8220;][vc_accordion_tab title=&#8220;4 Saisons &#8211; 10 Strecken &#8211; 12 Autos &#8211; 93 Lackierungen&#8220;][vc_row_inner][vc_column_inner][vc_column_text]<\/p>\n<h4 style=\"text-align: justify;\">DTM Experience katapultiert dich direkt ans Steuer!<\/h4>\n<p style=\"text-align: justify;\">Mit DTM Experience erlebst du so real, wie in keinem anderen DTM PC-Spiel zuvor wie es ist, als DTM-Rennfahrer hinter dem Steuer der schnellsten Tourenwagen-Fahrzeuge der Welt zu sitzen.<\/p>\n<p>&nbsp;<\/p>\n<p style=\"text-align: justify;\">Wie in der echten DTM-Saisons von 2013, 2014, 2015 und 2016 erwartet dich in DTM Experience bist du in den echten Wagen auf allen Originalstrecken unterwegs.<\/p>\n<p style=\"text-align: justify;\">DTM Experience wurde zusammen mit den DTM-Rennfahrern Bruno Spengler und Daniel Juncadella entwickelt, um das das bis heute realistischste virtuelle DTM-Erlebnis aller Zeiten zu vermitteln. Der brachiale Sound wird dir die Nackenhaare aufstellen und die reale Fahrphysik des Audi RS5 DTM, BMW M4 DTM und des Mercedes-AMG C 63 DTM wird dich an deine Grenzen bringen.<\/p>\n<p>&nbsp;<\/p>\n<p>Erlerne mit DTM Experience das 1\u00d71 des DTM-Rennsports bei Trainings- und Einzelrennen. Starte deine DTM-Karriere im h\u00e4rtesten DTM-Rennformat aller Zeiten und trete live gegen die DTM-Community bei Online-Multiplayerrennen weltweit an.<\/p>\n<p>&nbsp;<\/p>\n<p style=\"text-align: justify;\">Ob Casual-Gamer oder professioneller Sim-Racer \u2013 NOVICE und AMATEUR Fahrphysikmodelle assistieren neuen und fortgeschrittenen Spielern, w\u00e4hrend das GET REAL Fahrphysikmodell selbst f\u00fcr professionelle Rennfahrer eine Herausforderung ist. DTM Experience unterst\u00fctzt eine gro\u00dfe Auswahl an g\u00e4ngigen Eingabeger\u00e4ten wie Lenkrad, Gamepad oder Keyboard verschiedener Hersteller.<\/p>\n<p>&nbsp;<\/p>\n<p style=\"text-align: justify;\">Erlebe das Adrenalin eines DTM-Rennfahrers an deinem PC!<\/p>\n<h4><\/h4>\n<p>&nbsp;<\/p>\n<h4 style=\"text-align: justify;\"><a href=\"http:\/\/game.raceroom.com\/store\/pack\/dtm-experience\"><strong>Starte jetzt deine virtuelle Tourenwagen-Karriere mit DTM Experience!<\/strong><\/a><\/h4>\n<p>[\/vc_column_text][\/vc_column_inner][\/vc_row_inner][vc_empty_space][vc_images_carousel images=&#8220;4079,4078,4077,4076,4075,4074,4073,4072,4071,4070,4069,4068,4067,4066,4065,4064,4063,4062,4061&#8243; slides_per_view=&#8220;4&#8243;][vc_empty_space][vc_separator][vc_column_text]<\/p>\n<h2>Features<\/h2>\n<p>[\/vc_column_text][vc_row_inner][vc_column_inner width=&#8220;1\/3&#8243;][vc_column_text]<\/p>\n<h4 style=\"text-align: left;\"><strong>Game Features<\/strong><\/h4>\n<ul>\n<li>Boxenstopps<\/li>\n<li>DRS &#8211; Drag Reduction System<\/li>\n<li>Gewicht-Strafen \u2013 Balance of Performance<\/li>\n<li>Adaptive Racing Intelligence &#8211; ARI<\/li>\n<\/ul>\n<p>[\/vc_column_text][\/vc_column_inner][vc_column_inner width=&#8220;1\/3&#8243;][vc_column_text]<\/p>\n<h4><strong>Game Modes<\/strong><\/h4>\n<ul>\n<li>Practice \u2013 Nur Du und die Rennstrecke<\/li>\n<li>Single Race \u2013 Trainiere f\u00fcr den Champion-Titel<\/li>\n<li>Championship mit doppeltem Rennformat\u00a0&#8211; Werde DTM-Champion<\/li>\n<li>Online Multiplayer &#8211; Battle die DTM-Community<\/li>\n<li>DTM Online Competitions \u2013 K\u00e4mpfe um Ruhm und Ehre<\/li>\n<li>Online Leaderboard Challenge \u2013 Der Wettkampf um die beste Rundenzeit<\/li>\n<\/ul>\n<p>[\/vc_column_text][\/vc_column_inner][vc_column_inner width=&#8220;1\/3&#8243;][vc_column_text]<\/p>\n<h4 style=\"text-align: left;\"><strong>Fahrphysikmodelle<\/strong><\/h4>\n<ul>\n<li>Novice<\/li>\n<li>Amateur<\/li>\n<li>Get Real<\/li>\n<\/ul>\n<p>[\/vc_column_text][\/vc_column_inner][\/vc_row_inner][vc_separator][vc_column_text]<\/p>\n<h2>Hersteller<\/h2>\n<p>[\/vc_column_text][vc_row_inner][vc_column_inner width=&#8220;1\/3&#8243;][vc_column_text]<\/p>\n<div class=\"wpb_text_column wpb_content_element blue\">\n<div class=\"wpb_wrapper\">\n<h4><strong>AUDI<\/strong><\/h4>\n<\/div>\n<\/div>\n<p>[\/vc_column_text][vc_images_carousel images=&#8220;4398,4399,4400,4401,4402,4403,4404,4405,4406&#8243;][\/vc_column_inner][vc_column_inner width=&#8220;1\/3&#8243;][vc_column_text]<\/p>\n<div class=\"wpb_text_column wpb_content_element blue\">\n<div class=\"wpb_wrapper\">\n<h4><strong>BMW<\/strong><\/h4>\n<\/div>\n<\/div>\n<p>[\/vc_column_text][vc_images_carousel images=&#8220;4407,4408,4409,4410,4411,4412,4413,4414&#8243;][\/vc_column_inner][vc_column_inner width=&#8220;1\/3&#8243;][vc_column_text]<\/p>\n<div class=\"wpb_text_column wpb_content_element blue\">\n<div class=\"wpb_wrapper\">\n<h4><strong>MERCEDES-AMG<\/strong><\/h4>\n<\/div>\n<\/div>\n<p>[\/vc_column_text][vc_images_carousel images=&#8220;4415,4416,4417,4418,4419,4420,4421,4422&#8243;][\/vc_column_inner][\/vc_row_inner][vc_empty_space][vc_separator][vc_column_text]<\/p>\n<h2>Strecken<\/h2>\n<p>[\/vc_column_text][vc_row_inner][vc_column_inner width=&#8220;1\/2&#8243;][vc_single_image image=&#8220;4424&#8243; img_size=&#8220;full&#8220;][\/vc_column_inner][vc_column_inner width=&#8220;1\/2&#8243;][vc_column_text]<\/p>\n<h4 style=\"text-align: left;\">Hockenheimring<\/h4>\n<p style=\"text-align: justify;\">Der Hockenheimring Baden-W\u00fcrttemberg wurde 2001 neu designt und dient sowohl als Auftakt, als auch als Abschluss der DTM-Saison. Die Strecke verlangt pr\u00e4zises Fahren, insbesondere in den engen Kurvenkombinationen im Motodrom.<\/p>\n<p>[\/vc_column_text][\/vc_column_inner][\/vc_row_inner][vc_row_inner][vc_column_inner width=&#8220;1\/2&#8243;][vc_column_text]<\/p>\n<div class=\"wpb_text_column wpb_content_element blue\">\n<div class=\"wpb_wrapper\">\n<h4><b>EuroSpeedway Lausitzring<\/b><\/h4>\n<p style=\"text-align: justify;\">Der flache Lausitzring verf\u00fchrt die Fahrer mit seinem enormen Grip dazu, zu schnell zu fahren. Aber, um eine gute Runde zu schaffen, muss man sauber fahren und Fehler im Innenfeldbereich vermeiden. Lass es bei den hohen Streckenr\u00e4ndern in der ersten Haarnadel locker angehen, sonst leidet Deine Rundenzeit.<\/p>\n<\/div>\n<\/div>\n<p>[\/vc_column_text][\/vc_column_inner][vc_column_inner width=&#8220;1\/2&#8243;][vc_single_image image=&#8220;4426&#8243; img_size=&#8220;full&#8220; alignment=&#8220;right&#8220;][\/vc_column_inner][\/vc_row_inner][vc_row_inner][vc_column_inner width=&#8220;1\/2&#8243;][vc_single_image image=&#8220;4427&#8243; img_size=&#8220;full&#8220;][\/vc_column_inner][vc_column_inner width=&#8220;1\/2&#8243;][vc_column_text]<\/p>\n<h4><b>Norisring<\/b><\/h4>\n<p style=\"text-align: justify;\">Kompakt, kompromisslos und tr\u00fcgerisch schwierig zu meistern \u2013 trotz der einfachen Streckenf\u00fchrung. Der Norisring ist die einzige Stra\u00dfenstrecke im DTM-Kalender und nichts f\u00fcr schwache Nerven. Die Mauern stehen eng und das hektische Bremsen vor der ersten Haarnadelkurve kann im Rennen alles entscheiden.<\/p>\n<p>[\/vc_column_text][\/vc_column_inner][\/vc_row_inner][vc_row_inner][vc_column_inner width=&#8220;1\/2&#8243;][vc_column_text]<\/p>\n<h4><b>Circuit Park Zandvoort<\/b><\/h4>\n<p style=\"text-align: justify;\">Der Circuit Park Zandvoort ist eine Rennstrecke der alten Schule und in den Niederlanden gelegen, direkt in den D\u00fcnen der K\u00fcste. Die 4,3 km lange Strecke bietet schnelle und ausladende Kurven ebenso wie enge Haarnadelkurven, die ausgezeichnete Gelegenheiten zum \u00dcberholen bieten. Eine echte Herausforderung und bei den Fahrern sehr beliebt.<\/p>\n<p>[\/vc_column_text][\/vc_column_inner][vc_column_inner width=&#8220;1\/2&#8243;][vc_single_image image=&#8220;4428&#8243; img_size=&#8220;full&#8220; alignment=&#8220;right&#8220;][\/vc_column_inner][\/vc_row_inner][vc_row_inner][vc_column_inner width=&#8220;1\/2&#8243;][vc_single_image image=&#8220;4429&#8243; img_size=&#8220;full&#8220;][\/vc_column_inner][vc_column_inner width=&#8220;1\/2&#8243;][vc_column_text]<\/p>\n<h4><b>Red Bull Ring Spielberg<\/b><\/h4>\n<p style=\"text-align: justify;\">Der Red Bull Ring ist eine moderne Aufmachung des \u00d6sterreichrings, belebt die ber\u00fchmten Kurven wieder und f\u00fcgt ein paar neue Gemeinheiten zu den Herausforderungen hinzu, die eine komplette Runde bietet. Enge Kurven und heftige Bremsman\u00f6ver bedeuten gute Gelegenheiten zum \u00dcberholen.<\/p>\n<p>[\/vc_column_text][\/vc_column_inner][\/vc_row_inner][vc_row_inner][vc_column_inner width=&#8220;1\/2&#8243;][vc_column_text]<\/p>\n<h4><b>Moskau<\/b><\/h4>\n<p style=\"text-align: justify;\">Der Moscow Raceway ist die erste Rennstrecke \u00fcberhaupt in Russland, auf der internationale Motorsport-Ereignisse abgehalten werden. In der letzten Saison wurde sie erstmalig in den DTM-Kalender aufgenommen. In der Saison 2014 wurde vom Spritkurs auf den l\u00e4ngeren Grand Prix Kurs gewechselt. Die Streckenf\u00fchrung ist technisch anspruchsvoll, die lange Gerade zur\u00fcck eignet sich zum Windschattenfahren und sp\u00e4te Bremsman\u00f6ver.<\/p>\n<p>[\/vc_column_text][\/vc_column_inner][vc_column_inner width=&#8220;1\/2&#8243;][vc_single_image image=&#8220;4430&#8243; img_size=&#8220;full&#8220; alignment=&#8220;right&#8220;][\/vc_column_inner][\/vc_row_inner][vc_row_inner][vc_column_inner width=&#8220;1\/2&#8243;][vc_single_image image=&#8220;4431&#8243; img_size=&#8220;full&#8220;][\/vc_column_inner][vc_column_inner width=&#8220;1\/2&#8243;][vc_column_text]<\/p>\n<h4><b>Motorsport Arena Oschersleben<\/b><\/h4>\n<p style=\"text-align: justify;\">Oschersleben ist eine knifflige und penible Strecke ohne gro\u00dfe H\u00f6henunterschiede, daf\u00fcr mit viel Drama. Die erste Kurve f\u00fchrt nach links und direkt in eine lange 180-Grad-Wende. Das f\u00fchrt regelm\u00e4\u00dfig zu Beinahe-Unf\u00e4llen und Schrammen im Lack. Die enge Schikane muss aggressiv angefahren werden.<\/p>\n<p>[\/vc_column_text][\/vc_column_inner][\/vc_row_inner][vc_row_inner][vc_column_inner width=&#8220;1\/2&#8243;][vc_column_text]<\/p>\n<h4><b>N\u00fcrburgring<\/b><\/h4>\n<p style=\"text-align: justify;\">Eine Rennstrecke erster Klasse direkt neben der ber\u00fchmten Nordschleife, doch die Herausforderung hier ist eine andere. Eine Haarnadel als erste Kurve macht den Anfang, w\u00e4hrend die Herausforderungen danach bis zur R\u00fcckgeraden kein Ende nehmen. Eine gute Strecke f\u00fcr mehrfache \u00dcberholgelegenheiten innerhalb einer Runde.<\/p>\n<p>[\/vc_column_text][\/vc_column_inner][vc_column_inner width=&#8220;1\/2&#8243;][vc_single_image image=&#8220;4433&#8243; img_size=&#8220;full&#8220; alignment=&#8220;right&#8220;][\/vc_column_inner][\/vc_row_inner][vc_row_inner][vc_column_inner width=&#8220;1\/2&#8243;][vc_single_image image=&#8220;4490&#8243; img_size=&#8220;full&#8220;][\/vc_column_inner][vc_column_inner width=&#8220;1\/2&#8243;][vc_column_text]<\/p>\n<h4><b>Hungaroring<\/b><\/h4>\n<p style=\"text-align: justify;\">Eingebettet in ein Tal in der ungarischen Landschaft, ist diese Strecke f\u00fcr Zuschauer und Fahrer ein fantastisches Erlebnis. Die vier Kilometer sind ziemlich abwechslungsreich und bieten diverse \u00dcberholm\u00f6glichkeiten: Motorhaube an Motorhaube zu fahren, das ist hier die Norm.<\/p>\n<p>[\/vc_column_text][\/vc_column_inner][\/vc_row_inner][vc_row_inner][vc_column_inner width=&#8220;1\/2&#8243;][vc_column_text]<\/p>\n<h4><b>Brands Hatch<\/b><\/h4>\n<p style=\"text-align: justify;\">Brands Hatch ist mit ihren dramatischen Kurven, H\u00fcgeln und Senken eine ernsthafte Pr\u00fcfung der Fahrer. Die blinde Einfahrt in die Paddock Hill Bend ist insbesondere eine der gro\u00dfen Pr\u00fcfungen des Rennsports und bietet immer wieder Dramen und Spannung.<\/p>\n<p>[\/vc_column_text][\/vc_column_inner][vc_column_inner width=&#8220;1\/2&#8243;][vc_single_image image=&#8220;4537&#8243; img_size=&#8220;full&#8220; alignment=&#8220;right&#8220;][\/vc_column_inner][\/vc_row_inner][vc_empty_space][vc_separator][vc_empty_space][vc_column_text]<\/p>\n<blockquote>\n<h3>Finde weitere Informationen zu\u00a0Systemanforderungen &amp; Installation im <a href=\"http:\/\/game.raceroom.com\/store\/pack\/dtm-experience\" target=\"_blank\" rel=\"noopener\">Online Shop<\/a><\/h3>\n<\/blockquote>\n<p>[\/vc_column_text][vc_empty_space][\/vc_accordion_tab][\/vc_accordion][\/vc_column][\/vc_row][vc_row type=&#8220;in_container_full_width_background&#8220; custom_color_bg=&#8220;14,39,80,1&#8243; css=&#8220;.vc_custom_1457956859980{padding-top: 20px !important;padding-right: 20px !important;padding-left: 20px !important;}&#8220; el_class=&#8220;bereich_center&#8220;][vc_column]<div class=\"rr_title\"><h1>Hole dir die DTM Experience<\/h1><a class=\"btn btn-default\" href=\"http:\/\/game.raceroom.com\/store\/pack\/dtm-experience\" role=\"button\"   >Hier geht's ins Cockpit<\/a><\/div>[\/vc_column][\/vc_row][vc_row][vc_column][vc_empty_space][\/vc_column][\/vc_row][vc_row][vc_column width=&#8220;1\/3&#8243;][vc_column_text]<\/p>\n<h2 style=\"text-align: center;\"><a href=\"https:\/\/www.raceroom.com\/de\/news\/?categoryID=55\" target=\"_blank\" rel=\"noopener\">News <\/a>&amp;\u00a0<a href=\"https:\/\/www.raceroom.com\/de\/events\/\" target=\"_blank\" rel=\"noopener\">Events<\/a><\/h2>\n<p>[\/vc_column_text][vc_single_image image=&#8220;4545&#8243; img_size=&#8220;full&#8220; onclick=&#8220;custom_link&#8220; link=&#8220;http:\/\/www.raceroom.com\/news\/?categoryID=55&#8243;][\/vc_column][vc_column width=&#8220;1\/3&#8243;][vc_column_text]<\/p>\n<h2 style=\"text-align: center;\"><a href=\"http:\/\/game.raceroom.com\/dtm2015\/competitions\/\" target=\"_blank\" rel=\"noopener\">Competitions &amp; Results<\/a><\/h2>\n<p>[\/vc_column_text][vc_single_image image=&#8220;4552&#8243; img_size=&#8220;full&#8220; onclick=&#8220;custom_link&#8220; img_link_target=&#8220;_blank&#8220; link=&#8220;http:\/\/game.raceroom.com\/competitions\/&#8220;][\/vc_column][vc_column width=&#8220;1\/3&#8243;][vc_column_text]<\/p>\n<h2 style=\"text-align: center;\"><a href=\"http:\/\/game.raceroom.com\/partners\/DTM\" target=\"_blank\" rel=\"noopener\">R3E Portal<\/a><\/h2>\n<p>[\/vc_column_text][vc_single_image image=&#8220;4553&#8243; img_size=&#8220;full&#8220; onclick=&#8220;custom_link&#8220; img_link_target=&#8220;_blank&#8220; link=&#8220;http:\/\/game.raceroom.com\/partners\/DTM&#8220;][\/vc_column][\/vc_row][vc_row][vc_column][vc_empty_space][\/vc_column][\/vc_row][vc_row parallax=&#8220;parallax&#8220; type=&#8220;in_container_full_width_background&#8220; custom_bg=&#8220;4438&#8243;][vc_column][vc_empty_space height=&#8220;250px&#8220;][\/vc_column][\/vc_row][vc_row][vc_column][vc_empty_space][vc_empty_space][\/vc_column][\/vc_row][vc_row][vc_column][vc_column_text]<\/p>\n<h2>Exklusive Produkte f\u00fcr virtuellen DTM-Motorsport im <a href=\"https:\/\/www.raceroomstore.com\/shop_de\/\" target=\"_blank\" rel=\"noopener\">RaceRoom Online Shop<\/a><\/h2>\n<p>[\/vc_column_text][vc_row_inner][vc_column_inner width=&#8220;1\/2&#8243;][vc_column_text]Hole dir den <a href=\"https:\/\/www.raceroomstore.com\/shop_de\/dtm-experience-controller-blau.html\" target=\"_blank\" rel=\"noopener\">DTM Game Controller <\/a>mit Force Feedback Mini Steering Wheel\u00a0im exklusiven DTM-Design.<\/p>\n<p>&nbsp;<\/p>\n<p>Bei uns im Shop findest du das perfekte Hardware Equipment f\u00fcr professionellen virtuellen DTM-Motorsport sowie alle <a href=\"https:\/\/www.raceroomstore.com\/shop_de\/list_page?cat=15\" target=\"_blank\" rel=\"noopener\">DTM Experience Spiele<\/a>.[\/vc_column_text][vc_empty_space]<div class=\"rr_title\"><h1><\/h1><a class=\"btn btn-default rr_black\" href=\"https:\/\/www.raceroomstore.com\/shop_de\/\" role=\"button\"   >Zum RaceRoom Online Shop<\/a><\/div>[\/vc_column_inner][vc_column_inner width=&#8220;1\/2&#8243;][vc_single_image image=&#8220;4541&#8243; img_size=&#8220;full&#8220; onclick=&#8220;custom_link&#8220; img_link_target=&#8220;_blank&#8220; link=&#8220;https:\/\/www.raceroomstore.com\/shop_de\/&#8220;][\/vc_column_inner][\/vc_row_inner][\/vc_column][\/vc_row][vc_row][vc_column][vc_empty_space][\/vc_column][\/vc_row][vc_column][\/vc_column]<\/p>\n<\/div>","protected":false},"excerpt":{"rendered":"<p>[vc_row type=&#8220;in_container_full_width_background&#8220; imageheight=&#8220;1&#8243; custom_bg=&#8220;4955&#8243;][vc_column width=&#8220;1\/3&#8243;][vc_empty_space][vc_empty_space][vc_single_image image=&#8220;4958&#8243; img_size=&#8220;large&#8220; onclick=&#8220;custom_link&#8220; link=&#8220;http:\/\/game.raceroom.com\/store\/pack\/dtm-experience&#8220;][\/vc_column][vc_column width=&#8220;2\/3&#8243;][\/vc_column][\/vc_row][vc_row][vc_column][vc_empty_space][vc_empty_space][vc_column_text] Betritt die Welt eines DTM-Rennfahrers [\/vc_column_text][vc_row_inner][vc_column_inner width=&#8220;1\/2&#8243;][vc_video link=&#8220;https:\/\/www.youtube.com\/watch?v=VapFnbQKqNE&#8220;][\/vc_column_inner][vc_column_inner width=&#8220;1\/2&#8243;][vc_empty_space][vc_column_text] Die [&hellip;]<\/p>\n","protected":false},"author":3,"featured_media":0,"parent":0,"menu_order":0,"comment_status":"closed","ping_status":"closed","template":"page-wothout-header.php","meta":{"footnotes":""},"class_list":["post-4311","page","type-page","status-publish","hentry"],"yoast_head":"<!-- This site is optimized with the Yoast SEO plugin v25.2 - https:\/\/yoast.com\/wordpress\/plugins\/seo\/ -->\n<title>DTM Experience - Raceroom.com<\/title>\n<meta name=\"description\" content=\"Die magischen Buchstaben: \u201eDTM\u201c. Mit DTM Experience in RaceRoom hast Du die M\u00f6glichkeit, die DTM als hochkar\u00e4tige Simulation auf deinem PC zu erleben.\" \/>\n<meta name=\"robots\" content=\"index, follow, max-snippet:-1, max-image-preview:large, max-video-preview:-1\" \/>\n<link rel=\"canonical\" href=\"https:\/\/www.raceroom.com\/de\/dtm-experience\/\" \/>\n<meta property=\"og:locale\" content=\"de_DE\" \/>\n<meta property=\"og:type\" content=\"article\" \/>\n<meta property=\"og:title\" content=\"DTM Experience - Raceroom.com\" \/>\n<meta property=\"og:description\" content=\"Die magischen Buchstaben: \u201eDTM\u201c. Mit DTM Experience in RaceRoom hast Du die M\u00f6glichkeit, die DTM als hochkar\u00e4tige Simulation auf deinem PC zu erleben.\" \/>\n<meta property=\"og:url\" content=\"https:\/\/www.raceroom.com\/de\/dtm-experience\/\" \/>\n<meta property=\"og:site_name\" content=\"Raceroom.com\" \/>\n<meta property=\"article:modified_time\" content=\"2019-01-07T16:05:20+00:00\" \/>\n<meta name=\"twitter:label1\" content=\"Gesch\u00e4tzte Lesezeit\" \/>\n\t<meta name=\"twitter:data1\" content=\"9\u00a0Minuten\" \/>\n<script type=\"application\/ld+json\" class=\"yoast-schema-graph\">{\"@context\":\"https:\/\/schema.org\",\"@graph\":[{\"@type\":\"WebPage\",\"@id\":\"https:\/\/www.raceroom.com\/de\/dtm-experience\/\",\"url\":\"https:\/\/www.raceroom.com\/de\/dtm-experience\/\",\"name\":\"DTM Experience - Raceroom.com\",\"isPartOf\":{\"@id\":\"https:\/\/www.raceroom.com\/de\/#website\"},\"datePublished\":\"2015-12-11T12:59:37+00:00\",\"dateModified\":\"2019-01-07T16:05:20+00:00\",\"description\":\"Die magischen Buchstaben: \u201eDTM\u201c. Mit DTM Experience in RaceRoom hast Du die M\u00f6glichkeit, die DTM als hochkar\u00e4tige Simulation auf deinem PC zu erleben.\",\"breadcrumb\":{\"@id\":\"https:\/\/www.raceroom.com\/de\/dtm-experience\/#breadcrumb\"},\"inLanguage\":\"de\",\"potentialAction\":[{\"@type\":\"ReadAction\",\"target\":[\"https:\/\/www.raceroom.com\/de\/dtm-experience\/\"]}]},{\"@type\":\"BreadcrumbList\",\"@id\":\"https:\/\/www.raceroom.com\/de\/dtm-experience\/#breadcrumb\",\"itemListElement\":[{\"@type\":\"ListItem\",\"position\":1,\"name\":\"Startseite\",\"item\":\"https:\/\/www.raceroom.com\/de\/\"},{\"@type\":\"ListItem\",\"position\":2,\"name\":\"DTM Experience\"}]},{\"@type\":\"WebSite\",\"@id\":\"https:\/\/www.raceroom.com\/de\/#website\",\"url\":\"https:\/\/www.raceroom.com\/de\/\",\"name\":\"Raceroom.com\",\"description\":\"RaceRoom Racing Experience\",\"potentialAction\":[{\"@type\":\"SearchAction\",\"target\":{\"@type\":\"EntryPoint\",\"urlTemplate\":\"https:\/\/www.raceroom.com\/de\/?s={search_term_string}\"},\"query-input\":{\"@type\":\"PropertyValueSpecification\",\"valueRequired\":true,\"valueName\":\"search_term_string\"}}],\"inLanguage\":\"de\"}]}<\/script>\n<!-- \/ Yoast SEO plugin. -->","yoast_head_json":{"title":"DTM Experience - Raceroom.com","description":"Die magischen Buchstaben: \u201eDTM\u201c. Mit DTM Experience in RaceRoom hast Du die M\u00f6glichkeit, die DTM als hochkar\u00e4tige Simulation auf deinem PC zu erleben.","robots":{"index":"index","follow":"follow","max-snippet":"max-snippet:-1","max-image-preview":"max-image-preview:large","max-video-preview":"max-video-preview:-1"},"canonical":"https:\/\/www.raceroom.com\/de\/dtm-experience\/","og_locale":"de_DE","og_type":"article","og_title":"DTM Experience - Raceroom.com","og_description":"Die magischen Buchstaben: \u201eDTM\u201c. Mit DTM Experience in RaceRoom hast Du die M\u00f6glichkeit, die DTM als hochkar\u00e4tige Simulation auf deinem PC zu erleben.","og_url":"https:\/\/www.raceroom.com\/de\/dtm-experience\/","og_site_name":"Raceroom.com","article_modified_time":"2019-01-07T16:05:20+00:00","twitter_misc":{"Gesch\u00e4tzte Lesezeit":"9\u00a0Minuten"},"schema":{"@context":"https:\/\/schema.org","@graph":[{"@type":"WebPage","@id":"https:\/\/www.raceroom.com\/de\/dtm-experience\/","url":"https:\/\/www.raceroom.com\/de\/dtm-experience\/","name":"DTM Experience - Raceroom.com","isPartOf":{"@id":"https:\/\/www.raceroom.com\/de\/#website"},"datePublished":"2015-12-11T12:59:37+00:00","dateModified":"2019-01-07T16:05:20+00:00","description":"Die magischen Buchstaben: \u201eDTM\u201c. Mit DTM Experience in RaceRoom hast Du die M\u00f6glichkeit, die DTM als hochkar\u00e4tige Simulation auf deinem PC zu erleben.","breadcrumb":{"@id":"https:\/\/www.raceroom.com\/de\/dtm-experience\/#breadcrumb"},"inLanguage":"de","potentialAction":[{"@type":"ReadAction","target":["https:\/\/www.raceroom.com\/de\/dtm-experience\/"]}]},{"@type":"BreadcrumbList","@id":"https:\/\/www.raceroom.com\/de\/dtm-experience\/#breadcrumb","itemListElement":[{"@type":"ListItem","position":1,"name":"Startseite","item":"https:\/\/www.raceroom.com\/de\/"},{"@type":"ListItem","position":2,"name":"DTM Experience"}]},{"@type":"WebSite","@id":"https:\/\/www.raceroom.com\/de\/#website","url":"https:\/\/www.raceroom.com\/de\/","name":"Raceroom.com","description":"RaceRoom Racing Experience","potentialAction":[{"@type":"SearchAction","target":{"@type":"EntryPoint","urlTemplate":"https:\/\/www.raceroom.com\/de\/?s={search_term_string}"},"query-input":{"@type":"PropertyValueSpecification","valueRequired":true,"valueName":"search_term_string"}}],"inLanguage":"de"}]}},"_links":{"self":[{"href":"https:\/\/www.raceroom.com\/de\/wp-json\/wp\/v2\/pages\/4311","targetHints":{"allow":["GET"]}}],"collection":[{"href":"https:\/\/www.raceroom.com\/de\/wp-json\/wp\/v2\/pages"}],"about":[{"href":"https:\/\/www.raceroom.com\/de\/wp-json\/wp\/v2\/types\/page"}],"author":[{"embeddable":true,"href":"https:\/\/www.raceroom.com\/de\/wp-json\/wp\/v2\/users\/3"}],"replies":[{"embeddable":true,"href":"https:\/\/www.raceroom.com\/de\/wp-json\/wp\/v2\/comments?post=4311"}],"version-history":[{"count":0,"href":"https:\/\/www.raceroom.com\/de\/wp-json\/wp\/v2\/pages\/4311\/revisions"}],"wp:attachment":[{"href":"https:\/\/www.raceroom.com\/de\/wp-json\/wp\/v2\/media?parent=4311"}],"curies":[{"name":"wp","href":"https:\/\/api.w.org\/{rel}","templated":true}]}}