{"id":396,"date":"2015-04-20T15:27:05","date_gmt":"2015-04-20T15:27:05","guid":{"rendered":"http:\/\/malta1097.startdedicated.de\/?page_id=396"},"modified":"2018-02-07T17:19:14","modified_gmt":"2018-02-07T17:19:14","slug":"racerooms","status":"publish","type":"page","link":"https:\/\/www.raceroom.com\/de\/racerooms\/","title":{"rendered":"RaceRooms"},"content":{"rendered":"<div class=\"wpb-content-wrapper\"><p>[vc_row css=&#8220;.vc_custom_1434705837060{margin-top: 60px !important;}&#8220; syp_button=&#8220;&#8220;][vc_column][vc_column_text]<\/p>\n<h2>RaceRooms<\/h2>\n<p>[\/vc_column_text][vc_column_text]Unsere RaceRooms sind der perfekte Treffpunkt f\u00fcr alle Motorsportfans und solche die es werden wollen. Urspr\u00fcnglich aus der Idee entstanden, einen Ort zu schaffen, an dem jeder &#8211; egal ob Profi oder Anf\u00e4nger &#8211; die M\u00f6glichkeit hat Motorsport zu betreiben, ist der RaceRoom der ideale Ort, um selbst einmal Rennsport zu betreiben.<\/p>\n<p>&nbsp;<\/p>\n<p>Hochwertige Rennsimulatoren &#8211; ausgestattet mit Breitbildmonitoren, Rennschalensitzen, Lenk- und Pedaleinheiten vermitteln ein unvergleichlich realit\u00e4tsnahes Gef\u00fchl, das sonst nur echte Rennfahrer erfahren k\u00f6nnen.<\/p>\n<p>&nbsp;<\/p>\n<p>Packende Multiplayer Rennen gegen deine Freunde oder andere Besucher sowie Trainingsrunden im spannenden Wettlauf gegen die Zeit versprechen virtuelle Renn-Action vom Feinsten.<\/p>\n<p>Unsere RaceRooms findest du an verschiedenen Orten auf der ganzen Welt und vielleicht auch in deiner N\u00e4he.\u00a0Komm vorbei und wage den Einstieg in den virtuellen Motorsport. Wir freuen uns auf dich!<\/p>\n<p>&nbsp;<\/p>\n<blockquote><p><strong>Interesse einen eigenen RaceRoom zu er\u00f6ffnen? N\u00e4here Informationen dazu gibt es <a href=\"http:\/\/b2b.raceroom.com\/de\/kommerzielles-entertainment\/\" target=\"_blank\" rel=\"noopener\">hier.<\/a><\/strong><\/p><\/blockquote>\n<p>[\/vc_column_text][vc_empty_space][vc_column_text]<\/p>\n<h2>\u00dcbersicht:<\/h2>\n<p>[\/vc_column_text][\/vc_column][\/vc_row]<\/p>\n<\/div>","protected":false},"excerpt":{"rendered":"<p>[vc_row css=&#8220;.vc_custom_1434705837060{margin-top: 60px !important;}&#8220; syp_button=&#8220;&#8220;][vc_column][vc_column_text] RaceRooms [\/vc_column_text][vc_column_text]Unsere RaceRooms sind der perfekte Treffpunkt f\u00fcr alle Motorsportfans und solche die es werden [&hellip;]<\/p>\n","protected":false},"author":1,"featured_media":0,"parent":0,"menu_order":0,"comment_status":"closed","ping_status":"closed","template":"archive_e-racing.php","meta":{"footnotes":""},"class_list":["post-396","page","type-page","status-publish","hentry"],"yoast_head":"<!-- This site is optimized with the Yoast SEO plugin v25.2 - https:\/\/yoast.com\/wordpress\/plugins\/seo\/ -->\n<title>RaceRooms - Raceroom.com<\/title>\n<meta name=\"robots\" content=\"index, follow, max-snippet:-1, max-image-preview:large, max-video-preview:-1\" \/>\n<link rel=\"canonical\" href=\"https:\/\/www.raceroom.com\/de\/racerooms\/\" \/>\n<meta property=\"og:locale\" content=\"de_DE\" \/>\n<meta property=\"og:type\" content=\"article\" \/>\n<meta property=\"og:title\" content=\"RaceRooms - Raceroom.com\" \/>\n<meta property=\"og:description\" content=\"[vc_row css=&#8220;.vc_custom_1434705837060{margin-top: 60px !important;}&#8220; syp_button=&#8220;&#8220;][vc_column][vc_column_text] RaceRooms [\/vc_column_text][vc_column_text]Unsere RaceRooms sind der perfekte Treffpunkt f\u00fcr alle Motorsportfans und solche die es werden [&hellip;]\" \/>\n<meta property=\"og:url\" content=\"https:\/\/www.raceroom.com\/de\/racerooms\/\" \/>\n<meta property=\"og:site_name\" content=\"Raceroom.com\" \/>\n<meta property=\"article:modified_time\" content=\"2018-02-07T17:19:14+00:00\" \/>\n<meta name=\"twitter:label1\" content=\"Gesch\u00e4tzte Lesezeit\" \/>\n\t<meta name=\"twitter:data1\" content=\"1\u00a0Minute\" \/>\n<script type=\"application\/ld+json\" class=\"yoast-schema-graph\">{\"@context\":\"https:\/\/schema.org\",\"@graph\":[{\"@type\":\"WebPage\",\"@id\":\"https:\/\/www.raceroom.com\/de\/racerooms\/\",\"url\":\"https:\/\/www.raceroom.com\/de\/racerooms\/\",\"name\":\"RaceRooms - Raceroom.com\",\"isPartOf\":{\"@id\":\"https:\/\/www.raceroom.com\/de\/#website\"},\"datePublished\":\"2015-04-20T15:27:05+00:00\",\"dateModified\":\"2018-02-07T17:19:14+00:00\",\"breadcrumb\":{\"@id\":\"https:\/\/www.raceroom.com\/de\/racerooms\/#breadcrumb\"},\"inLanguage\":\"de\",\"potentialAction\":[{\"@type\":\"ReadAction\",\"target\":[\"https:\/\/www.raceroom.com\/de\/racerooms\/\"]}]},{\"@type\":\"BreadcrumbList\",\"@id\":\"https:\/\/www.raceroom.com\/de\/racerooms\/#breadcrumb\",\"itemListElement\":[{\"@type\":\"ListItem\",\"position\":1,\"name\":\"Startseite\",\"item\":\"https:\/\/www.raceroom.com\/de\/\"},{\"@type\":\"ListItem\",\"position\":2,\"name\":\"RaceRooms\"}]},{\"@type\":\"WebSite\",\"@id\":\"https:\/\/www.raceroom.com\/de\/#website\",\"url\":\"https:\/\/www.raceroom.com\/de\/\",\"name\":\"Raceroom.com\",\"description\":\"RaceRoom Racing Experience\",\"potentialAction\":[{\"@type\":\"SearchAction\",\"target\":{\"@type\":\"EntryPoint\",\"urlTemplate\":\"https:\/\/www.raceroom.com\/de\/?s={search_term_string}\"},\"query-input\":{\"@type\":\"PropertyValueSpecification\",\"valueRequired\":true,\"valueName\":\"search_term_string\"}}],\"inLanguage\":\"de\"}]}<\/script>\n<!-- \/ Yoast SEO plugin. -->","yoast_head_json":{"title":"RaceRooms - Raceroom.com","robots":{"index":"index","follow":"follow","max-snippet":"max-snippet:-1","max-image-preview":"max-image-preview:large","max-video-preview":"max-video-preview:-1"},"canonical":"https:\/\/www.raceroom.com\/de\/racerooms\/","og_locale":"de_DE","og_type":"article","og_title":"RaceRooms - Raceroom.com","og_description":"[vc_row css=&#8220;.vc_custom_1434705837060{margin-top: 60px !important;}&#8220; syp_button=&#8220;&#8220;][vc_column][vc_column_text] RaceRooms [\/vc_column_text][vc_column_text]Unsere RaceRooms sind der perfekte Treffpunkt f\u00fcr alle Motorsportfans und solche die es werden [&hellip;]","og_url":"https:\/\/www.raceroom.com\/de\/racerooms\/","og_site_name":"Raceroom.com","article_modified_time":"2018-02-07T17:19:14+00:00","twitter_misc":{"Gesch\u00e4tzte Lesezeit":"1\u00a0Minute"},"schema":{"@context":"https:\/\/schema.org","@graph":[{"@type":"WebPage","@id":"https:\/\/www.raceroom.com\/de\/racerooms\/","url":"https:\/\/www.raceroom.com\/de\/racerooms\/","name":"RaceRooms - Raceroom.com","isPartOf":{"@id":"https:\/\/www.raceroom.com\/de\/#website"},"datePublished":"2015-04-20T15:27:05+00:00","dateModified":"2018-02-07T17:19:14+00:00","breadcrumb":{"@id":"https:\/\/www.raceroom.com\/de\/racerooms\/#breadcrumb"},"inLanguage":"de","potentialAction":[{"@type":"ReadAction","target":["https:\/\/www.raceroom.com\/de\/racerooms\/"]}]},{"@type":"BreadcrumbList","@id":"https:\/\/www.raceroom.com\/de\/racerooms\/#breadcrumb","itemListElement":[{"@type":"ListItem","position":1,"name":"Startseite","item":"https:\/\/www.raceroom.com\/de\/"},{"@type":"ListItem","position":2,"name":"RaceRooms"}]},{"@type":"WebSite","@id":"https:\/\/www.raceroom.com\/de\/#website","url":"https:\/\/www.raceroom.com\/de\/","name":"Raceroom.com","description":"RaceRoom Racing Experience","potentialAction":[{"@type":"SearchAction","target":{"@type":"EntryPoint","urlTemplate":"https:\/\/www.raceroom.com\/de\/?s={search_term_string}"},"query-input":{"@type":"PropertyValueSpecification","valueRequired":true,"valueName":"search_term_string"}}],"inLanguage":"de"}]}},"_links":{"self":[{"href":"https:\/\/www.raceroom.com\/de\/wp-json\/wp\/v2\/pages\/396","targetHints":{"allow":["GET"]}}],"collection":[{"href":"https:\/\/www.raceroom.com\/de\/wp-json\/wp\/v2\/pages"}],"about":[{"href":"https:\/\/www.raceroom.com\/de\/wp-json\/wp\/v2\/types\/page"}],"author":[{"embeddable":true,"href":"https:\/\/www.raceroom.com\/de\/wp-json\/wp\/v2\/users\/1"}],"replies":[{"embeddable":true,"href":"https:\/\/www.raceroom.com\/de\/wp-json\/wp\/v2\/comments?post=396"}],"version-history":[{"count":0,"href":"https:\/\/www.raceroom.com\/de\/wp-json\/wp\/v2\/pages\/396\/revisions"}],"wp:attachment":[{"href":"https:\/\/www.raceroom.com\/de\/wp-json\/wp\/v2\/media?parent=396"}],"curies":[{"name":"wp","href":"https:\/\/api.w.org\/{rel}","templated":true}]}}