{"id":3587,"date":"2015-08-06T07:28:32","date_gmt":"2015-08-06T07:28:32","guid":{"rendered":"http:\/\/portal.raceroom.com\/?page_id=3587"},"modified":"2022-07-22T14:57:53","modified_gmt":"2022-07-22T14:57:53","slug":"vermietung","status":"publish","type":"page","link":"https:\/\/www.raceroom.com\/de\/vermietung\/","title":{"rendered":"Rennsimulatoren mieten"},"content":{"rendered":"<div class=\"wpb-content-wrapper\"><p>[vc_row][vc_column][vc_empty_space][vc_column_text]<br \/>\n[\/vc_column_text][vc_row_inner][vc_column_inner width=&#8220;1\/2&#8243;][vc_column_text]<\/p>\n<h4>Mieten Sie unseren mobilen RaceRoom und entfachen Sie die Emotionen des Motorsports an dem Ort Ihrer Wahl.<\/h4>\n<p>&nbsp;<\/p>\n<p>RaceRoom bietet individuelle L\u00f6sungen f\u00fcr jede Art von Event:<\/p>\n<ul>\n<li>Einzigartige Gruppenerlebnisse<\/li>\n<li>Incentives f\u00fcr Kunden und Mitarbeiter<\/li>\n<li>Promotion, Teambildung, Kick-off Events oder Firmenveranstaltung<\/li>\n<li>Private Veranstaltungen wie Geburtstagsfeiern, Gruppenausfl\u00fcge,<\/li>\n<li>Klassen- oder Vereinstreffen uvm.<\/li>\n<\/ul>\n<p>&nbsp;<\/p>\n<p style=\"text-align: justify;\">Schaffen Sie mit RaceRoom eine Basis f\u00fcr Kunden-Interaktion und verbinden Sie das Image Ihrer Marke bei Ihren Kunden nachhaltig mit den Emotionen und der Leidenschaft des Motorsports.<\/p>\n<p>[\/vc_column_text][\/vc_column_inner][vc_column_inner width=&#8220;1\/2&#8243;][vc_single_image image=&#8220;5590&#8243; img_size=&#8220;full&#8220;][\/vc_column_inner][\/vc_row_inner][vc_row_inner][vc_column_inner width=&#8220;1\/2&#8243;][vc_column_text]<\/p>\n<ul>\n<li>Innovative mobile Konzepte f\u00fcr den Innen- und Au\u00dfeneinsatz<\/li>\n<li>Einzigartige Eventsoftware f\u00fcr virtuellen Motorsport<\/li>\n<li>2 bis 24 Simulatoren in einen Netzwerk f\u00fcr packende Rennen gegeneinander<\/li>\n<li>Hocheffektive Marketingm\u00f6glichkeiten zur Kundengenerierung und Firmenpr\u00e4sentation<\/li>\n<\/ul>\n<p>[\/vc_column_text][\/vc_column_inner][vc_column_inner width=&#8220;1\/2&#8243;][vc_column_text]<\/p>\n<blockquote><p><strong>Nutzen Sie unser einzigartiges mobiles Unterhaltungskonzept mit integrierten, hoch effektiven Marketing-Werkzeugen zur Kundenakquise und Kundenbindung. <a href=\"https:\/\/www.raceroom.com\/de\/anfrageformular\/\" target=\"_blank\" rel=\"noopener\">Jetzt mieten!<\/a><\/strong><\/p><\/blockquote>\n<p>[\/vc_column_text][\/vc_column_inner][\/vc_row_inner][vc_row_inner][vc_column_inner][vc_images_carousel images=&#8220;3630,3631,3650,3654,3634,3641,3632,3646,3633,3635,3636,3637,3638,3639,3640,3642,3643,3644,3647,3648,3649,3651&#8243; slides_per_view=&#8220;4&#8243;][\/vc_column_inner][\/vc_row_inner][vc_column_text]<\/p>\n<h2 style=\"text-align: center;\">Ihre\u00a0Ansprechpartner f\u00fcr\u00a0n\u00e4here Informationen:<\/h2>\n<p>[\/vc_column_text][vc_row_inner][vc_column_inner width=&#8220;1\/4&#8243;][vc_column_text]<\/p>\n<h4><strong>Deutschland \/ International<\/strong><\/h4>\n<p>E-Mail:\u00a0<a href=\"mailto:events@RaceRoom.com\">events@raceroom.com<\/a><\/p>\n<p>Telefon: +49 7971 \/\u00a09630-181<\/p>\n<p><a class=\"ql-link\" href=\"http:\/\/raceroom.com\/de\" target=\"_blank\" rel=\"noopener noreferrer\">raceroom.com\/de<\/a>[\/vc_column_text][\/vc_column_inner][vc_column_inner width=&#8220;1\/4&#8243;][vc_column_text]<\/p>\n<h4><strong>USA<\/strong><\/h4>\n<p>E-Mail: <a href=\"mailto:contact.usa@raceroom.com\">contact.usa@raceroom.com<\/a><\/p>\n<p>Telefon: +1 855 321 7223<\/p>\n<p><a class=\"ql-link\" href=\"http:\/\/raceroom.com\/en\" target=\"_blank\" rel=\"noopener noreferrer\">raceroom.com\/en<\/a>[\/vc_column_text][\/vc_column_inner][vc_column_inner width=&#8220;1\/4&#8243;][vc_column_text]<\/p>\n<h4>Pole Position Events Management<\/h4>\n<p>E-Mail: <a href=\"mailto:karting@dubaiautodrome.com\">info@p-1.me<\/a><\/p>\n<p>Telefon: +971 (0) 4 372 1160<\/p>\n<p><a href=\"http:\/\/www.p-1.me\/\">www.p-1.me<\/a>[\/vc_column_text][\/vc_column_inner][vc_column_inner width=&#8220;1\/4&#8243;][vc_column_text]<\/p>\n<h4><strong>Benelux<\/strong><\/h4>\n<p>E-Mail: <a class=\"ql-link\" href=\"mailto:info@raceroom.lu\" target=\"_blank\" rel=\"noopener noreferrer\">info@raceroom.lu<\/a><\/p>\n<p>Telefon: +352 49 27 62 999<\/p>\n<p><a class=\"ql-link\" href=\"http:\/\/www.raceroom.lu\" target=\"_blank\" rel=\"noopener noreferrer\">www.raceroom.lu<\/a>[\/vc_column_text][\/vc_column_inner][\/vc_row_inner][vc_empty_space][\/vc_column][\/vc_row]<\/p>\n<\/div>","protected":false},"excerpt":{"rendered":"<p>[vc_row][vc_column][vc_empty_space][vc_column_text] [\/vc_column_text][vc_row_inner][vc_column_inner width=&#8220;1\/2&#8243;][vc_column_text] Mieten Sie unseren mobilen RaceRoom und entfachen Sie die Emotionen des Motorsports an dem Ort Ihrer Wahl. [&hellip;]<\/p>\n","protected":false},"author":3,"featured_media":0,"parent":0,"menu_order":0,"comment_status":"closed","ping_status":"closed","template":"","meta":{"footnotes":""},"class_list":["post-3587","page","type-page","status-publish","hentry"],"yoast_head":"<!-- This site is optimized with the Yoast SEO plugin v25.2 - https:\/\/yoast.com\/wordpress\/plugins\/seo\/ -->\n<title>Rennsimulatoren mieten - Raceroom.com<\/title>\n<meta name=\"description\" content=\"RaceRoom-Rennsimulatoren sind die ideale L\u00f6sung f\u00fcr jeden Event. Bringen sie ihren Kunden und G\u00e4sten die Emotionen des Motorsports im Simulator nahe.\" \/>\n<meta name=\"robots\" content=\"index, follow, max-snippet:-1, max-image-preview:large, max-video-preview:-1\" \/>\n<link rel=\"canonical\" href=\"https:\/\/www.raceroom.com\/de\/vermietung\/\" \/>\n<meta property=\"og:locale\" content=\"de_DE\" \/>\n<meta property=\"og:type\" content=\"article\" \/>\n<meta property=\"og:title\" content=\"Rennsimulatoren mieten - Raceroom.com\" \/>\n<meta property=\"og:description\" content=\"RaceRoom-Rennsimulatoren sind die ideale L\u00f6sung f\u00fcr jeden Event. Bringen sie ihren Kunden und G\u00e4sten die Emotionen des Motorsports im Simulator nahe.\" \/>\n<meta property=\"og:url\" content=\"https:\/\/www.raceroom.com\/de\/vermietung\/\" \/>\n<meta property=\"og:site_name\" content=\"Raceroom.com\" \/>\n<meta property=\"article:modified_time\" content=\"2022-07-22T14:57:53+00:00\" \/>\n<meta name=\"twitter:label1\" content=\"Gesch\u00e4tzte Lesezeit\" \/>\n\t<meta name=\"twitter:data1\" content=\"2\u00a0Minuten\" \/>\n<script type=\"application\/ld+json\" class=\"yoast-schema-graph\">{\"@context\":\"https:\/\/schema.org\",\"@graph\":[{\"@type\":\"WebPage\",\"@id\":\"https:\/\/www.raceroom.com\/de\/vermietung\/\",\"url\":\"https:\/\/www.raceroom.com\/de\/vermietung\/\",\"name\":\"Rennsimulatoren mieten - Raceroom.com\",\"isPartOf\":{\"@id\":\"https:\/\/www.raceroom.com\/de\/#website\"},\"datePublished\":\"2015-08-06T07:28:32+00:00\",\"dateModified\":\"2022-07-22T14:57:53+00:00\",\"description\":\"RaceRoom-Rennsimulatoren sind die ideale L\u00f6sung f\u00fcr jeden Event. Bringen sie ihren Kunden und G\u00e4sten die Emotionen des Motorsports im Simulator nahe.\",\"breadcrumb\":{\"@id\":\"https:\/\/www.raceroom.com\/de\/vermietung\/#breadcrumb\"},\"inLanguage\":\"de\",\"potentialAction\":[{\"@type\":\"ReadAction\",\"target\":[\"https:\/\/www.raceroom.com\/de\/vermietung\/\"]}]},{\"@type\":\"BreadcrumbList\",\"@id\":\"https:\/\/www.raceroom.com\/de\/vermietung\/#breadcrumb\",\"itemListElement\":[{\"@type\":\"ListItem\",\"position\":1,\"name\":\"Startseite\",\"item\":\"https:\/\/www.raceroom.com\/de\/\"},{\"@type\":\"ListItem\",\"position\":2,\"name\":\"Rennsimulatoren mieten\"}]},{\"@type\":\"WebSite\",\"@id\":\"https:\/\/www.raceroom.com\/de\/#website\",\"url\":\"https:\/\/www.raceroom.com\/de\/\",\"name\":\"Raceroom.com\",\"description\":\"RaceRoom Racing Experience\",\"potentialAction\":[{\"@type\":\"SearchAction\",\"target\":{\"@type\":\"EntryPoint\",\"urlTemplate\":\"https:\/\/www.raceroom.com\/de\/?s={search_term_string}\"},\"query-input\":{\"@type\":\"PropertyValueSpecification\",\"valueRequired\":true,\"valueName\":\"search_term_string\"}}],\"inLanguage\":\"de\"}]}<\/script>\n<!-- \/ Yoast SEO plugin. -->","yoast_head_json":{"title":"Rennsimulatoren mieten - Raceroom.com","description":"RaceRoom-Rennsimulatoren sind die ideale L\u00f6sung f\u00fcr jeden Event. Bringen sie ihren Kunden und G\u00e4sten die Emotionen des Motorsports im Simulator nahe.","robots":{"index":"index","follow":"follow","max-snippet":"max-snippet:-1","max-image-preview":"max-image-preview:large","max-video-preview":"max-video-preview:-1"},"canonical":"https:\/\/www.raceroom.com\/de\/vermietung\/","og_locale":"de_DE","og_type":"article","og_title":"Rennsimulatoren mieten - Raceroom.com","og_description":"RaceRoom-Rennsimulatoren sind die ideale L\u00f6sung f\u00fcr jeden Event. Bringen sie ihren Kunden und G\u00e4sten die Emotionen des Motorsports im Simulator nahe.","og_url":"https:\/\/www.raceroom.com\/de\/vermietung\/","og_site_name":"Raceroom.com","article_modified_time":"2022-07-22T14:57:53+00:00","twitter_misc":{"Gesch\u00e4tzte Lesezeit":"2\u00a0Minuten"},"schema":{"@context":"https:\/\/schema.org","@graph":[{"@type":"WebPage","@id":"https:\/\/www.raceroom.com\/de\/vermietung\/","url":"https:\/\/www.raceroom.com\/de\/vermietung\/","name":"Rennsimulatoren mieten - Raceroom.com","isPartOf":{"@id":"https:\/\/www.raceroom.com\/de\/#website"},"datePublished":"2015-08-06T07:28:32+00:00","dateModified":"2022-07-22T14:57:53+00:00","description":"RaceRoom-Rennsimulatoren sind die ideale L\u00f6sung f\u00fcr jeden Event. Bringen sie ihren Kunden und G\u00e4sten die Emotionen des Motorsports im Simulator nahe.","breadcrumb":{"@id":"https:\/\/www.raceroom.com\/de\/vermietung\/#breadcrumb"},"inLanguage":"de","potentialAction":[{"@type":"ReadAction","target":["https:\/\/www.raceroom.com\/de\/vermietung\/"]}]},{"@type":"BreadcrumbList","@id":"https:\/\/www.raceroom.com\/de\/vermietung\/#breadcrumb","itemListElement":[{"@type":"ListItem","position":1,"name":"Startseite","item":"https:\/\/www.raceroom.com\/de\/"},{"@type":"ListItem","position":2,"name":"Rennsimulatoren mieten"}]},{"@type":"WebSite","@id":"https:\/\/www.raceroom.com\/de\/#website","url":"https:\/\/www.raceroom.com\/de\/","name":"Raceroom.com","description":"RaceRoom Racing Experience","potentialAction":[{"@type":"SearchAction","target":{"@type":"EntryPoint","urlTemplate":"https:\/\/www.raceroom.com\/de\/?s={search_term_string}"},"query-input":{"@type":"PropertyValueSpecification","valueRequired":true,"valueName":"search_term_string"}}],"inLanguage":"de"}]}},"_links":{"self":[{"href":"https:\/\/www.raceroom.com\/de\/wp-json\/wp\/v2\/pages\/3587","targetHints":{"allow":["GET"]}}],"collection":[{"href":"https:\/\/www.raceroom.com\/de\/wp-json\/wp\/v2\/pages"}],"about":[{"href":"https:\/\/www.raceroom.com\/de\/wp-json\/wp\/v2\/types\/page"}],"author":[{"embeddable":true,"href":"https:\/\/www.raceroom.com\/de\/wp-json\/wp\/v2\/users\/3"}],"replies":[{"embeddable":true,"href":"https:\/\/www.raceroom.com\/de\/wp-json\/wp\/v2\/comments?post=3587"}],"version-history":[{"count":0,"href":"https:\/\/www.raceroom.com\/de\/wp-json\/wp\/v2\/pages\/3587\/revisions"}],"wp:attachment":[{"href":"https:\/\/www.raceroom.com\/de\/wp-json\/wp\/v2\/media?parent=3587"}],"curies":[{"name":"wp","href":"https:\/\/api.w.org\/{rel}","templated":true}]}}