{"id":3036,"date":"2015-07-16T17:02:43","date_gmt":"2015-07-16T17:02:43","guid":{"rendered":"http:\/\/malta1097.startdedicated.de\/?page_id=3036"},"modified":"2016-04-15T09:29:02","modified_gmt":"2016-04-15T09:29:02","slug":"produkte","status":"publish","type":"page","link":"https:\/\/www.raceroom.com\/de\/produkte\/","title":{"rendered":"Produkte"},"content":{"rendered":"<div class=\"wpb-content-wrapper\"><p>[vc_row][vc_column][vc_empty_space][\/vc_column][\/vc_row][vc_row row_id=&#8220;gameseats&#8220; syp_button=&#8220;&#8220;][vc_column][vc_column_text]<\/p>\n<h2>Game Seats &amp; Zubeh\u00f6r<\/h2>\n<p>[\/vc_column_text][\/vc_column][\/vc_row][vc_row][vc_column width=&#8220;1\/2&#8243;][vc_single_image image=&#8220;3082&#8243; img_size=&#8220;full&#8220;][\/vc_column][vc_column width=&#8220;1\/2&#8243;][vc_column_text]<\/p>\n<h4><strong>Was unsere Game Seats so einzigartig macht:<\/strong><\/h4>\n<p>&nbsp;<\/p>\n<p style=\"text-align: justify;\">Bei der Entwicklung der RaceRoom Game Seats haben wir uns zum Ziel gesetzt, PC- und Konsolenspielern gleicherma\u00dfen einen hochwertigen, robusten und funktionellen Rahmen\/Sitz zum Aufbau eines eigenen Heim-Rennsimulators zur Verf\u00fcgung zu stellen.<\/p>\n<p>&nbsp;<\/p>\n<p style=\"text-align: justify;\">Mit zahlreichen Sonderl\u00f6sungen, Upgrade-Optionen und modularem Zubeh\u00f6r erm\u00f6glichen wir eine individuelle Aufr\u00fcstung eines Simulators, die auf dem Markt einzigartig ist.<\/p>\n<p>[\/vc_column_text][\/vc_column][\/vc_row][vc_row row_id=&#8220;gameseats&#8220; syp_button=&#8220;&#8220;][vc_column][vc_column_text]<\/p>\n<h4>Stell dir deinen eigenen Simulator zusammen. Unsere modularen Game Seats bieten dir die perfekte Basis daf\u00fcr.<\/h4>\n<p>&nbsp;<\/p>\n<p style=\"text-align: justify;\">RaceRoom Game Seats sind mit allen Spielesystemen wie PC, PlayStation oder Xbox nutzbar und bieten durch hervorragende Befestigungsm\u00f6glichkeiten optimale Kompatibilit\u00e4t mit allen g\u00e4ngigen Lenkr\u00e4dern und Lenkrad-Pedalkombination. Statte deinen Rennsitz mit Halterungen f\u00fcr Tastatur, Shifter, Lautsprecher und Monitor entsprechend deinen Anforderungen aus.<\/p>\n<p>&nbsp;<\/p>\n<p style=\"text-align: justify;\">Unsere Rennsitze bieten dir auch bei l\u00e4ngen Spiel-Sessions maximalen Komfort und k\u00f6nnen jederzeit platzsparend verstaut werden.<\/p>\n<p>[\/vc_column_text][\/vc_column][\/vc_row][vc_row row_id=&#8220;gameseats&#8220; syp_button=&#8220;&#8220;][vc_column][vc_separator border_width=&#8220;4&#8243;][dhsv_vc_acf_slider post_id=&#8220;4979&#8243; items_per_slide=&#8220;4&#8243; slidernavigation=&#8220;1&#8243; navidots=&#8220;1&#8243;][vc_empty_space][vc_separator border_width=&#8220;4&#8243;][\/vc_column][\/vc_row][vc_row][vc_column width=&#8220;3\/4&#8243;][\/vc_column][vc_column width=&#8220;1\/4&#8243;]<div class=\"rr_title\"><h1><\/h1><a class=\"btn btn-default rr_black\" href=\"https:\/\/www.raceroomstore.com\/shop_de\/list_page?cat=6\" role=\"button\"   >Zum Shop<\/a><\/div>[\/vc_column][\/vc_row][vc_row][vc_column][vc_empty_space][\/vc_column][\/vc_row][vc_row full_width=&#8220;stretch_row&#8220; parallax=&#8220;parallax&#8220; type=&#8220;in_container_full_width_background&#8220; custom_bg=&#8220;3076&#8243; css=&#8220;.vc_custom_1437132655504{padding-top: 20px !important;padding-bottom: 20px !important;}&#8220; syp_button=&#8220;&#8220; custom_color_bg=&#8220;0,0,0,0.4&#8243; custom_bg_size=&#8220;cover&#8220;][vc_column][vc_empty_space height=&#8220;250px&#8220;][\/vc_column][\/vc_row][vc_row][vc_column][vc_empty_space][\/vc_column][\/vc_row][vc_row row_id=&#8220;simulatoren&#8220; syp_button=&#8220;&#8220;][vc_column][vc_column_text]<\/p>\n<h2>Simulatoren<\/h2>\n<p>[\/vc_column_text][\/vc_column][\/vc_row][vc_row][vc_column width=&#8220;1\/2&#8243;][vc_single_image image=&#8220;3087&#8243; img_size=&#8220;full&#8220;][\/vc_column][vc_column width=&#8220;1\/2&#8243;][vc_column_text]<\/p>\n<h4 style=\"text-align: justify;\"><strong>Du willst die Vollausstattung? Dann sind unsere Simulatoren genau das richtige f\u00fcr dich.<\/strong><\/h4>\n<p>&nbsp;<\/p>\n<p style=\"text-align: justify;\">Hier findest du dein high-end Cockpit f\u00fcr ein unvergleichliches virtuelles Motorsporterlebnis und mit dem wohl besten Preis-Leistungsverh\u00e4ltnis in seiner Klasse.<\/p>\n<p>&nbsp;<\/p>\n<p style=\"text-align: justify;\">Ausgestattet mit drei ergonomischen Sitzvarianten, Breitbildmonitor, schnellem Mini-PC, 5.1 Soundsystem f\u00fcr eine ausgezeichnete Soundkulisse, sowie hochwertigem Lenkrad mit Schaltknauf und einem Wireless Keyboard bieten dir die RaceRoom Simulatoren die beste Voraussetzung f\u00fcr zahlreiche Stunden Spielspa\u00df und professionelle Ergebnisse auf der Rennstrecke.<\/p>\n<p>[\/vc_column_text][\/vc_column][\/vc_row][vc_row row_id=&#8220;simulatoren&#8220; syp_button=&#8220;&#8220;][vc_column][vc_separator border_width=&#8220;4&#8243;][dhsv_vc_acf_slider post_id=&#8220;4945&#8243; items_per_slide=&#8220;4&#8243; slidernavigation=&#8220;1&#8243; navidots=&#8220;1&#8243;][vc_empty_space][vc_separator border_width=&#8220;4&#8243;][\/vc_column][\/vc_row][vc_row][vc_column width=&#8220;3\/4&#8243;][\/vc_column][vc_column width=&#8220;1\/4&#8243;]<div class=\"rr_title\"><h1><\/h1><a class=\"btn btn-default rr_black\" href=\"https:\/\/www.raceroomstore.com\/shop_de\/list_page?cat=11\" role=\"button\"   >Zum Shop<\/a><\/div>[\/vc_column][\/vc_row][vc_row][vc_column][vc_empty_space][\/vc_column][\/vc_row][vc_row full_width=&#8220;stretch_row&#8220; parallax=&#8220;parallax&#8220; type=&#8220;in_container_full_width_background&#8220; custom_bg=&#8220;3077&#8243; css=&#8220;.vc_custom_1437132696536{padding-top: 20px !important;padding-bottom: 20px !important;}&#8220; syp_button=&#8220;&#8220; custom_color_bg=&#8220;0,0,0,0.4&#8243; custom_bg_size=&#8220;cover&#8220;][vc_column][vc_empty_space height=&#8220;250px&#8220;][\/vc_column][\/vc_row][vc_row][vc_column][vc_empty_space][\/vc_column][\/vc_row][vc_row row_id=&#8220;controller&#8220; syp_button=&#8220;&#8220;][vc_column][vc_column_text]<\/p>\n<h2>Controller<\/h2>\n<p>[\/vc_column_text][\/vc_column][\/vc_row][vc_row][vc_column][\/vc_column][\/vc_row][vc_row][vc_column width=&#8220;3\/4&#8243;][vc_single_image image=&#8220;3069&#8243; img_size=&#8220;full&#8220;][vc_column_text]<\/p>\n<h4 style=\"text-align: justify;\"><strong>RaceRoom Game Controller sind der ideale Einstieg f\u00fcr angehende virtuelle Rennfahrer.<\/strong><\/h4>\n<p>&nbsp;<\/p>\n<p style=\"text-align: justify;\">Mit den Game Controllern von RaceRoom f\u00e4hrst du auch mit einem Gamepad wie ein Rennpilot. Ergonomisch geformt liegt das Gamepad bestens in der Hand und bietet mit dem zentral angeordneten Mini-Lenkrad volle Kontrolle \u00fcber das Fahrzeug.<\/p>\n<p>&nbsp;<\/p>\n<p style=\"text-align: justify;\">Durch die drucksensiblen Schultertasten kannst du selbst die enormen Kr\u00e4fte der Rennboliden dosieren. Die kabellosen Controller sind dar\u00fcber hinaus neben dem PC auch mit Konsolen kompatibel.<\/p>\n<p>[\/vc_column_text][\/vc_column][vc_column width=&#8220;1\/4&#8243;][vc_separator border_width=&#8220;4&#8243;][dhsv_vc_acf_slider post_id=&#8220;5005&#8243; items_per_slide=&#8220;1&#8243; slidernavigation=&#8220;1&#8243; navidots=&#8220;1&#8243;][vc_empty_space][vc_separator border_width=&#8220;4&#8243;]<div class=\"rr_title\"><h1><\/h1><a class=\"btn btn-default rr_black\" href=\"https:\/\/www.raceroomstore.com\/shop_de\/list_page?cat=16\" role=\"button\"   >Zum Shop<\/a><\/div>[\/vc_column][\/vc_row][vc_row][vc_column][vc_empty_space][\/vc_column][\/vc_row][vc_row full_width=&#8220;stretch_row&#8220; parallax=&#8220;parallax&#8220; type=&#8220;in_container_full_width_background&#8220; custom_bg=&#8220;3078&#8243; css=&#8220;.vc_custom_1437132727059{padding-top: 20px !important;padding-bottom: 20px !important;}&#8220; syp_button=&#8220;&#8220; custom_color_bg=&#8220;0,0,0,0.4&#8243; custom_bg_size=&#8220;cover&#8220;][vc_column][vc_empty_space height=&#8220;250px&#8220;][\/vc_column][\/vc_row][vc_row][vc_column][vc_empty_space][\/vc_column][\/vc_row][vc_row row_id=&#8220;games&#8220; syp_button=&#8220;&#8220;][vc_column][vc_column_text]<\/p>\n<h2>Games<\/h2>\n<p>[\/vc_column_text][\/vc_column][\/vc_row][vc_row][vc_column width=&#8220;1\/2&#8243;][vc_single_image image=&#8220;3068&#8243; img_size=&#8220;full&#8220;][\/vc_column][vc_column width=&#8220;1\/2&#8243;][vc_column_text]<\/p>\n<p style=\"text-align: justify;\">Hier findest du legend\u00e4re SimBin Klassiker wie GTR1\/2 oder GT Legends sowie auch aktuellste Titel wie DTM Experience und ADAC GT Masters Experience auf DVD und als digitalen Download (DLC).<\/p>\n<p>&nbsp;<\/p>\n<blockquote><p>Der Gro\u00dfteil unserer Boxed Games kann sogar ohne Internetverbindung gespielt werden und bietet dir im Vergleich zum digitalen Download eine hochwertige DVD-Box f\u00fcr deine Spielesammlung.<\/p><\/blockquote>\n<p>[\/vc_column_text][\/vc_column][\/vc_row][vc_row][vc_column][vc_separator border_width=&#8220;4&#8243;][dhsv_vc_acf_slider post_id=&#8220;5011&#8243; items_per_slide=&#8220;4&#8243; slidernavigation=&#8220;1&#8243; navidots=&#8220;1&#8243;][vc_empty_space][vc_separator border_width=&#8220;4&#8243;][\/vc_column][\/vc_row][vc_row][vc_column width=&#8220;3\/4&#8243;][\/vc_column][vc_column width=&#8220;1\/4&#8243;]<div class=\"rr_title\"><h1><\/h1><a class=\"btn btn-default rr_black\" href=\"https:\/\/www.raceroomstore.com\/shop_de\/list_page?cat=15\" role=\"button\"   >Zum Shop<\/a><\/div>[\/vc_column][\/vc_row][vc_row][vc_column][vc_empty_space][\/vc_column][\/vc_row][vc_row full_width=&#8220;stretch_row&#8220; parallax=&#8220;parallax&#8220; type=&#8220;in_container_full_width_background&#8220; custom_bg=&#8220;3080&#8243; css=&#8220;.vc_custom_1437132788818{padding-top: 20px !important;padding-bottom: 20px !important;}&#8220; syp_button=&#8220;&#8220; custom_color_bg=&#8220;0,0,0,0.4&#8243; custom_bg_size=&#8220;cover&#8220;][vc_column][vc_empty_space height=&#8220;250px&#8220;][\/vc_column][\/vc_row][vc_row][vc_column][vc_empty_space][\/vc_column][\/vc_row][vc_row row_id=&#8220;vrp&#8220; syp_button=&#8220;&#8220;][vc_column][vc_column_text]<\/p>\n<h2>Virtual RacePoints (vRP)<\/h2>\n<p>[\/vc_column_text][\/vc_column][\/vc_row][vc_row][vc_column width=&#8220;1\/2&#8243;][vc_single_image image=&#8220;3072&#8243; img_size=&#8220;full&#8220;]<div class=\"rr_title\"><h1><\/h1><a class=\"btn btn-default rr_black\" href=\"https:\/\/www.raceroomstore.com\/shop_de\/list_page?cat=17\" role=\"button\"   >Zum Shop<\/a><\/div>[\/vc_column][vc_column width=&#8220;1\/2&#8243;][vc_column_text]<\/p>\n<h4 style=\"text-align: justify;\"><strong>Hole dir Virtual Race Points f\u00fcr dein RaceRoom Racing Experience Ingame-Guthaben.<\/strong><\/h4>\n<p>&nbsp;<\/p>\n<p style=\"text-align: justify;\">Virtual RacePoints (vRP) sind unser Online-Zahlungsmittel im Spiel. Damit kannst du erweiterte Inhalte, wie Strecken, Fahrzeuge, Lackierungen u.v.m. direkt in RaceRoom Racing Experience erwerben.<\/p>\n<p>&nbsp;<\/p>\n<blockquote>\n<p style=\"text-align: justify;\">Mit unseren vRP-Paketen kannst du, im Vergleich zum Einzelkauf in RaceRoom Racing Experience, bis zu 35% sparen.<\/p>\n<\/blockquote>\n<p>[\/vc_column_text][\/vc_column][\/vc_row][vc_row][vc_column][vc_empty_space][\/vc_column][\/vc_row][vc_row full_width=&#8220;stretch_row&#8220; parallax=&#8220;parallax&#8220; type=&#8220;in_container_full_width_background&#8220; custom_bg=&#8220;3079&#8243; css=&#8220;.vc_custom_1437132762810{padding-top: 20px !important;padding-bottom: 20px !important;}&#8220; syp_button=&#8220;&#8220; custom_color_bg=&#8220;0,0,0,0.4&#8243; custom_bg_size=&#8220;cover&#8220;][vc_column][vc_empty_space height=&#8220;250px&#8220;][\/vc_column][\/vc_row][vc_row][vc_column][vc_empty_space][\/vc_column][\/vc_row][vc_row row_id=&#8220;bekleidung&#8220; syp_button=&#8220;&#8220;][vc_column][vc_column_text]<\/p>\n<h2>Bekleidung<\/h2>\n<p>[\/vc_column_text][\/vc_column][\/vc_row][vc_row][vc_column width=&#8220;1\/2&#8243;][vc_single_image image=&#8220;3070&#8243; img_size=&#8220;full&#8220;][\/vc_column][vc_column width=&#8220;1\/2&#8243;][vc_column_text]<\/p>\n<h4 style=\"text-align: justify;\"><strong>In unserer RR Kollektion findest du hochwertige Bekleidung in einem zeitlosen und sportlichen Design.<\/strong><\/h4>\n<p>&nbsp;<\/p>\n<p style=\"text-align: justify;\">Von gem\u00fctlichen Sweatjacken, winddichten und wasserdichten Softshell-Funktionsjacken, schicken Caps, hochwertigen Polo Shirts, modernen Hemden oder Blusen ist eine Vielzahl an Bekleidungsartikeln sowohl f\u00fcr Herren als auch Damen erh\u00e4ltlich.<\/p>\n<p>&nbsp;<\/p>\n<blockquote><p>Ideal auch als Teambekleidung und zum weiterbedrucken mit deinem Racing-Team-Logo geeignet.<\/p><\/blockquote>\n<p>[\/vc_column_text][\/vc_column][\/vc_row][vc_row][vc_column][vc_separator border_width=&#8220;4&#8243;][dhsv_vc_acf_slider post_id=&#8220;5031&#8243; items_per_slide=&#8220;4&#8243; slidernavigation=&#8220;1&#8243; navidots=&#8220;1&#8243;][vc_empty_space][vc_separator border_width=&#8220;4&#8243;][\/vc_column][\/vc_row][vc_row][vc_column width=&#8220;3\/4&#8243;][\/vc_column][vc_column width=&#8220;1\/4&#8243;]<div class=\"rr_title\"><h1><\/h1><a class=\"btn btn-default rr_black\" href=\"https:\/\/www.raceroomstore.com\/shop_de\/list_page?cat=12\" role=\"button\"   >Zum Shop<\/a><\/div>[\/vc_column][\/vc_row][vc_row][vc_column][vc_empty_space][\/vc_column][\/vc_row]<\/p>\n<\/div>","protected":false},"excerpt":{"rendered":"<p>[vc_row][vc_column][vc_empty_space][\/vc_column][\/vc_row][vc_row row_id=&#8220;gameseats&#8220; syp_button=&#8220;&#8220;][vc_column][vc_column_text] Game Seats &amp; Zubeh\u00f6r [\/vc_column_text][\/vc_column][\/vc_row][vc_row][vc_column width=&#8220;1\/2&#8243;][vc_single_image image=&#8220;3082&#8243; img_size=&#8220;full&#8220;][\/vc_column][vc_column width=&#8220;1\/2&#8243;][vc_column_text] Was unsere Game Seats so einzigartig macht: &nbsp; [&hellip;]<\/p>\n","protected":false},"author":1,"featured_media":0,"parent":0,"menu_order":0,"comment_status":"closed","ping_status":"closed","template":"","meta":{"footnotes":""},"class_list":["post-3036","page","type-page","status-publish","hentry"],"yoast_head":"<!-- This site is optimized with the Yoast SEO plugin v25.2 - https:\/\/yoast.com\/wordpress\/plugins\/seo\/ -->\n<title>Produkte - Raceroom.com<\/title>\n<meta name=\"robots\" content=\"index, follow, max-snippet:-1, max-image-preview:large, max-video-preview:-1\" \/>\n<link rel=\"canonical\" href=\"https:\/\/www.raceroom.com\/de\/produkte\/\" \/>\n<meta property=\"og:locale\" content=\"de_DE\" \/>\n<meta property=\"og:type\" content=\"article\" \/>\n<meta property=\"og:title\" content=\"Produkte - Raceroom.com\" \/>\n<meta property=\"og:description\" content=\"[vc_row][vc_column][vc_empty_space][\/vc_column][\/vc_row][vc_row row_id=&#8220;gameseats&#8220; syp_button=&#8220;&#8220;][vc_column][vc_column_text] Game Seats &amp; Zubeh\u00f6r [\/vc_column_text][\/vc_column][\/vc_row][vc_row][vc_column width=&#8220;1\/2&#8243;][vc_single_image image=&#8220;3082&#8243; img_size=&#8220;full&#8220;][\/vc_column][vc_column width=&#8220;1\/2&#8243;][vc_column_text] Was unsere Game Seats so einzigartig macht: &nbsp; [&hellip;]\" \/>\n<meta property=\"og:url\" content=\"https:\/\/www.raceroom.com\/de\/produkte\/\" \/>\n<meta property=\"og:site_name\" content=\"Raceroom.com\" \/>\n<meta property=\"article:modified_time\" content=\"2016-04-15T09:29:02+00:00\" \/>\n<meta name=\"twitter:label1\" content=\"Gesch\u00e4tzte Lesezeit\" \/>\n\t<meta name=\"twitter:data1\" content=\"7\u00a0Minuten\" \/>\n<script type=\"application\/ld+json\" class=\"yoast-schema-graph\">{\"@context\":\"https:\/\/schema.org\",\"@graph\":[{\"@type\":\"WebPage\",\"@id\":\"https:\/\/www.raceroom.com\/de\/produkte\/\",\"url\":\"https:\/\/www.raceroom.com\/de\/produkte\/\",\"name\":\"Produkte - Raceroom.com\",\"isPartOf\":{\"@id\":\"https:\/\/www.raceroom.com\/de\/#website\"},\"datePublished\":\"2015-07-16T17:02:43+00:00\",\"dateModified\":\"2016-04-15T09:29:02+00:00\",\"breadcrumb\":{\"@id\":\"https:\/\/www.raceroom.com\/de\/produkte\/#breadcrumb\"},\"inLanguage\":\"de\",\"potentialAction\":[{\"@type\":\"ReadAction\",\"target\":[\"https:\/\/www.raceroom.com\/de\/produkte\/\"]}]},{\"@type\":\"BreadcrumbList\",\"@id\":\"https:\/\/www.raceroom.com\/de\/produkte\/#breadcrumb\",\"itemListElement\":[{\"@type\":\"ListItem\",\"position\":1,\"name\":\"Startseite\",\"item\":\"https:\/\/www.raceroom.com\/de\/\"},{\"@type\":\"ListItem\",\"position\":2,\"name\":\"Produkte\"}]},{\"@type\":\"WebSite\",\"@id\":\"https:\/\/www.raceroom.com\/de\/#website\",\"url\":\"https:\/\/www.raceroom.com\/de\/\",\"name\":\"Raceroom.com\",\"description\":\"RaceRoom Racing Experience\",\"potentialAction\":[{\"@type\":\"SearchAction\",\"target\":{\"@type\":\"EntryPoint\",\"urlTemplate\":\"https:\/\/www.raceroom.com\/de\/?s={search_term_string}\"},\"query-input\":{\"@type\":\"PropertyValueSpecification\",\"valueRequired\":true,\"valueName\":\"search_term_string\"}}],\"inLanguage\":\"de\"}]}<\/script>\n<!-- \/ Yoast SEO plugin. -->","yoast_head_json":{"title":"Produkte - Raceroom.com","robots":{"index":"index","follow":"follow","max-snippet":"max-snippet:-1","max-image-preview":"max-image-preview:large","max-video-preview":"max-video-preview:-1"},"canonical":"https:\/\/www.raceroom.com\/de\/produkte\/","og_locale":"de_DE","og_type":"article","og_title":"Produkte - Raceroom.com","og_description":"[vc_row][vc_column][vc_empty_space][\/vc_column][\/vc_row][vc_row row_id=&#8220;gameseats&#8220; syp_button=&#8220;&#8220;][vc_column][vc_column_text] Game Seats &amp; Zubeh\u00f6r [\/vc_column_text][\/vc_column][\/vc_row][vc_row][vc_column width=&#8220;1\/2&#8243;][vc_single_image image=&#8220;3082&#8243; img_size=&#8220;full&#8220;][\/vc_column][vc_column width=&#8220;1\/2&#8243;][vc_column_text] Was unsere Game Seats so einzigartig macht: &nbsp; [&hellip;]","og_url":"https:\/\/www.raceroom.com\/de\/produkte\/","og_site_name":"Raceroom.com","article_modified_time":"2016-04-15T09:29:02+00:00","twitter_misc":{"Gesch\u00e4tzte Lesezeit":"7\u00a0Minuten"},"schema":{"@context":"https:\/\/schema.org","@graph":[{"@type":"WebPage","@id":"https:\/\/www.raceroom.com\/de\/produkte\/","url":"https:\/\/www.raceroom.com\/de\/produkte\/","name":"Produkte - Raceroom.com","isPartOf":{"@id":"https:\/\/www.raceroom.com\/de\/#website"},"datePublished":"2015-07-16T17:02:43+00:00","dateModified":"2016-04-15T09:29:02+00:00","breadcrumb":{"@id":"https:\/\/www.raceroom.com\/de\/produkte\/#breadcrumb"},"inLanguage":"de","potentialAction":[{"@type":"ReadAction","target":["https:\/\/www.raceroom.com\/de\/produkte\/"]}]},{"@type":"BreadcrumbList","@id":"https:\/\/www.raceroom.com\/de\/produkte\/#breadcrumb","itemListElement":[{"@type":"ListItem","position":1,"name":"Startseite","item":"https:\/\/www.raceroom.com\/de\/"},{"@type":"ListItem","position":2,"name":"Produkte"}]},{"@type":"WebSite","@id":"https:\/\/www.raceroom.com\/de\/#website","url":"https:\/\/www.raceroom.com\/de\/","name":"Raceroom.com","description":"RaceRoom Racing Experience","potentialAction":[{"@type":"SearchAction","target":{"@type":"EntryPoint","urlTemplate":"https:\/\/www.raceroom.com\/de\/?s={search_term_string}"},"query-input":{"@type":"PropertyValueSpecification","valueRequired":true,"valueName":"search_term_string"}}],"inLanguage":"de"}]}},"_links":{"self":[{"href":"https:\/\/www.raceroom.com\/de\/wp-json\/wp\/v2\/pages\/3036","targetHints":{"allow":["GET"]}}],"collection":[{"href":"https:\/\/www.raceroom.com\/de\/wp-json\/wp\/v2\/pages"}],"about":[{"href":"https:\/\/www.raceroom.com\/de\/wp-json\/wp\/v2\/types\/page"}],"author":[{"embeddable":true,"href":"https:\/\/www.raceroom.com\/de\/wp-json\/wp\/v2\/users\/1"}],"replies":[{"embeddable":true,"href":"https:\/\/www.raceroom.com\/de\/wp-json\/wp\/v2\/comments?post=3036"}],"version-history":[{"count":0,"href":"https:\/\/www.raceroom.com\/de\/wp-json\/wp\/v2\/pages\/3036\/revisions"}],"wp:attachment":[{"href":"https:\/\/www.raceroom.com\/de\/wp-json\/wp\/v2\/media?parent=3036"}],"curies":[{"name":"wp","href":"https:\/\/api.w.org\/{rel}","templated":true}]}}