{"id":182,"date":"2015-04-09T07:54:59","date_gmt":"2015-04-09T07:54:59","guid":{"rendered":"http:\/\/malta1097.startdedicated.de\/?page_id=182"},"modified":"2022-01-11T14:37:39","modified_gmt":"2022-01-11T14:37:39","slug":"support","status":"publish","type":"page","link":"https:\/\/www.raceroom.com\/de\/support\/","title":{"rendered":"Support"},"content":{"rendered":"<div class=\"wpb-content-wrapper\"><p>[vc_row row_id=&#8220;kontaktformular&#8220; syp_button=&#8220;&#8220; el_class=&#8220;with_menu&#8220;][vc_column][vc_column_text]<\/p>\n<h2>Kontaktformular<\/h2>\n<p>[\/vc_column_text][vc_column_text]\n<div class=\"wpcf7 no-js\" id=\"wpcf7-f5947-o1\" lang=\"de-DE\" dir=\"ltr\" data-wpcf7-id=\"5947\">\n<div class=\"screen-reader-response\"><p role=\"status\" aria-live=\"polite\" aria-atomic=\"true\"><\/p> <ul><\/ul><\/div>\n<form action=\"\/de\/wp-json\/wp\/v2\/pages\/182#wpcf7-f5947-o1\" method=\"post\" class=\"wpcf7-form init\" aria-label=\"Kontaktformular\" novalidate=\"novalidate\" data-status=\"init\">\n<div style=\"display: none;\">\n<input type=\"hidden\" name=\"_wpcf7\" value=\"5947\" \/>\n<input type=\"hidden\" name=\"_wpcf7_version\" value=\"6.0.6\" \/>\n<input type=\"hidden\" name=\"_wpcf7_locale\" value=\"de_DE\" \/>\n<input type=\"hidden\" name=\"_wpcf7_unit_tag\" value=\"wpcf7-f5947-o1\" \/>\n<input type=\"hidden\" name=\"_wpcf7_container_post\" value=\"0\" \/>\n<input type=\"hidden\" name=\"_wpcf7_posted_data_hash\" value=\"\" \/>\n<\/div>\n<div class=\"col-xs-12\">\n<div class=\"wpcf7-response-output\" aria-hidden=\"true\"><\/div>\n<\/div>\n<div class=\"col-md-0 col-xs-8\">\n\t<h2> Kategorie:\n\t<\/h2>\n\t<p><span class=\"wpcf7-form-control-wrap\" data-name=\"kategorie\"><select class=\"wpcf7-form-control wpcf7-select\" id=\"kategorie\" aria-invalid=\"false\" name=\"kategorie\"><option value=\"Kundenservice\">Kundenservice<\/option><option value=\"Beratung und Kauf\">Beratung und Kauf<\/option><option value=\"Reklamation\">Reklamation<\/option><option value=\"Technischer Support R3E\">Technischer Support R3E<\/option><option value=\"Technischer Support Locations\">Technischer Support Locations<\/option><option value=\"Events\">Events<\/option><\/select><\/span>\n\t<\/p>\n\t<h2> Betreff:\n\t<\/h2>\n\t<div>\n\t\t<p><span class=\"wpcf7-form-control-wrap\" data-name=\"betreff\"><input size=\"40\" maxlength=\"400\" class=\"wpcf7-form-control wpcf7-text wpcf7-validates-as-required\" id=\"betreff\" aria-required=\"true\" aria-invalid=\"false\" placeholder=\"BETREFF\" value=\"\" type=\"text\" name=\"betreff\" \/><\/span>\n\t\t<\/p>\n\t<\/div>\n\t<h2> Kontaktdaten:\n\t<\/h2>\n\t<div>\n\t\t<p><label for=\"anrede\">ANREDE:<\/label><span class=\"wpcf7-form-control-wrap\" data-name=\"anrede\"><span class=\"wpcf7-form-control wpcf7-radio\" id=\"anrede\"><span class=\"wpcf7-list-item first\"><input type=\"radio\" name=\"anrede\" value=\"Herr\" \/><span class=\"wpcf7-list-item-label\">Herr<\/span><\/span><span class=\"wpcf7-list-item last\"><input type=\"radio\" name=\"anrede\" value=\"Frau\" \/><span class=\"wpcf7-list-item-label\">Frau<\/span><\/span><\/span><\/span>\n\t\t<\/p>\n\t<\/div>\n\t<div>\n\t\t<p><span class=\"wpcf7-form-control-wrap\" data-name=\"vorname\"><input size=\"40\" maxlength=\"400\" class=\"wpcf7-form-control wpcf7-text\" id=\"vorname\" aria-invalid=\"false\" placeholder=\"VORNAME\" value=\"\" type=\"text\" name=\"vorname\" \/><\/span>\n\t\t<\/p>\n\t<\/div>\n\t<div>\n\t\t<p><span class=\"wpcf7-form-control-wrap\" data-name=\"nachname\"><input size=\"40\" maxlength=\"400\" class=\"wpcf7-form-control wpcf7-text\" id=\"nachname\" aria-invalid=\"false\" placeholder=\"NACHNAME\" value=\"\" type=\"text\" name=\"nachname\" \/><\/span>\n\t\t<\/p>\n\t<\/div>\n\t<div>\n\t\t<p><span class=\"wpcf7-form-control-wrap\" data-name=\"your-email\"><input size=\"40\" maxlength=\"400\" class=\"wpcf7-form-control wpcf7-email wpcf7-validates-as-required wpcf7-text wpcf7-validates-as-email\" aria-required=\"true\" aria-invalid=\"false\" placeholder=\"E-MAIL*\" value=\"\" type=\"email\" name=\"your-email\" \/><\/span>\n\t\t<\/p>\n\t<\/div>\n\t<div>\n\t\t<p><span class=\"wpcf7-form-control-wrap\" data-name=\"street\"><input size=\"40\" maxlength=\"400\" class=\"wpcf7-form-control wpcf7-text\" id=\"street\" aria-invalid=\"false\" placeholder=\"STRASSE\" value=\"\" type=\"text\" name=\"street\" \/><\/span>\n\t\t<\/p>\n\t<\/div>\n\t<div>\n\t\t<p><span class=\"wpcf7-form-control-wrap\" data-name=\"zipcode\"><input size=\"40\" maxlength=\"400\" class=\"wpcf7-form-control wpcf7-text\" id=\"zipcode\" aria-invalid=\"false\" placeholder=\"PLZ\" value=\"\" type=\"text\" name=\"zipcode\" \/><\/span>\n\t\t<\/p>\n\t<\/div>\n\t<div>\n\t\t<p><span class=\"wpcf7-form-control-wrap\" data-name=\"city\"><input size=\"40\" maxlength=\"400\" class=\"wpcf7-form-control wpcf7-text\" id=\"city\" aria-invalid=\"false\" placeholder=\"STADT\" value=\"\" type=\"text\" name=\"city\" \/><\/span>\n\t\t<\/p>\n\t<\/div>\n\t<div>\n\t\t<p><span class=\"wpcf7-form-control-wrap\" data-name=\"land\"><input size=\"40\" maxlength=\"400\" class=\"wpcf7-form-control wpcf7-text\" id=\"land\" aria-invalid=\"false\" placeholder=\"LAND\" value=\"\" type=\"text\" name=\"land\" \/><\/span>\n\t\t<\/p>\n\t<\/div>\n\t<div>\n\t\t<p><span class=\"wpcf7-form-control-wrap\" data-name=\"phone\"><input size=\"40\" maxlength=\"400\" class=\"wpcf7-form-control wpcf7-text\" id=\"phone\" aria-invalid=\"false\" placeholder=\"TELEFON\" value=\"\" type=\"text\" name=\"phone\" \/><\/span>\n\t\t<\/p>\n\t<\/div>\n\t<h2> Ihre Nachricht:\n\t<\/h2>\n\t<p><span class=\"wpcf7-form-control-wrap\" data-name=\"your-message\"><textarea cols=\"40\" rows=\"10\" maxlength=\"2000\" class=\"wpcf7-form-control wpcf7-textarea\" aria-invalid=\"false\" name=\"your-message\"><\/textarea><\/span>\n\t<\/p>\n\t<h2> Anfrage absenden:\n\t<\/h2>\n<\/div>\n<div class=\"col-xs-12\">\n\t<p><strong style=\"color:#000; font-weight:bold\">Mit dem Absenden Ihrer Anfrage erkl\u00e4ren Sie sich mit der Verarbeitung Ihrer angegebenen Daten zum Zweck der Bearbeitung Ihrer Anfrage einverstanden: <a href=\"http:\/\/www.raceroom.com\/de\/datenschutzerklaerung\/\">Datenschutzerkl\u00e4rung und Widerrufshinweise<\/a><\/strong>\n\t<\/p>\n<\/div>\n<div class=\"col-xs-12\">\n\t<p><span id=\"wpcf7-69de44ec8c9b8-wrapper\" class=\"wpcf7-form-control-wrap Firma-wrap\" style=\"display:none !important; visibility:hidden !important;\"><input type=\"hidden\" name=\"Firma-time-start\" value=\"1776174316\"><input type=\"hidden\" name=\"Firma-time-check\" value=\"9\"><label for=\"firma\" class=\"hp-message\">Bitte lasse dieses Feld leer.<\/label><input id=\"firma\"  class=\"wpcf7-form-control wpcf7-text\" type=\"text\" name=\"Firma\" value=\"\" size=\"40\" tabindex=\"-1\" autocomplete=\"new-password\" \/><\/span><span id=\"wpcf7-69de44ec8ca2d-wrapper\" class=\"wpcf7-form-control-wrap firm-856-wrap\" style=\"display:none !important; visibility:hidden !important;\"><input type=\"hidden\" name=\"firm-856-time-start\" value=\"1776174316\"><input type=\"hidden\" name=\"firm-856-time-check\" value=\"15\"><label for=\"wpcf7-69de44ec8ca2d-field\" class=\"hp-message\">Bitte lasse dieses Feld leer.<\/label><input id=\"wpcf7-69de44ec8ca2d-field\"  class=\"wpcf7-form-control wpcf7-text\" type=\"text\" name=\"firm-856\" value=\"\" size=\"40\" tabindex=\"-1\" autocomplete=\"new-password\" \/><\/span>\n\t<\/p>\n\t<p><input class=\"wpcf7-form-control wpcf7-submit has-spinner\" type=\"submit\" value=\"Senden\" \/>\n\t<\/p>\n<\/div>\n\n\n<\/form>\n<\/div>\n[\/vc_column_text][\/vc_column][\/vc_row][vc_row full_width=&#8220;stretch_row&#8220; parallax=&#8220;parallax&#8220; type=&#8220;in_container_full_width_background&#8220; custom_bg=&#8220;2454&#8243; css=&#8220;.vc_custom_1434549023458{padding-top: 20px !important;padding-bottom: 20px !important;}&#8220; syp_button=&#8220;&#8220; custom_color_bg=&#8220;0,0,0,0.4&#8243; custom_bg_size=&#8220;cover&#8220;][vc_column][vc_empty_space height=&#8220;250px&#8220;][\/vc_column][\/vc_row][vc_row row_id=&#8220;support&#8220; syp_button=&#8220;&#8220; el_class=&#8220;with_menu&#8220;][vc_column][vc_row_inner][vc_column_inner][vc_column_text]<\/p>\n<h2>Support<\/h2>\n<p>&nbsp;<\/p>\n<p><strong>Bitte besuche das Sector 3 Forum wenn du Fragen zum Spiel hast.<\/strong><\/p>\n<p>Zahlreiche Antworten auf g\u00e4ngige Fragen findest du im Bereich <a href=\"https:\/\/forum.sector3studios.com\/index.php?threads\/raceroom-racing-experience-faq-and-game-features-w-i-p.72\/\" target=\"_blank\" rel=\"noopener noreferrer\">Frequently Asked Questions &#8222;FAQ&#8220;<\/a> sowie im Bereich <a href=\"https:\/\/forum.sector3studios.com\/index.php?forums\/community-support.54\/\" target=\"_blank\" rel=\"noopener noreferrer\">Community Support<\/a>.<\/p>\n<p>&nbsp;<\/p>\n<p>Solltest du hier keine Antwort\/L\u00f6sung zu deinem Anliegen finden, kannst du deine Frage direkt ins Forum stellen oder dich an den Support \u00fcber das <a href=\"http:\/\/support.raceroomracingexperience.com\/index.php\/\" target=\"_blank\" rel=\"noopener noreferrer\">HelpDesk<\/a> wenden. Um deine Frage beantworten zu k\u00f6nnen, ben\u00f6tigen wir folgende Informationen:<\/p>\n<ul>\n<li>Detaillierte System-Spezifikationen<\/li>\n<li>Model und Bezeichnung verwendeter Controller<\/li>\n<li>Details bez\u00fcglich des aufgetretenen Fehlers, einschlie\u00dflich Fehlercodes, zusammen mit bereits unternommenen L\u00f6sungsschritten.<\/li>\n<\/ul>\n<p>&nbsp;<\/p>\n<blockquote><p><strong>Wir werden unser Bestes geben, dir bei der Problembehebung weiterzuhelfen. Wir sch\u00e4tzen konstruktive Beitr\u00e4ge. <\/strong><\/p>\n<p>&nbsp;<\/p>\n<p><strong>Der Kunden-Support \u00fcber das <a href=\"http:\/\/support.raceroomracingexperience.com\/index.php\/\" target=\"_blank\" rel=\"noopener noreferrer\">HelpDesk<\/a> erfolgt in Englisch. Bitte beachte, dass nur englischsprachige Anfragen bearbeitet werden k\u00f6nnen. Vielen Dank!<\/strong><\/p>\n<p>&nbsp;<\/p>\n<p>Bei allen weiteren Fragen die <strong>nicht<\/strong> das Spiel RaceRoom Racing Experience betreffen, kannst du dich an den folgenden Kontakt wenden:\u00a0<a href=\"mailto:info@raceroom.com\">info@raceroom.com<\/a><\/p><\/blockquote>\n<p>[\/vc_column_text][\/vc_column_inner][\/vc_row_inner][\/vc_column][\/vc_row][vc_row full_width=&#8220;stretch_row&#8220; parallax=&#8220;parallax&#8220; type=&#8220;in_container_full_width_background&#8220; custom_bg=&#8220;2458&#8243; css=&#8220;.vc_custom_1434549155700{padding-top: 20px !important;padding-bottom: 20px !important;}&#8220; syp_button=&#8220;&#8220; custom_color_bg=&#8220;0,0,0,0.4&#8243; custom_bg_size=&#8220;cover&#8220;][vc_column][vc_empty_space height=&#8220;250px&#8220;][\/vc_column][\/vc_row][vc_row row_id=&#8220;ansprechpartner&#8220; syp_button=&#8220;&#8220; el_class=&#8220;with_menu&#8220;][vc_column][vc_column_text]<\/p>\n<h2>Ansprechpartner<\/h2>\n<p>[\/vc_column_text][vc_row_inner][vc_column_inner][vc_column_text]<\/p>\n<h4>Deutschland \/ International<\/h4>\n<p>[\/vc_column_text][\/vc_column_inner][\/vc_row_inner][vc_row_inner][vc_column_inner width=&#8220;1\/4&#8243;][vc_column_text]<strong>Allgemein<\/strong><\/p>\n<p>E-Mail: <a href=\"mailto:info@raceroom.com\" target=\"_blank\" rel=\"noopener noreferrer\">info@raceroom.com<\/a><\/p>\n<p>RaceRoom Entertainment<\/p>\n<p>Industriestra\u00dfe 13<\/p>\n<p>6343 Rotkreuz &#8211; Schweiz[\/vc_column_text][\/vc_column_inner][vc_column_inner width=&#8220;1\/4&#8243;][vc_column_text]<strong>Sales<\/strong><\/p>\n<p>E-Mail: <a href=\"mailto:sales@raceroom.com\" target=\"_blank\" rel=\"noopener noreferrer\">sales@raceroom.com<\/a><\/p>\n<p>Telefon: +49 7971 \/\u00a09630-180[\/vc_column_text][\/vc_column_inner][vc_column_inner width=&#8220;1\/4&#8243;][vc_column_text]<strong>Mobile Event Konzepte<\/strong><\/p>\n<p>E-Mail: <a href=\"mailto:events@raceroom.com\" target=\"_blank\" rel=\"noopener noreferrer\">events@raceroom.com<\/a><\/p>\n<p>Telefon: +49 7971 \/\u00a09630-181[\/vc_column_text][\/vc_column_inner][vc_column_inner width=&#8220;1\/4&#8243;][vc_column_text]<strong>Presse &amp; Marketing<\/strong><\/p>\n<p>E-Mail:\u00a0<a href=\"mailto:marketing@raceroom.com\" target=\"_blank\" rel=\"noopener noreferrer\">marketing@raceroom.com<\/a>[\/vc_column_text][\/vc_column_inner][\/vc_row_inner][vc_separator][vc_row_inner][vc_column_inner width=&#8220;1\/4&#8243;][vc_column_text]<\/p>\n<h4><strong>USA<\/strong><\/h4>\n<p>&nbsp;<\/p>\n<p><strong>Event-Vermietung und Verkauf:<\/strong><\/p>\n<p>E-Mail: <a href=\"mailto:info@raceroom.us\">info@raceroom.us<\/a><\/p>\n<p>Telefon: +1 855 321 7223<\/p>\n<p>RRE Events &amp; Consultancy North America LLC<\/p>\n<p>300 W Pontiac Way,\u00a0Clovis<\/p>\n<p>CA 93612[\/vc_column_text][\/vc_column_inner][vc_column_inner width=&#8220;1\/4&#8243;][vc_column_text]<\/p>\n<h4><strong>Vereinigte Arabische Emirate<\/strong><\/h4>\n<p>&nbsp;<\/p>\n<p><strong>Pole Position Events Management<\/strong><\/p>\n<p>E-Mail:\u00a0<a class=\"col1998E9\" href=\"mailto:info@p-1.me\" target=\"_blank\" rel=\"noopener noreferrer\"><span class=\"colour\">info@p-1.me<\/span><\/a><\/p>\n<p>Telefon: +971 (0) 4 3721160[\/vc_column_text][\/vc_column_inner][vc_column_inner width=&#8220;1\/4&#8243;]<br \/>\n[\/vc_column_inner][vc_column_inner width=&#8220;1\/4&#8243;]<br \/>\n[\/vc_column_inner][\/vc_row_inner][\/vc_column][\/vc_row][vc_row full_width=&#8220;stretch_row&#8220; parallax=&#8220;parallax&#8220; row_id=&#8220;jobs&#8220; type=&#8220;in_container_full_width_background&#8220; custom_bg=&#8220;2458&#8243; css=&#8220;.vc_custom_1553704319104{padding-top: 20px !important;padding-bottom: 20px !important;}&#8220; syp_button=&#8220;&#8220; custom_color_bg=&#8220;0,0,0,0.4&#8243; custom_bg_size=&#8220;cover&#8220;][vc_column][vc_empty_space height=&#8220;250px&#8220;][\/vc_column][\/vc_row][vc_row syp_button=&#8220;&#8220; el_class=&#8220;with_menu&#8220;][vc_column][vc_column_text]<\/p>\n<h2>Stellenangebote<\/h2>\n<p>[\/vc_column_text][vc_row_inner][vc_column_inner][vc_column_text]<\/p>\n<h4><span style=\"color: #ff0000;\"><a style=\"color: #ff0000;\" href=\"https:\/\/www.kwsuspensions.de\/unternehmen\/karriere\/event-manager-esports\">Eventmanager &#8211; Esports Management<\/a><\/span><\/h4>\n<p>&nbsp;<\/p>\n<h4><span style=\"color: #ff0000;\"><a style=\"color: #ff0000;\" href=\"https:\/\/www.sector3studios.com\/#jobs\">Jobs bei Sector3 Studios<\/a><\/span><\/h4>\n<p>[\/vc_column_text][\/vc_column_inner][\/vc_row_inner][\/vc_column][\/vc_row]<\/p>\n<\/div>","protected":false},"excerpt":{"rendered":"<p>[vc_row row_id=&#8220;kontaktformular&#8220; syp_button=&#8220;&#8220; el_class=&#8220;with_menu&#8220;][vc_column][vc_column_text] Kontaktformular [\/vc_column_text][vc_column_text][\/vc_column_text][\/vc_column][\/vc_row][vc_row full_width=&#8220;stretch_row&#8220; parallax=&#8220;parallax&#8220; type=&#8220;in_container_full_width_background&#8220; custom_bg=&#8220;2454&#8243; css=&#8220;.vc_custom_1434549023458{padding-top: 20px !important;padding-bottom: 20px !important;}&#8220; syp_button=&#8220;&#8220; custom_color_bg=&#8220;0,0,0,0.4&#8243; custom_bg_size=&#8220;cover&#8220;][vc_column][vc_empty_space height=&#8220;250px&#8220;][\/vc_column][\/vc_row][vc_row row_id=&#8220;support&#8220; [&hellip;]<\/p>\n","protected":false},"author":1,"featured_media":0,"parent":0,"menu_order":0,"comment_status":"closed","ping_status":"closed","template":"","meta":{"footnotes":""},"class_list":["post-182","page","type-page","status-publish","hentry"],"yoast_head":"<!-- This site is optimized with the Yoast SEO plugin v25.2 - https:\/\/yoast.com\/wordpress\/plugins\/seo\/ -->\n<title>Support - Raceroom.com<\/title>\n<meta name=\"robots\" content=\"index, follow, max-snippet:-1, max-image-preview:large, max-video-preview:-1\" \/>\n<link rel=\"canonical\" href=\"https:\/\/www.raceroom.com\/de\/support\/\" \/>\n<meta property=\"og:locale\" content=\"de_DE\" \/>\n<meta property=\"og:type\" content=\"article\" \/>\n<meta property=\"og:title\" content=\"Support - Raceroom.com\" \/>\n<meta property=\"og:description\" content=\"[vc_row row_id=&#8220;kontaktformular&#8220; syp_button=&#8220;&#8220; el_class=&#8220;with_menu&#8220;][vc_column][vc_column_text] Kontaktformular [\/vc_column_text][vc_column_text][\/vc_column_text][\/vc_column][\/vc_row][vc_row full_width=&#8220;stretch_row&#8220; parallax=&#8220;parallax&#8220; type=&#8220;in_container_full_width_background&#8220; custom_bg=&#8220;2454&#8243; css=&#8220;.vc_custom_1434549023458{padding-top: 20px !important;padding-bottom: 20px !important;}&#8220; syp_button=&#8220;&#8220; custom_color_bg=&#8220;0,0,0,0.4&#8243; custom_bg_size=&#8220;cover&#8220;][vc_column][vc_empty_space height=&#8220;250px&#8220;][\/vc_column][\/vc_row][vc_row row_id=&#8220;support&#8220; [&hellip;]\" \/>\n<meta property=\"og:url\" content=\"https:\/\/www.raceroom.com\/de\/support\/\" \/>\n<meta property=\"og:site_name\" content=\"Raceroom.com\" \/>\n<meta property=\"article:modified_time\" content=\"2022-01-11T14:37:39+00:00\" \/>\n<meta name=\"twitter:label1\" content=\"Gesch\u00e4tzte Lesezeit\" \/>\n\t<meta name=\"twitter:data1\" content=\"2\u00a0Minuten\" \/>\n<script type=\"application\/ld+json\" class=\"yoast-schema-graph\">{\"@context\":\"https:\/\/schema.org\",\"@graph\":[{\"@type\":\"WebPage\",\"@id\":\"https:\/\/www.raceroom.com\/de\/support\/\",\"url\":\"https:\/\/www.raceroom.com\/de\/support\/\",\"name\":\"Support - Raceroom.com\",\"isPartOf\":{\"@id\":\"https:\/\/www.raceroom.com\/de\/#website\"},\"datePublished\":\"2015-04-09T07:54:59+00:00\",\"dateModified\":\"2022-01-11T14:37:39+00:00\",\"breadcrumb\":{\"@id\":\"https:\/\/www.raceroom.com\/de\/support\/#breadcrumb\"},\"inLanguage\":\"de\",\"potentialAction\":[{\"@type\":\"ReadAction\",\"target\":[\"https:\/\/www.raceroom.com\/de\/support\/\"]}]},{\"@type\":\"BreadcrumbList\",\"@id\":\"https:\/\/www.raceroom.com\/de\/support\/#breadcrumb\",\"itemListElement\":[{\"@type\":\"ListItem\",\"position\":1,\"name\":\"Startseite\",\"item\":\"https:\/\/www.raceroom.com\/de\/\"},{\"@type\":\"ListItem\",\"position\":2,\"name\":\"Support\"}]},{\"@type\":\"WebSite\",\"@id\":\"https:\/\/www.raceroom.com\/de\/#website\",\"url\":\"https:\/\/www.raceroom.com\/de\/\",\"name\":\"Raceroom.com\",\"description\":\"RaceRoom Racing Experience\",\"potentialAction\":[{\"@type\":\"SearchAction\",\"target\":{\"@type\":\"EntryPoint\",\"urlTemplate\":\"https:\/\/www.raceroom.com\/de\/?s={search_term_string}\"},\"query-input\":{\"@type\":\"PropertyValueSpecification\",\"valueRequired\":true,\"valueName\":\"search_term_string\"}}],\"inLanguage\":\"de\"}]}<\/script>\n<!-- \/ Yoast SEO plugin. -->","yoast_head_json":{"title":"Support - Raceroom.com","robots":{"index":"index","follow":"follow","max-snippet":"max-snippet:-1","max-image-preview":"max-image-preview:large","max-video-preview":"max-video-preview:-1"},"canonical":"https:\/\/www.raceroom.com\/de\/support\/","og_locale":"de_DE","og_type":"article","og_title":"Support - Raceroom.com","og_description":"[vc_row row_id=&#8220;kontaktformular&#8220; syp_button=&#8220;&#8220; el_class=&#8220;with_menu&#8220;][vc_column][vc_column_text] Kontaktformular [\/vc_column_text][vc_column_text][\/vc_column_text][\/vc_column][\/vc_row][vc_row full_width=&#8220;stretch_row&#8220; parallax=&#8220;parallax&#8220; type=&#8220;in_container_full_width_background&#8220; custom_bg=&#8220;2454&#8243; css=&#8220;.vc_custom_1434549023458{padding-top: 20px !important;padding-bottom: 20px !important;}&#8220; syp_button=&#8220;&#8220; custom_color_bg=&#8220;0,0,0,0.4&#8243; custom_bg_size=&#8220;cover&#8220;][vc_column][vc_empty_space height=&#8220;250px&#8220;][\/vc_column][\/vc_row][vc_row row_id=&#8220;support&#8220; [&hellip;]","og_url":"https:\/\/www.raceroom.com\/de\/support\/","og_site_name":"Raceroom.com","article_modified_time":"2022-01-11T14:37:39+00:00","twitter_misc":{"Gesch\u00e4tzte Lesezeit":"2\u00a0Minuten"},"schema":{"@context":"https:\/\/schema.org","@graph":[{"@type":"WebPage","@id":"https:\/\/www.raceroom.com\/de\/support\/","url":"https:\/\/www.raceroom.com\/de\/support\/","name":"Support - Raceroom.com","isPartOf":{"@id":"https:\/\/www.raceroom.com\/de\/#website"},"datePublished":"2015-04-09T07:54:59+00:00","dateModified":"2022-01-11T14:37:39+00:00","breadcrumb":{"@id":"https:\/\/www.raceroom.com\/de\/support\/#breadcrumb"},"inLanguage":"de","potentialAction":[{"@type":"ReadAction","target":["https:\/\/www.raceroom.com\/de\/support\/"]}]},{"@type":"BreadcrumbList","@id":"https:\/\/www.raceroom.com\/de\/support\/#breadcrumb","itemListElement":[{"@type":"ListItem","position":1,"name":"Startseite","item":"https:\/\/www.raceroom.com\/de\/"},{"@type":"ListItem","position":2,"name":"Support"}]},{"@type":"WebSite","@id":"https:\/\/www.raceroom.com\/de\/#website","url":"https:\/\/www.raceroom.com\/de\/","name":"Raceroom.com","description":"RaceRoom Racing Experience","potentialAction":[{"@type":"SearchAction","target":{"@type":"EntryPoint","urlTemplate":"https:\/\/www.raceroom.com\/de\/?s={search_term_string}"},"query-input":{"@type":"PropertyValueSpecification","valueRequired":true,"valueName":"search_term_string"}}],"inLanguage":"de"}]}},"_links":{"self":[{"href":"https:\/\/www.raceroom.com\/de\/wp-json\/wp\/v2\/pages\/182","targetHints":{"allow":["GET"]}}],"collection":[{"href":"https:\/\/www.raceroom.com\/de\/wp-json\/wp\/v2\/pages"}],"about":[{"href":"https:\/\/www.raceroom.com\/de\/wp-json\/wp\/v2\/types\/page"}],"author":[{"embeddable":true,"href":"https:\/\/www.raceroom.com\/de\/wp-json\/wp\/v2\/users\/1"}],"replies":[{"embeddable":true,"href":"https:\/\/www.raceroom.com\/de\/wp-json\/wp\/v2\/comments?post=182"}],"version-history":[{"count":0,"href":"https:\/\/www.raceroom.com\/de\/wp-json\/wp\/v2\/pages\/182\/revisions"}],"wp:attachment":[{"href":"https:\/\/www.raceroom.com\/de\/wp-json\/wp\/v2\/media?parent=182"}],"curies":[{"name":"wp","href":"https:\/\/api.w.org\/{rel}","templated":true}]}}