{"id":170,"date":"2015-04-09T07:49:25","date_gmt":"2015-04-09T07:49:25","guid":{"rendered":"http:\/\/malta1097.startdedicated.de\/?page_id=170"},"modified":"2019-01-07T16:02:41","modified_gmt":"2019-01-07T16:02:41","slug":"community","status":"publish","type":"page","link":"https:\/\/www.raceroom.com\/de\/community\/","title":{"rendered":"Community"},"content":{"rendered":"<div class=\"wpb-content-wrapper\"><p>[vc_row css=&#8220;.vc_custom_1437729897872{padding-top: 40px !important;padding-bottom: 40px !important;}&#8220; row_id=&#8220;intro&#8220; type=&#8220;in_container&#8220; browserheight=&#8220;&#8220; parallax=&#8220;no_parallax&#8220; syp_button=&#8220;&#8220; el_class=&#8220;with_menu&#8220;][vc_column width=&#8220;1\/1&#8243;][vc_row_inner][vc_column_inner width=&#8220;1\/3&#8243;][vc_column_text]<div class=\"youtube_channel ytc_wall_1-6 responsive ytc_display_thumbnail\">Oops, something went wrong.<\/div><!-- .youtube_channel --><div class=\"clearfix\"><\/div>\n<p>[\/vc_column_text][\/vc_column_inner][vc_column_inner width=&#8220;2\/3&#8243;][vc_empty_space height=&#8220;32px&#8220;][vc_column_text]<\/p>\n<h2>Starte deine Motorsport-Karriere in der R3E\u00a0Community!<\/h2>\n<h2><\/h2>\n<p>&nbsp;<\/p>\n<blockquote><p>Die RaceRoom Community ist der zentrale Anlaufpunkt f\u00fcr alle rennsportbegeisterten R3E User weltweit und die Br\u00fccke vom virtuellen zum realen Motorsport. Als Mitglied der R3E Community kannst du zahlreiche Vorteile nutzen und dich hervorragend mit Motorsport-Enthusiasten, Sim-Racern, echten Rennfahren vernetzen.<\/p><\/blockquote>\n<p>[\/vc_column_text][\/vc_column_inner][\/vc_row_inner][\/vc_column][\/vc_row][vc_row css=&#8220;.vc_custom_1445950741161{padding-top: 20px !important;padding-bottom: 20px !important;}&#8220; type=&#8220;in_container_full_width_background&#8220; browserheight=&#8220;&#8220; parallax=&#8220;parallax&#8220; syp_button=&#8220;&#8220; custom_bg=&#8220;4101&#8243; custom_color_bg=&#8220;0,0,0,0.4&#8243; full_width=&#8220;stretch_row&#8220; custom_bg_size=&#8220;cover&#8220;][vc_column width=&#8220;1\/1&#8243;][vc_empty_space height=&#8220;250px&#8220;][\/vc_column][\/vc_row][vc_row][vc_column width=&#8220;1\/1&#8243;][vc_empty_space height=&#8220;32px&#8220;][\/vc_column][\/vc_row][vc_row row_id=&#8220;user_profil&#8220; type=&#8220;in_container&#8220; browserheight=&#8220;&#8220; parallax=&#8220;no_parallax&#8220; syp_button=&#8220;&#8220; el_class=&#8220;with_menu&#8220;][vc_column width=&#8220;1\/1&#8243;][vc_row_inner][vc_column_inner width=&#8220;1\/2&#8243;][vc_single_image image=&#8220;1817&#8243; border_color=&#8220;grey&#8220; img_link_large=&#8220;&#8220; img_link_target=&#8220;_self&#8220; img_size=&#8220;full&#8220;][\/vc_column_inner][vc_column_inner width=&#8220;1\/2&#8243;][vc_column_text]<\/p>\n<h2>User Profil<\/h2>\n<p>&nbsp;<\/p>\n<h4><strong>Gestalte dein eigenes Userprofil<\/strong><\/h4>\n<p>&nbsp;<\/p>\n<p>Das Userprofil ist dein Einstieg in eine der gr\u00f6\u00dften virtuelle Motorsport Communitys. Hier findest du nicht nur deine Statistiken und Erfolge, sondern kannst dir \u00fcber die Funktion \u201esubscribe\u201c auch Neuigkeiten aus der Motorsportwelt direkt anzeigen lassen.<\/p>\n<p>&nbsp;<\/p>\n<p>Der Newsfeed h\u00e4lt dich stets auf dem laufenden Stand \u00fcber die Aktivit\u00e4ten deiner Freunde, der echten Rennfahrer und der Partner denen du folgen m\u00f6chtest\u2013 dabei bestimmst ganz allein du, welche Infos du empfangen m\u00f6chtest.<\/p>\n<p>&nbsp;<\/p>\n<ul>\n<li>Dir stehen zahlreiche M\u00f6glichkeiten zur personalisierung deines Profils zur Verf\u00fcgung \u2013 w\u00e4hle aus kostenlosen Bannern und gestalte dein Userprofil ganz nach deinen Vorstellungen<\/li>\n<li>Schlie\u00dfe Freundschaften mit anderen Usern und sehe sofort, wer online ist und auf welchem Multiplayer Server deine Freunde gerade an einem Rennen teilnehmen. Trete den markierten Servern direkt bei oder fordere deine Freunde zu einer Challenge auf.<\/li>\n<li>Erstelle, bearbeite und teile nach Rennen deine Screenshots oder auch Replays direkt von der Rennstrecke<\/li>\n<\/ul>\n<p>&nbsp;<\/p>\n<p>&nbsp;<\/p>\n<blockquote><p><strong>Sehe wenn deine Freunde oder echte Rennfahrer an einer Competition teilnehmen.<\/strong><\/p>\n<p><strong>Verfolge die neuesten Spielentwicklungen und Angebote.<\/strong><\/p><\/blockquote>\n<p>[\/vc_column_text][\/vc_column_inner][\/vc_row_inner][\/vc_column][\/vc_row][vc_row css=&#8220;.vc_custom_1434379570233{padding-top: 20px !important;padding-bottom: 20px !important;}&#8220; type=&#8220;in_container_full_width_background&#8220; browserheight=&#8220;&#8220; parallax=&#8220;parallax&#8220; syp_button=&#8220;&#8220; custom_bg=&#8220;1950&#8243; custom_color_bg=&#8220;0,0,0,0.4&#8243; full_width=&#8220;stretch_row&#8220; custom_bg_size=&#8220;cover&#8220;][vc_column width=&#8220;1\/1&#8243;][vc_empty_space height=&#8220;250px&#8220;][\/vc_column][\/vc_row][vc_row][vc_column width=&#8220;1\/1&#8243;][vc_empty_space height=&#8220;32px&#8220;][\/vc_column][\/vc_row][vc_row row_id=&#8220;vip_driver&#8220; type=&#8220;in_container&#8220; browserheight=&#8220;&#8220; parallax=&#8220;no_parallax&#8220; syp_button=&#8220;&#8220; el_class=&#8220;with_menu&#8220;][vc_column width=&#8220;1\/1&#8243;][vc_row_inner][vc_column_inner width=&#8220;1\/2&#8243;][vc_single_image image=&#8220;1819&#8243; border_color=&#8220;grey&#8220; img_link_large=&#8220;&#8220; img_link_target=&#8220;_self&#8220; img_size=&#8220;full&#8220;][\/vc_column_inner][vc_column_inner width=&#8220;1\/2&#8243;][vc_column_text]<\/p>\n<h2>Vip Driver Profil<\/h2>\n<p>&nbsp;<\/p>\n<h4><strong>Vernetze dich mit den Profis.<\/strong><\/h4>\n<p>VIP-Driver Profile sind ausschlie\u00dflich professionellen Rennfahrern vorbehalten. Durch die besondere Kennzeichnung mit einem goldenen Icon sind sie f\u00fcr dich deutlich erkennbar und von RaceRoom verifiziert.<\/p>\n<p>&nbsp;<\/p>\n<p>Abonniere die Inhalte der Profi-Rennfahrer und sehe wann sie online sind. Fordere sie zu einem zu einem Multiplayer-Rennen heraus oder schlage ihrer Zeit in den Leaderboards.<\/p>\n<p>&nbsp;<\/p>\n<blockquote><p>&#8222;Es macht es einfach Spa\u00df\u00a0online ein paar Rennen zu fahren und gegen andere Spieler anzutreten. Au\u00dferdem ist das Spiel ziemlich realistisch. Wir fahren auf denselben Strecken in einem \u00e4hnlichen Fahrzeug. F\u00fcr ein Computerspiel ist es so realit\u00e4tsnah wie DTM-fahren am Computer nur sein kann.&#8220;<\/p>\n<p><strong>Gary Paffett<\/strong><\/p>\n<p><strong>DTM-Rennfahrer \/ Team: EURONICS Mercedes AMG<\/strong><\/p>\n<p><strong><a href=\"http:\/\/game.raceroom.com\/de\/vip-drivers\/\" target=\"_blank\" rel=\"noopener\">Weitere R3E VIP-Driver<\/a><\/strong><\/p><\/blockquote>\n<p>&nbsp;<\/p>\n<p><strong>Du bist Profi-Rennfahrer und m\u00f6chtest dein eigens VIP-Profil? Dann schreib uns \u00fcber das <a href=\"https:\/\/www.raceroom.com\/de\/support\/#kontaktformular\" target=\"_blank\" rel=\"noopener\">Kontaktformular<\/a> (Betreff: VIP-Profil) und wir nehmen Kontakt mit dir auf.<\/strong><\/p>\n<ul>\n<li>VIP Profile sind, wie regul\u00e4re User-Profile, kostenlos und verbinden dich mit unserer weltweiten Community aus Motorsport-Begeisterten.<\/li>\n<li>Die Gestaltung deines Profils \u00fcbernehmen wir und alle Inhalte werden gemeinsam mit dir abgestimmt. Banner aus deinem Profil promoten deine Partner und Sponsoren.<\/li>\n<li>Lade deine Fans ein sich zusammen mit dir auf die Rennstrecke zu begeben und gegen dich anzutreten \u2013 teile deine Leidenschaft direkt mit deinen Fans weltweit!<\/li>\n<li>Deine Follower k\u00f6nnen dein VIP-Profil abonnieren und erhalten deine News aus den sozialen Medien direkt in ihren eigenen Newsfeed.<\/li>\n<\/ul>\n<p>[\/vc_column_text][\/vc_column_inner][\/vc_row_inner][\/vc_column][\/vc_row][vc_row css=&#8220;.vc_custom_1434380548220{padding-top: 20px !important;padding-bottom: 20px !important;}&#8220; type=&#8220;in_container_full_width_background&#8220; browserheight=&#8220;&#8220; parallax=&#8220;parallax&#8220; syp_button=&#8220;&#8220; custom_bg=&#8220;1961&#8243; custom_color_bg=&#8220;0,0,0,0.4&#8243; full_width=&#8220;stretch_row&#8220; custom_bg_size=&#8220;cover&#8220;][vc_column width=&#8220;1\/1&#8243;][vc_empty_space height=&#8220;250px&#8220;][\/vc_column][\/vc_row][vc_row][vc_column width=&#8220;1\/1&#8243;][vc_empty_space height=&#8220;32px&#8220;][\/vc_column][\/vc_row][vc_row row_id=&#8220;partner&#8220; type=&#8220;in_container&#8220; browserheight=&#8220;&#8220; parallax=&#8220;no_parallax&#8220; syp_button=&#8220;&#8220; el_class=&#8220;with_menu&#8220;][vc_column width=&#8220;1\/1&#8243;][vc_row_inner][vc_column_inner width=&#8220;1\/2&#8243;][vc_single_image image=&#8220;1820&#8243; border_color=&#8220;grey&#8220; img_link_large=&#8220;&#8220; img_link_target=&#8220;_self&#8220; img_size=&#8220;full&#8220;][\/vc_column_inner][vc_column_inner width=&#8220;1\/2&#8243;][vc_column_text]<\/p>\n<h2>Partner Profil<\/h2>\n<p>&nbsp;<\/p>\n<h4><\/h4>\n<h4><strong>Exklusive Branchennews f\u00fcr Motorsportfans.<\/strong><\/h4>\n<p>International bekannte Rennserien, f\u00fchrende Automobilhersteller, Rennsport-Teams, High-end Racing Hardware Hersteller und viele weitere Unternehmen geh\u00f6ren zu unseren <a href=\"http:\/\/game.raceroom.com\/de\/partners\/\" target=\"_blank\" rel=\"noopener\"><strong><u>Partnern<\/u><\/strong>.<\/a><\/p>\n<p>&nbsp;<\/p>\n<ul>\n<li>Bleibe immer auf dem Laufenden \u2013 mit aktuellen News direkt aus dem Umfeld des Motorsport<\/li>\n<li>Entdecke spannende Galerien, Videos und weitere interessante Informationen der Partner<\/li>\n<li>Starte bei den Partnerwettbewerben &#8211; spannende Aktionen warten auf dich!<\/li>\n<\/ul>\n<p>&nbsp;<\/p>\n<blockquote><p><strong>Abonniere deine Favoriten und erhalte News und Angebote direkt als News Feed in dein Userprofil.<\/strong><\/p><\/blockquote>\n<p>[\/vc_column_text][\/vc_column_inner][\/vc_row_inner][\/vc_column][\/vc_row]<\/p>\n<\/div>","protected":false},"excerpt":{"rendered":"<p>[vc_row css=&#8220;.vc_custom_1437729897872{padding-top: 40px !important;padding-bottom: 40px !important;}&#8220; row_id=&#8220;intro&#8220; type=&#8220;in_container&#8220; browserheight=&#8220;&#8220; parallax=&#8220;no_parallax&#8220; syp_button=&#8220;&#8220; el_class=&#8220;with_menu&#8220;][vc_column width=&#8220;1\/1&#8243;][vc_row_inner][vc_column_inner width=&#8220;1\/3&#8243;][vc_column_text] [\/vc_column_text][\/vc_column_inner][vc_column_inner width=&#8220;2\/3&#8243;][vc_empty_space height=&#8220;32px&#8220;][vc_column_text] Starte deine Motorsport-Karriere [&hellip;]<\/p>\n","protected":false},"author":1,"featured_media":0,"parent":0,"menu_order":0,"comment_status":"closed","ping_status":"closed","template":"","meta":{"footnotes":""},"class_list":["post-170","page","type-page","status-publish","hentry"],"yoast_head":"<!-- This site is optimized with the Yoast SEO plugin v25.2 - https:\/\/yoast.com\/wordpress\/plugins\/seo\/ -->\n<title>Community - Raceroom.com<\/title>\n<meta name=\"robots\" content=\"index, follow, max-snippet:-1, max-image-preview:large, max-video-preview:-1\" \/>\n<link rel=\"canonical\" href=\"https:\/\/www.raceroom.com\/de\/community\/\" \/>\n<meta property=\"og:locale\" content=\"de_DE\" \/>\n<meta property=\"og:type\" content=\"article\" \/>\n<meta property=\"og:title\" content=\"Community - Raceroom.com\" \/>\n<meta property=\"og:description\" content=\"[vc_row css=&#8220;.vc_custom_1437729897872{padding-top: 40px !important;padding-bottom: 40px !important;}&#8220; row_id=&#8220;intro&#8220; type=&#8220;in_container&#8220; browserheight=&#8220;&#8220; parallax=&#8220;no_parallax&#8220; syp_button=&#8220;&#8220; el_class=&#8220;with_menu&#8220;][vc_column width=&#8220;1\/1&#8243;][vc_row_inner][vc_column_inner width=&#8220;1\/3&#8243;][vc_column_text] [\/vc_column_text][\/vc_column_inner][vc_column_inner width=&#8220;2\/3&#8243;][vc_empty_space height=&#8220;32px&#8220;][vc_column_text] Starte deine Motorsport-Karriere [&hellip;]\" \/>\n<meta property=\"og:url\" content=\"https:\/\/www.raceroom.com\/de\/community\/\" \/>\n<meta property=\"og:site_name\" content=\"Raceroom.com\" \/>\n<meta property=\"article:modified_time\" content=\"2019-01-07T16:02:41+00:00\" \/>\n<meta name=\"twitter:label1\" content=\"Gesch\u00e4tzte Lesezeit\" \/>\n\t<meta name=\"twitter:data1\" content=\"5\u00a0Minuten\" \/>\n<script type=\"application\/ld+json\" class=\"yoast-schema-graph\">{\"@context\":\"https:\/\/schema.org\",\"@graph\":[{\"@type\":\"WebPage\",\"@id\":\"https:\/\/www.raceroom.com\/de\/community\/\",\"url\":\"https:\/\/www.raceroom.com\/de\/community\/\",\"name\":\"Community - Raceroom.com\",\"isPartOf\":{\"@id\":\"https:\/\/www.raceroom.com\/de\/#website\"},\"datePublished\":\"2015-04-09T07:49:25+00:00\",\"dateModified\":\"2019-01-07T16:02:41+00:00\",\"breadcrumb\":{\"@id\":\"https:\/\/www.raceroom.com\/de\/community\/#breadcrumb\"},\"inLanguage\":\"de\",\"potentialAction\":[{\"@type\":\"ReadAction\",\"target\":[\"https:\/\/www.raceroom.com\/de\/community\/\"]}]},{\"@type\":\"BreadcrumbList\",\"@id\":\"https:\/\/www.raceroom.com\/de\/community\/#breadcrumb\",\"itemListElement\":[{\"@type\":\"ListItem\",\"position\":1,\"name\":\"Startseite\",\"item\":\"https:\/\/www.raceroom.com\/de\/\"},{\"@type\":\"ListItem\",\"position\":2,\"name\":\"Community\"}]},{\"@type\":\"WebSite\",\"@id\":\"https:\/\/www.raceroom.com\/de\/#website\",\"url\":\"https:\/\/www.raceroom.com\/de\/\",\"name\":\"Raceroom.com\",\"description\":\"RaceRoom Racing Experience\",\"potentialAction\":[{\"@type\":\"SearchAction\",\"target\":{\"@type\":\"EntryPoint\",\"urlTemplate\":\"https:\/\/www.raceroom.com\/de\/?s={search_term_string}\"},\"query-input\":{\"@type\":\"PropertyValueSpecification\",\"valueRequired\":true,\"valueName\":\"search_term_string\"}}],\"inLanguage\":\"de\"}]}<\/script>\n<!-- \/ Yoast SEO plugin. -->","yoast_head_json":{"title":"Community - Raceroom.com","robots":{"index":"index","follow":"follow","max-snippet":"max-snippet:-1","max-image-preview":"max-image-preview:large","max-video-preview":"max-video-preview:-1"},"canonical":"https:\/\/www.raceroom.com\/de\/community\/","og_locale":"de_DE","og_type":"article","og_title":"Community - Raceroom.com","og_description":"[vc_row css=&#8220;.vc_custom_1437729897872{padding-top: 40px !important;padding-bottom: 40px !important;}&#8220; row_id=&#8220;intro&#8220; type=&#8220;in_container&#8220; browserheight=&#8220;&#8220; parallax=&#8220;no_parallax&#8220; syp_button=&#8220;&#8220; el_class=&#8220;with_menu&#8220;][vc_column width=&#8220;1\/1&#8243;][vc_row_inner][vc_column_inner width=&#8220;1\/3&#8243;][vc_column_text] [\/vc_column_text][\/vc_column_inner][vc_column_inner width=&#8220;2\/3&#8243;][vc_empty_space height=&#8220;32px&#8220;][vc_column_text] Starte deine Motorsport-Karriere [&hellip;]","og_url":"https:\/\/www.raceroom.com\/de\/community\/","og_site_name":"Raceroom.com","article_modified_time":"2019-01-07T16:02:41+00:00","twitter_misc":{"Gesch\u00e4tzte Lesezeit":"5\u00a0Minuten"},"schema":{"@context":"https:\/\/schema.org","@graph":[{"@type":"WebPage","@id":"https:\/\/www.raceroom.com\/de\/community\/","url":"https:\/\/www.raceroom.com\/de\/community\/","name":"Community - Raceroom.com","isPartOf":{"@id":"https:\/\/www.raceroom.com\/de\/#website"},"datePublished":"2015-04-09T07:49:25+00:00","dateModified":"2019-01-07T16:02:41+00:00","breadcrumb":{"@id":"https:\/\/www.raceroom.com\/de\/community\/#breadcrumb"},"inLanguage":"de","potentialAction":[{"@type":"ReadAction","target":["https:\/\/www.raceroom.com\/de\/community\/"]}]},{"@type":"BreadcrumbList","@id":"https:\/\/www.raceroom.com\/de\/community\/#breadcrumb","itemListElement":[{"@type":"ListItem","position":1,"name":"Startseite","item":"https:\/\/www.raceroom.com\/de\/"},{"@type":"ListItem","position":2,"name":"Community"}]},{"@type":"WebSite","@id":"https:\/\/www.raceroom.com\/de\/#website","url":"https:\/\/www.raceroom.com\/de\/","name":"Raceroom.com","description":"RaceRoom Racing Experience","potentialAction":[{"@type":"SearchAction","target":{"@type":"EntryPoint","urlTemplate":"https:\/\/www.raceroom.com\/de\/?s={search_term_string}"},"query-input":{"@type":"PropertyValueSpecification","valueRequired":true,"valueName":"search_term_string"}}],"inLanguage":"de"}]}},"_links":{"self":[{"href":"https:\/\/www.raceroom.com\/de\/wp-json\/wp\/v2\/pages\/170","targetHints":{"allow":["GET"]}}],"collection":[{"href":"https:\/\/www.raceroom.com\/de\/wp-json\/wp\/v2\/pages"}],"about":[{"href":"https:\/\/www.raceroom.com\/de\/wp-json\/wp\/v2\/types\/page"}],"author":[{"embeddable":true,"href":"https:\/\/www.raceroom.com\/de\/wp-json\/wp\/v2\/users\/1"}],"replies":[{"embeddable":true,"href":"https:\/\/www.raceroom.com\/de\/wp-json\/wp\/v2\/comments?post=170"}],"version-history":[{"count":0,"href":"https:\/\/www.raceroom.com\/de\/wp-json\/wp\/v2\/pages\/170\/revisions"}],"wp:attachment":[{"href":"https:\/\/www.raceroom.com\/de\/wp-json\/wp\/v2\/media?parent=170"}],"curies":[{"name":"wp","href":"https:\/\/api.w.org\/{rel}","templated":true}]}}